{"id":13652,"date":"2020-05-24T13:29:21","date_gmt":"2020-05-24T12:29:21","guid":{"rendered":"https:\/\/seayou.com\/bateau-ouvert-enzo\/"},"modified":"2024-07-03T19:34:17","modified_gmt":"2024-07-03T18:34:17","slug":"bateau-ouvert-enzo","status":"publish","type":"page","link":"https:\/\/seayou.com\/fr\/bateau-ouvert-enzo\/","title":{"rendered":"Bateau ouvert Enzo"},"content":{"rendered":"\t\t<div data-elementor-type=\"wp-page\" data-elementor-id=\"13652\" class=\"elementor elementor-13652 elementor-1290\" data-elementor-post-type=\"page\">\n\t\t\t\t\t\t<section class=\"elementor-section elementor-top-section elementor-element elementor-element-d336700 elementor-section-boxed elementor-section-height-default elementor-section-height-default\" data-id=\"d336700\" data-element_type=\"section\" data-e-type=\"section\">\n\t\t\t\t\t\t<div class=\"elementor-container elementor-column-gap-default\">\n\t\t\t\t\t<div class=\"aux-parallax-section elementor-column elementor-col-100 elementor-top-column elementor-element elementor-element-61efca8\" data-id=\"61efca8\" data-element_type=\"column\" data-e-type=\"column\">\n\t\t\t<div class=\"elementor-widget-wrap elementor-element-populated\">\n\t\t\t\t\t\t<div class=\"elementor-element elementor-element-27eb902 elementor-widget elementor-widget-heading\" data-id=\"27eb902\" data-element_type=\"widget\" data-e-type=\"widget\" data-widget_type=\"heading.default\">\n\t\t\t\t<div class=\"elementor-widget-container\">\n\t\t\t\t\t<h1 class=\"elementor-heading-title elementor-size-default\">Tour priv\u00e9 en bateau ouvert<\/h1>\t\t\t\t<\/div>\n\t\t\t\t<\/div>\n\t\t\t\t\t<\/div>\n\t\t<\/div>\n\t\t\t\t\t<\/div>\n\t\t<\/section>\n\t\t\t\t<section class=\"elementor-section elementor-top-section elementor-element elementor-element-7c454e2 elementor-section-full_width elementor-section-height-default elementor-section-height-default\" data-id=\"7c454e2\" data-element_type=\"section\" data-e-type=\"section\">\n\t\t\t\t\t\t<div class=\"elementor-container elementor-column-gap-default\">\n\t\t\t\t\t<div class=\"aux-parallax-section elementor-column elementor-col-100 elementor-top-column elementor-element elementor-element-ca73239\" data-id=\"ca73239\" data-element_type=\"column\" data-e-type=\"column\">\n\t\t\t<div class=\"elementor-widget-wrap elementor-element-populated\">\n\t\t\t\t\t\t<section class=\"elementor-section elementor-inner-section elementor-element elementor-element-62a6387 elementor-section-full_width elementor-section-height-default elementor-section-height-default\" data-id=\"62a6387\" data-element_type=\"section\" data-e-type=\"section\">\n\t\t\t\t\t\t<div class=\"elementor-container elementor-column-gap-default\">\n\t\t\t\t\t<div class=\"aux-parallax-section elementor-column elementor-col-50 elementor-inner-column elementor-element elementor-element-a44914f\" data-id=\"a44914f\" data-element_type=\"column\" data-e-type=\"column\">\n\t\t\t<div class=\"elementor-widget-wrap elementor-element-populated\">\n\t\t\t\t\t\t<div class=\"elementor-element elementor-element-2df251a elementor-widget__width-inherit elementor-widget elementor-widget-image\" data-id=\"2df251a\" data-element_type=\"widget\" data-e-type=\"widget\" data-widget_type=\"image.default\">\n\t\t\t\t<div class=\"elementor-widget-container\">\n\t\t\t\t\t\t\t\t\t\t\t\t\t\t\t<img fetchpriority=\"high\" decoding=\"async\" width=\"768\" height=\"768\" src=\"https:\/\/seayou.com\/wp-content\/uploads\/2023\/05\/Seayou-095-768x768.jpg\" class=\"attachment-medium_large size-medium_large wp-image-13665\" alt=\"\" srcset=\"https:\/\/seayou.com\/wp-content\/uploads\/2023\/05\/Seayou-095-768x768.jpg 768w, https:\/\/seayou.com\/wp-content\/uploads\/2023\/05\/Seayou-095-300x300.jpg 300w, https:\/\/seayou.com\/wp-content\/uploads\/2023\/05\/Seayou-095-1024x1024.jpg 1024w, https:\/\/seayou.com\/wp-content\/uploads\/2023\/05\/Seayou-095-150x150.jpg 150w\" sizes=\"(max-width: 768px) 100vw, 768px\" title=\"\">\t\t\t\t\t\t\t\t\t\t\t\t\t\t\t<\/div>\n\t\t\t\t<\/div>\n\t\t\t\t\t<\/div>\n\t\t<\/div>\n\t\t\t\t<div class=\"aux-parallax-section elementor-column elementor-col-50 elementor-inner-column elementor-element elementor-element-c8f6736\" data-id=\"c8f6736\" data-element_type=\"column\" data-e-type=\"column\">\n\t\t\t<div class=\"elementor-widget-wrap elementor-element-populated\">\n\t\t\t\t\t\t<div class=\"elementor-element elementor-element-fcdfbea elementor-widget elementor-widget-aux_modern_heading\" data-id=\"fcdfbea\" data-element_type=\"widget\" data-e-type=\"widget\" data-widget_type=\"aux_modern_heading.default\">\n\t\t\t\t<div class=\"elementor-widget-container\">\n\t\t\t\t\t<section class=\"aux-widget-modern-heading\">\n            <div class=\"aux-widget-inner\"><h2 class=\"aux-modern-heading-primary\">Bateau Enzo 35<\/h2><div class=\"aux-modern-heading-divider\"><\/div><\/div>\n        <\/section>\t\t\t\t<\/div>\n\t\t\t\t<\/div>\n\t\t\t\t<div class=\"elementor-element elementor-element-26683e2 elementor-widget elementor-widget-aux_icon_list\" data-id=\"26683e2\" data-element_type=\"widget\" data-e-type=\"widget\" data-widget_type=\"aux_icon_list.default\">\n\t\t\t\t<div class=\"elementor-widget-container\">\n\t\t\t\t\t<section class=\"widget-container aux-widget-icon-list aux-parent-au80b28265\"><div class=\"widget-inner\"><div class=\"aux-widget-icon-list-inner\"><ul class=\"aux-icon-list-items aux-direction-vertical\"><li class=\"aux-icon-list-item aux-list-item-has-icon aux-icon-list-item-39db7fb elementor-repeater-item-39db7fb\"><i aria-hidden=\"true\" class=\"aux-icon-list-icon auxicon2 auxicon2-code-working\"><\/i><span class=\"aux-icon-list-text\">10.6m<\/span><\/li><li class=\"aux-icon-list-item aux-list-item-has-icon aux-icon-list-item-0f8feb1 elementor-repeater-item-0f8feb1\"><i aria-hidden=\"true\" class=\"aux-icon-list-icon auxicon auxicon-man-people-streamline-user\"><\/i><span class=\"aux-icon-list-text\">12<\/span><\/li><li class=\"aux-icon-list-item aux-list-item-has-icon aux-icon-list-item-e15b89e elementor-repeater-item-e15b89e\"><i aria-hidden=\"true\" class=\"aux-icon-list-icon auxicon auxicon-dashboard-speed-streamline\"><\/i><span class=\"aux-icon-list-text\">418 CV<\/span><\/li><li class=\"aux-icon-list-item aux-list-item-has-icon aux-icon-list-item-6db2d40 elementor-repeater-item-6db2d40\"><i aria-hidden=\"true\" class=\"aux-icon-list-icon far fa-calendar-alt\"><\/i><span class=\"aux-icon-list-text\">2019<\/span><\/li><\/ul><\/div><\/div><\/section><!-- widget-container -->\t\t\t\t<\/div>\n\t\t\t\t<\/div>\n\t\t\t\t<div class=\"elementor-element elementor-element-52086b9 elementor-widget elementor-widget-text-editor\" data-id=\"52086b9\" data-element_type=\"widget\" data-e-type=\"widget\" data-widget_type=\"text-editor.default\">\n\t\t\t\t<div class=\"elementor-widget-container\">\n\t\t\t\t\t\t\t\t\t<p style=\"text-align: center;\"><span style=\"color: #eb6a05;\">PRIX:<\/span><\/p>\n<p style=\"text-align: center;\"><span style=\"color: #00a5c9;\">Haute saison (01 juin \u2013 31 ao\u00fbt) &#8211;<\/span> <span style=\"color: #eb6a05;\">1050\u20ac \/ jour + carburant<\/span><\/p>\n<p style=\"text-align: center;\"><span style=\"color: #00a5c9;\"> Basse saison &#8211;<\/span> <span style=\"color: #eb6a05;\">950\u20ac \/ jour + carburant<\/span><\/p>\n\t\t\t\t\t\t\t\t<\/div>\n\t\t\t\t<\/div>\n\t\t\t\t<div class=\"elementor-element elementor-element-bd241d7 elementor-align-center elementor-widget elementor-widget-button\" data-id=\"bd241d7\" data-element_type=\"widget\" data-e-type=\"widget\" data-widget_type=\"button.default\">\n\t\t\t\t<div class=\"elementor-widget-container\">\n\t\t\t\t\t\t\t\t\t<div class=\"elementor-button-wrapper\">\n\t\t\t\t\t<a class=\"elementor-button elementor-size-sm\" role=\"button\">\n\t\t\t\t\t\t<span class=\"elementor-button-content-wrapper\">\n\t\t\t\t\t\t\t\t\t<span class=\"elementor-button-text\"><div class=\"load-turitop\" data-service=\"P12\" data-embed=\"button\">R\u00e9servez votre visite<\/div><\/span>\n\t\t\t\t\t<\/span>\n\t\t\t\t\t<\/a>\n\t\t\t\t<\/div>\n\t\t\t\t\t\t\t\t<\/div>\n\t\t\t\t<\/div>\n\t\t\t\t\t<\/div>\n\t\t<\/div>\n\t\t\t\t\t<\/div>\n\t\t<\/section>\n\t\t\t\t<div class=\"elementor-element elementor-element-4e3b15b elementor-widget elementor-widget-text-editor\" data-id=\"4e3b15b\" data-element_type=\"widget\" data-e-type=\"widget\" data-widget_type=\"text-editor.default\">\n\t\t\t\t<div class=\"elementor-widget-container\">\n\t\t\t\t\t\t\t\t\t<p><span style=\"font-weight: 400;\">Le<\/span> <b>design innovant et brillant de notre nouvel Enzo 35<\/b> <span style=\"font-weight: 400;\">est parfaitement adapt\u00e9 \u00e0 ceux qui souhaitent une<\/span> <b>balade paisible mais excitante <\/b> <span style=\"font-weight: 400;\"> lors d&rsquo;un tour priv\u00e9 en bateau ouvert<\/span>.<\/p>\n<p><span style=\"font-weight: 400;\">Construit en<\/span> <b> 2019,<\/b> <span style=\"font-weight: 400;\">ce bateau ouvert<\/span> <b>est id\u00e9al pour les familles et les groupes d&rsquo;amis<\/b> <span style=\"font-weight: 400;\">et dispose de tout ce dont vous avez besoin pour une navigation s\u00fbre et confortable.<\/span> <\/p>\n<p><span style=\"font-weight: 400;\">\u00c9quip\u00e9 de<\/span> <b>GPS, des \u00e9quipements de s\u00e9curit\u00e9, du Wi-Fi, d&rsquo;une toilette et d&rsquo;une douche<\/b>, <span style=\"font-weight: 400;\">le bateau dispose \u00e9galement <\/span> <b>d&rsquo;un toit rigide pour la protection solaire<\/b> <span style=\"font-weight: 400;\">ainsi que<\/span> <b>d&rsquo;un bain de soleil confortable avec coussins<\/b> <span style=\"font-weight: 400;\"> pour vous asseoir ou vous allonger pendant que vous traversez la mer Adriatique, propuls\u00e9 par le puissant<\/span> <b>moteur de 418 cv<\/b><span style=\"font-weight: 400;\">.<\/span> <b>La protection contre les \u00e9claboussures lat\u00e9rales<\/b> <span style=\"font-weight: 400;\">gardera vos affaires au sec et en s\u00e9curit\u00e9 face aux vagues de la mer ouverte. <\/span> <\/p>\n<p><span style=\"font-weight: 400;\">Apportez tout ce dont vous pourriez avoir besoin et profitez de l&rsquo;atmosph\u00e8re en chevauchant les vagues avec <\/span> <b>deux membres d&rsquo;\u00e9quipage exp\u00e9riment\u00e9s<\/b> <span style=\"font-weight: 400;\">qui vous accompagneront toute la journ\u00e9e, vous permettant de vous d\u00e9tendre compl\u00e8tement et de profiter pleinement de votre temps \u00e0 bord.<\/span><\/p>\t\t\t\t\t\t\t\t<\/div>\n\t\t\t\t<\/div>\n\t\t\t\t<div class=\"elementor-element elementor-element-fbbc4a9 elementor-widget elementor-widget-aux_tabs\" data-id=\"fbbc4a9\" data-element_type=\"widget\" data-e-type=\"widget\" data-widget_type=\"aux_tabs.default\">\n\t\t\t\t<div class=\"elementor-widget-container\">\n\t\t\t\t\t<section class=\"widget-container aux-widget-tabs aux-parent-au187e4b67\"><div class=\"widget-tabs widget-container aux-stripe\"><div class=\"widget-inner aux-horizontal\"> <ul class=\"tabs\"><li><a id=\"aux-tab-2631\" href=\"#\" role=\"tab\" aria-controls=\"aux-tab-content-2631\">SP\u00c9CIFICATIONS<\/a><\/li><li><a id=\"aux-tab-2632\" href=\"#\" role=\"tab\" aria-controls=\"aux-tab-content-2632\">CARACT\u00c9RISTIQUES SUPPL\u00c9MENTAIRES<\/a><\/li><\/ul><ul class=\"tabs-content\"><li><div id=\"aux-tab-content-2631\" class=\"entry-editor\" role=\"tabpanel\" aria-labelledby=\"aux-tab-2631\"><p><p>Type de bateau : Hors-bord<br \/>Capacit\u00e9 maximale : 12<br \/>Longueur : 10,6 m<br \/>Moteur : 418 cv<br \/>Mat\u00e9riau : Plastique<br \/>Ann\u00e9e de fabrication : 2019<br \/>Lieu de prise en charge : Split, Bra\u010d, Hvar, Trogir et environs<\/p><\/p><\/div><\/li><li><div id=\"aux-tab-content-2632\" class=\"entry-editor\" role=\"tabpanel\" aria-labelledby=\"aux-tab-2632\"><p><p>WiFi<br \/>Bluetooth<br \/>Toilette<br \/>Douche<br \/>Toit rigide<br \/>Masques de plong\u00e9e avec tuba<br \/>\u00c9quipement de s\u00e9curit\u00e9<br \/>Nourriture et boissons disponibles sur demande<\/p><\/p><\/div><\/li><\/ul><\/div><\/div><\/section><!-- widget-container -->\t\t\t\t<\/div>\n\t\t\t\t<\/div>\n\t\t\t\t<div class=\"elementor-element elementor-element-d211ed7 elementor-widget elementor-widget-aux_modern_button\" data-id=\"d211ed7\" data-element_type=\"widget\" data-e-type=\"widget\" data-widget_type=\"aux_modern_button.default\">\n\t\t\t\t<div class=\"elementor-widget-container\">\n\t\t\t\t\t    <div class=\"aux-modern-button-wrapper aux-modern-button-align-center\" >\n                    <a class=\"aux-modern-button aux-info aux-modern-button-lg aux-modern-button-normal aux-modern-button-default aux-icon-\" href=\"https:\/\/seayou.com\/contact-us\/\">\n                <div class=\"aux-overlay\"><\/div>\n                                    <div class=\"aux-icon \">\n                                            <\/div>\n                                <div class=\"aux-text\">\n<span class=\"aux-text-before\">ENVOYER UNE DEMANDE<\/span>                <\/div>\n            <\/a>\n            \n    <\/div>\n\n    \t\t\t\t<\/div>\n\t\t\t\t<\/div>\n\t\t\t\t<div class=\"elementor-element elementor-element-d9db0c4 elementor-widget elementor-widget-aux_modern_heading\" data-id=\"d9db0c4\" data-element_type=\"widget\" data-e-type=\"widget\" data-widget_type=\"aux_modern_heading.default\">\n\t\t\t\t<div class=\"elementor-widget-container\">\n\t\t\t\t\t<section class=\"aux-widget-modern-heading\">\n            <div class=\"aux-widget-inner\"><h2 class=\"aux-modern-heading-primary\">Galerie de photos<\/h2><div class=\"aux-modern-heading-divider\"><\/div><\/div>\n        <\/section>\t\t\t\t<\/div>\n\t\t\t\t<\/div>\n\t\t\t\t\t<\/div>\n\t\t<\/div>\n\t\t\t\t\t<\/div>\n\t\t<\/section>\n\t\t<div class=\"aux-parallax-section elementor-element elementor-element-b240e54 e-flex e-con-boxed e-con e-parent\" data-id=\"b240e54\" data-element_type=\"container\" data-e-type=\"container\">\n\t\t\t\t\t<div class=\"e-con-inner\">\n\t\t<div class=\"elementor-element elementor-element-5d652b1 e-con-full e-flex e-con e-child\" data-id=\"5d652b1\" data-element_type=\"container\" data-e-type=\"container\">\n\t\t\t\t<div class=\"elementor-element elementor-element-304273b elementor-widget elementor-widget-image\" data-id=\"304273b\" data-element_type=\"widget\" data-e-type=\"widget\" data-widget_type=\"image.default\">\n\t\t\t\t<div class=\"elementor-widget-container\">\n\t\t\t\t\t\t\t\t\t\t\t\t\t\t\t<img decoding=\"async\" width=\"1024\" height=\"1024\" src=\"https:\/\/seayou.com\/wp-content\/uploads\/2024\/06\/SeaYou-Croatia-open-boat-with-sundeck-1024x1024.jpg\" class=\"attachment-large size-large wp-image-13269\" alt=\"\" srcset=\"https:\/\/seayou.com\/wp-content\/uploads\/2024\/06\/SeaYou-Croatia-open-boat-with-sundeck-1024x1024.jpg 1024w, https:\/\/seayou.com\/wp-content\/uploads\/2024\/06\/SeaYou-Croatia-open-boat-with-sundeck-300x300.jpg 300w, https:\/\/seayou.com\/wp-content\/uploads\/2024\/06\/SeaYou-Croatia-open-boat-with-sundeck-150x150.jpg 150w, https:\/\/seayou.com\/wp-content\/uploads\/2024\/06\/SeaYou-Croatia-open-boat-with-sundeck-768x768.jpg 768w\" sizes=\"(max-width: 1024px) 100vw, 1024px\" title=\"\">\t\t\t\t\t\t\t\t\t\t\t\t\t\t\t<\/div>\n\t\t\t\t<\/div>\n\t\t\t\t<\/div>\n\t\t<div class=\"elementor-element elementor-element-fe213e2 e-con-full e-flex e-con e-child\" data-id=\"fe213e2\" data-element_type=\"container\" data-e-type=\"container\">\n\t\t\t\t<div class=\"elementor-element elementor-element-351f6ee elementor-widget elementor-widget-image\" data-id=\"351f6ee\" data-element_type=\"widget\" data-e-type=\"widget\" data-widget_type=\"image.default\">\n\t\t\t\t<div class=\"elementor-widget-container\">\n\t\t\t\t\t\t\t\t\t\t\t\t\t\t\t<img decoding=\"async\" width=\"1024\" height=\"1024\" src=\"https:\/\/seayou.com\/wp-content\/uploads\/2024\/06\/Seayou-Open-Boat-for-Tours-1024x1024.jpg\" class=\"attachment-large size-large wp-image-13274\" alt=\"\" srcset=\"https:\/\/seayou.com\/wp-content\/uploads\/2024\/06\/Seayou-Open-Boat-for-Tours-1024x1024.jpg 1024w, https:\/\/seayou.com\/wp-content\/uploads\/2024\/06\/Seayou-Open-Boat-for-Tours-300x300.jpg 300w, https:\/\/seayou.com\/wp-content\/uploads\/2024\/06\/Seayou-Open-Boat-for-Tours-150x150.jpg 150w, https:\/\/seayou.com\/wp-content\/uploads\/2024\/06\/Seayou-Open-Boat-for-Tours-768x768.jpg 768w\" sizes=\"(max-width: 1024px) 100vw, 1024px\" title=\"\">\t\t\t\t\t\t\t\t\t\t\t\t\t\t\t<\/div>\n\t\t\t\t<\/div>\n\t\t\t\t<\/div>\n\t\t\t\t\t<\/div>\n\t\t\t\t<\/div>\n\t\t\t\t<\/div>\n\t\t","protected":false},"excerpt":{"rendered":"<p>Tour priv\u00e9 en bateau ouvert Bateau Enzo 35 10.6m 12 418 CV 2019 PRIX: Haute saison (01 juin \u2013 31 ao\u00fbt) &#8211; 1050\u20ac \/ jour + carburant Basse saison &#8211; 950\u20ac \/ jour + carburant Le design innovant et brillant de notre nouvel Enzo 35 est parfaitement adapt\u00e9 \u00e0 ceux qui souhaitent une balade paisible [&hellip;]<\/p>\n","protected":false},"author":1,"featured_media":0,"parent":0,"menu_order":0,"comment_status":"closed","ping_status":"closed","template":"","meta":{"_joinchat":[],"footnotes":""},"class_list":["post-13652","page","type-page","status-publish","hentry"],"_links":{"self":[{"href":"https:\/\/seayou.com\/fr\/wp-json\/wp\/v2\/pages\/13652","targetHints":{"allow":["GET"]}}],"collection":[{"href":"https:\/\/seayou.com\/fr\/wp-json\/wp\/v2\/pages"}],"about":[{"href":"https:\/\/seayou.com\/fr\/wp-json\/wp\/v2\/types\/page"}],"author":[{"embeddable":true,"href":"https:\/\/seayou.com\/fr\/wp-json\/wp\/v2\/users\/1"}],"replies":[{"embeddable":true,"href":"https:\/\/seayou.com\/fr\/wp-json\/wp\/v2\/comments?post=13652"}],"version-history":[{"count":0,"href":"https:\/\/seayou.com\/fr\/wp-json\/wp\/v2\/pages\/13652\/revisions"}],"wp:attachment":[{"href":"https:\/\/seayou.com\/fr\/wp-json\/wp\/v2\/media?parent=13652"}],"curies":[{"name":"wp","href":"https:\/\/api.w.org\/{rel}","templated":true}]}}