{"id":12710,"date":"2020-05-24T13:57:02","date_gmt":"2020-05-24T12:57:02","guid":{"rendered":"https:\/\/seayou.com\/blueline-19\/"},"modified":"2025-07-16T09:28:43","modified_gmt":"2025-07-16T08:28:43","slug":"blueline-19","status":"publish","type":"page","link":"https:\/\/seayou.com\/fr\/blueline-19\/","title":{"rendered":"Blueline 19"},"content":{"rendered":"\t\t<div data-elementor-type=\"wp-page\" data-elementor-id=\"12710\" class=\"elementor elementor-12710 elementor-1324\" data-elementor-post-type=\"page\">\n\t\t\t\t\t\t<section class=\"elementor-section elementor-top-section elementor-element elementor-element-4637a87 elementor-section-full_width elementor-section-stretched elementor-section-height-default elementor-section-height-default\" data-id=\"4637a87\" data-element_type=\"section\" data-e-type=\"section\" data-settings=\"{&quot;stretch_section&quot;:&quot;section-stretched&quot;}\">\n\t\t\t\t\t\t<div class=\"elementor-container elementor-column-gap-default\">\n\t\t\t\t\t<div class=\"aux-parallax-section elementor-column elementor-col-100 elementor-top-column elementor-element elementor-element-2f4d651\" data-id=\"2f4d651\" data-element_type=\"column\" data-e-type=\"column\">\n\t\t\t<div class=\"elementor-widget-wrap elementor-element-populated\">\n\t\t\t\t\t\t<div class=\"elementor-element elementor-element-77636fe elementor-widget elementor-widget-heading\" data-id=\"77636fe\" data-element_type=\"widget\" data-e-type=\"widget\" data-widget_type=\"heading.default\">\n\t\t\t\t<div class=\"elementor-widget-container\">\n\t\t\t\t\t<h1 class=\"elementor-heading-title elementor-size-default\">Location de bateau \u00e0 Brac<\/h1>\t\t\t\t<\/div>\n\t\t\t\t<\/div>\n\t\t\t\t\t<\/div>\n\t\t<\/div>\n\t\t\t\t\t<\/div>\n\t\t<\/section>\n\t\t\t\t<section class=\"elementor-section elementor-top-section elementor-element elementor-element-7c454e2 elementor-section-full_width elementor-section-content-middle elementor-section-stretched elementor-section-height-default elementor-section-height-default\" data-id=\"7c454e2\" data-element_type=\"section\" data-e-type=\"section\" data-settings=\"{&quot;stretch_section&quot;:&quot;section-stretched&quot;}\">\n\t\t\t\t\t\t<div class=\"elementor-container elementor-column-gap-no\">\n\t\t\t\t\t<div class=\"aux-parallax-section elementor-column elementor-col-100 elementor-top-column elementor-element elementor-element-ca73239\" data-id=\"ca73239\" data-element_type=\"column\" data-e-type=\"column\">\n\t\t\t<div class=\"elementor-widget-wrap elementor-element-populated\">\n\t\t\t\t\t\t<section class=\"elementor-section elementor-inner-section elementor-element elementor-element-62a6387 elementor-section-boxed elementor-section-height-default elementor-section-height-default\" data-id=\"62a6387\" data-element_type=\"section\" data-e-type=\"section\">\n\t\t\t\t\t\t<div class=\"elementor-container elementor-column-gap-no\">\n\t\t\t\t\t<div class=\"aux-parallax-section elementor-column elementor-col-50 elementor-inner-column elementor-element elementor-element-c8f6736\" data-id=\"c8f6736\" data-element_type=\"column\" data-e-type=\"column\">\n\t\t\t<div class=\"elementor-widget-wrap elementor-element-populated\">\n\t\t\t\t\t\t<div class=\"elementor-element elementor-element-2df251a elementor-widget__width-initial elementor-widget elementor-widget-image\" data-id=\"2df251a\" data-element_type=\"widget\" data-e-type=\"widget\" data-widget_type=\"image.default\">\n\t\t\t\t<div class=\"elementor-widget-container\">\n\t\t\t\t\t\t\t\t\t\t\t\t\t\t\t\t<a href=\"https:\/\/seayou.com\/wp-content\/uploads\/2025\/03\/Rent-a-boat-Blueline19-scaled.jpg\" data-elementor-open-lightbox=\"yes\" data-elementor-lightbox-title=\"Rent a boat Blueline19\" data-e-action-hash=\"#elementor-action%3Aaction%3Dlightbox%26settings%3DeyJpZCI6MTU1NjMsInVybCI6Imh0dHBzOlwvXC9zZWF5b3UuY29tXC93cC1jb250ZW50XC91cGxvYWRzXC8yMDI1XC8wM1wvUmVudC1hLWJvYXQtQmx1ZWxpbmUxOS1zY2FsZWQuanBnIn0%3D\">\n\t\t\t\t\t\t\t<img fetchpriority=\"high\" decoding=\"async\" width=\"2560\" height=\"1920\" src=\"https:\/\/seayou.com\/wp-content\/uploads\/2025\/03\/Rent-a-boat-Blueline19-scaled.jpg\" class=\"attachment-full size-full wp-image-15563\" alt=\"Rent a boat in Milna, white boat in Milna harbour\" srcset=\"https:\/\/seayou.com\/wp-content\/uploads\/2025\/03\/Rent-a-boat-Blueline19-scaled.jpg 2560w, https:\/\/seayou.com\/wp-content\/uploads\/2025\/03\/Rent-a-boat-Blueline19-1536x1152.jpg 1536w, https:\/\/seayou.com\/wp-content\/uploads\/2025\/03\/Rent-a-boat-Blueline19-2048x1536.jpg 2048w\" sizes=\"(max-width: 2560px) 100vw, 2560px\" title=\"\">\t\t\t\t\t\t\t\t<\/a>\n\t\t\t\t\t\t\t\t\t\t\t\t\t\t\t<\/div>\n\t\t\t\t<\/div>\n\t\t\t\t\t<\/div>\n\t\t<\/div>\n\t\t\t\t<div class=\"aux-parallax-section elementor-column elementor-col-50 elementor-inner-column elementor-element elementor-element-489b287\" data-id=\"489b287\" data-element_type=\"column\" data-e-type=\"column\">\n\t\t\t<div class=\"elementor-widget-wrap elementor-element-populated\">\n\t\t\t\t\t\t<div class=\"elementor-element elementor-element-fcdfbea elementor-widget__width-initial elementor-widget elementor-widget-aux_modern_heading\" data-id=\"fcdfbea\" data-element_type=\"widget\" data-e-type=\"widget\" data-widget_type=\"aux_modern_heading.default\">\n\t\t\t\t<div class=\"elementor-widget-container\">\n\t\t\t\t\t<section class=\"aux-widget-modern-heading\">\n            <div class=\"aux-widget-inner\"><h2 class=\"aux-modern-heading-primary\">Bateau Blueline 19<\/h2><div class=\"aux-modern-heading-divider\"><\/div><\/div>\n        <\/section>\t\t\t\t<\/div>\n\t\t\t\t<\/div>\n\t\t\t\t<div class=\"elementor-element elementor-element-c181dac elementor-widget elementor-widget-aux_icon_list\" data-id=\"c181dac\" data-element_type=\"widget\" data-e-type=\"widget\" data-widget_type=\"aux_icon_list.default\">\n\t\t\t\t<div class=\"elementor-widget-container\">\n\t\t\t\t\t<section class=\"widget-container aux-widget-icon-list aux-parent-au2d4fc998\"><div class=\"widget-inner\"><div class=\"aux-widget-icon-list-inner\"><ul class=\"aux-icon-list-items aux-direction-horizontal\"><li class=\"aux-icon-list-item aux-list-item-has-icon aux-icon-list-item-39db7fb elementor-repeater-item-39db7fb\"><i aria-hidden=\"true\" class=\"aux-icon-list-icon auxicon2 auxicon2-code-working\"><\/i><span class=\"aux-icon-list-text\">5.5m<\/span><\/li><li class=\"aux-icon-list-item aux-list-item-has-icon aux-icon-list-item-0f8feb1 elementor-repeater-item-0f8feb1\"><i aria-hidden=\"true\" class=\"aux-icon-list-icon auxicon auxicon-man-people-streamline-user\"><\/i><span class=\"aux-icon-list-text\">6<\/span><\/li><li class=\"aux-icon-list-item aux-list-item-has-icon aux-icon-list-item-e15b89e elementor-repeater-item-e15b89e\"><i aria-hidden=\"true\" class=\"aux-icon-list-icon auxicon auxicon-dashboard-speed-streamline\"><\/i><span class=\"aux-icon-list-text\">100 CH<\/span><\/li><li class=\"aux-icon-list-item aux-list-item-has-icon aux-icon-list-item-6db2d40 elementor-repeater-item-6db2d40\"><i aria-hidden=\"true\" class=\"aux-icon-list-icon far fa-calendar-alt\"><\/i><span class=\"aux-icon-list-text\">2019<\/span><\/li><\/ul><\/div><\/div><\/section><!-- widget-container -->\t\t\t\t<\/div>\n\t\t\t\t<\/div>\n\t\t\t\t<div class=\"elementor-element elementor-element-f4e08ed elementor-widget elementor-widget-text-editor\" data-id=\"f4e08ed\" data-element_type=\"widget\" data-e-type=\"widget\" data-widget_type=\"text-editor.default\">\n\t\t\t\t<div class=\"elementor-widget-container\">\n\t\t\t\t\t\t\t\t\t<p style=\"text-align: center;\"><span style=\"color: #ff9900;\"><strong>PRIX:<\/strong><\/span><\/p><p style=\"text-align: center;\"><span style=\"color: #000000;\">Haute Saison (01 juin \u2013 31 ao\u00fbt) &#8211;<\/span><span style=\"color: #ff9900;\"><strong> 220\u20ac \/jour<\/strong><\/span><\/p><p style=\"text-align: center;\"><span style=\"color: #00a5c9;\"><span style=\"color: #000000;\">Basse saison &#8211;<\/span> <\/span><span style=\"color: #ff9900;\"><strong>200\u20ac \/jour<\/strong><\/span><\/p>\t\t\t\t\t\t\t\t<\/div>\n\t\t\t\t<\/div>\n\t\t\t\t<div class=\"elementor-element elementor-element-10af924 elementor-align-center elementor-widget__width-initial elementor-widget elementor-widget-button\" data-id=\"10af924\" data-element_type=\"widget\" data-e-type=\"widget\" data-widget_type=\"button.default\">\n\t\t\t\t<div class=\"elementor-widget-container\">\n\t\t\t\t\t\t\t\t\t<div class=\"elementor-button-wrapper\">\n\t\t\t\t\t<a class=\"elementor-button elementor-size-sm\" role=\"button\">\n\t\t\t\t\t\t<span class=\"elementor-button-content-wrapper\">\n\t\t\t\t\t\t\t\t\t<span class=\"elementor-button-text\"><div class=\"load-turitop\" data-service=\"P8\" data-embed=\"button\">R\u00e9servez d\u00e8s maintenant<\/div><\/span>\n\t\t\t\t\t<\/span>\n\t\t\t\t\t<\/a>\n\t\t\t\t<\/div>\n\t\t\t\t\t\t\t\t<\/div>\n\t\t\t\t<\/div>\n\t\t\t\t\t<\/div>\n\t\t<\/div>\n\t\t\t\t\t<\/div>\n\t\t<\/section>\n\t\t\t\t<div class=\"elementor-element elementor-element-4e3b15b elementor-widget elementor-widget-text-editor\" data-id=\"4e3b15b\" data-element_type=\"widget\" data-e-type=\"widget\" data-widget_type=\"text-editor.default\">\n\t\t\t\t<div class=\"elementor-widget-container\">\n\t\t\t\t\t\t\t\t\t<p style=\"text-align: center;\">Notre <b>petit mais puissant et facile \u00e0 naviguer Bluline 19<\/b> est \u00e9quip\u00e9 d&rsquo;un <b>moteur Honda de 110 CV<\/b> et peut accueillir <b>6 personnes<\/b> \u00e0 bord, ce qui en fait le partenaire id\u00e9al pour d\u00e9couvrir les belles plages des \u00eeles voisines de Bra\u010d, telles que \u0160olta ou Hvar.<\/p><p style=\"text-align: center;\">Pour garantir une promenade confortable et une agr\u00e9able journ\u00e9e en mer, il est \u00e9quip\u00e9 de <b>coussins moelleux<\/b>, d&rsquo;un <b>auvent protecteur contre le soleil<\/b> et d&rsquo;une <b>\u00e9chelle de bain<\/b>. Allongez-vous sur le <b>pont ensoleill\u00e9<\/b> et profitez du soleil pour obtenir un joli bronzage de vacances tout en vous relaxant au son des vagues qui roulent. Veuillez garder \u00e0 l&rsquo;esprit que la location de bateau sans skipper n\u00e9cessite un <b>permis de navigation valide<\/b>.<\/p><p style=\"text-align: center;\">La location de bateau priv\u00e9 \u00e0 Bra\u010d est un excellent choix pour visiter les criques isol\u00e9es et nager sur les plages tranquilles des \u00eeles, autrement tr\u00e8s difficiles d&rsquo;acc\u00e8s. Faites une baignade depuis le bateau dans l&rsquo;une des criques paisibles de l&rsquo;\u00eele de Bra\u010d ou d\u00e9couvrez <b>\u0160olta<\/b> et sa nature intacte. Milna sur l&rsquo;\u00eele de Bra\u010d est fi\u00e8re de ses nombreuses baies bleues parfaites pour se d\u00e9tendre. Si vous d\u00e9sirez davantage d&rsquo;animation, explorez Supetar &#8211; la plus grande commune de Bra\u010d, une ville dynamique impr\u00e9gn\u00e9e d&rsquo;une \u00e9nergie positive.<\/p><p style=\"text-align: center;\">La partie sud de <b> l&rsquo;\u00eele<\/b> de <b>\u0160olta<\/b>, non loin de Milna, est un endroit id\u00e9al pour passer la journ\u00e9e \u00e0 se pr\u00e9lasser au soleil ou \u00e0 nager depuis le bateau, entour\u00e9 par les merveilleuses <b>falaises escarp\u00e9es<\/b> s&rsquo;\u00e9levant de <b>la mer bleu cristallin<\/b>.<\/p><p>Les \u00eeles de Bra\u010d et de \u0160olta offrent une paix que vous trouverez rarement dans cette r\u00e9gion de la Croatie, et les deux \u00eeles sont d&rsquo;excellentes options \u00e9quivalentes pour des vacances en famille parfaites. Louez un bateau pour d\u00e9couvrir les secrets des \u00eeles et cr\u00e9er des souvenirs de vacances inoubliables. <\/p><p style=\"text-align: center;\"><b>Hvar<\/b> est une <b>destination pris\u00e9e<\/b> en Croatie pour les amateurs d&rsquo;histoire et les <b>passionn\u00e9s de tourisme<\/b>. Louez un bateau et partez pour une excursion int\u00e9ressante vers le \u00ab\u00a0Saint-Tropez croate\u00a0\u00bb, pr\u00e8s de l&rsquo;\u00eele de Bra\u010d ! Admirez la riche <b>architecture v\u00e9nitienne<\/b>, montez jusqu&rsquo;\u00e0 la <b>forteresse espagnole<\/b> surplombant la ville ou tout simplement profitez de l&rsquo;\u00e9nergie vibrante de Hvar en vous promenant dans les rues anim\u00e9es pav\u00e9es.<\/p><p style=\"text-align: center;\">Choisissez un restaurant en bord de mer et r\u00e9galez-vous de la gastronomie dalmates fra\u00eechement pr\u00e9par\u00e9es, accompagn\u00e9es d&rsquo;une ou deux boules de glace \u00e0 la lavande, sur la promenade anim\u00e9e en admirant la vue des \u00eeles voisines<\/p>\t\t\t\t\t\t\t\t<\/div>\n\t\t\t\t<\/div>\n\t\t\t\t<div class=\"elementor-element elementor-element-f5c0a22 elementor-widget elementor-widget-aux_modern_button\" data-id=\"f5c0a22\" data-element_type=\"widget\" data-e-type=\"widget\" data-widget_type=\"aux_modern_button.default\">\n\t\t\t\t<div class=\"elementor-widget-container\">\n\t\t\t\t\t    <div class=\"aux-modern-button-wrapper aux-modern-button-align-center\" >\n                    <a class=\"aux-modern-button aux-info aux-modern-button-lg aux-modern-button-round aux-modern-button-default aux-icon-\" href=\"https:\/\/seayou.com\/contact-us\/\">\n                <div class=\"aux-overlay\"><\/div>\n                                    <div class=\"aux-icon \">\n                                            <\/div>\n                                <div class=\"aux-text\">\n<span class=\"aux-text-before\">Envoyer une demande<\/span>                <\/div>\n            <\/a>\n            \n    <\/div>\n\n    \t\t\t\t<\/div>\n\t\t\t\t<\/div>\n\t\t\t\t\t<\/div>\n\t\t<\/div>\n\t\t\t\t\t<\/div>\n\t\t<\/section>\n\t\t<div class=\"aux-parallax-section elementor-element elementor-element-b92e0a2 e-flex e-con-boxed e-con e-parent\" data-id=\"b92e0a2\" data-element_type=\"container\" data-e-type=\"container\">\n\t\t\t\t\t<div class=\"e-con-inner\">\n\t\t\t\t<div class=\"elementor-element elementor-element-a77c08f elementor-widget elementor-widget-spacer\" data-id=\"a77c08f\" data-element_type=\"widget\" data-e-type=\"widget\" data-widget_type=\"spacer.default\">\n\t\t\t\t<div class=\"elementor-widget-container\">\n\t\t\t\t\t\t\t<div class=\"elementor-spacer\">\n\t\t\t<div class=\"elementor-spacer-inner\"><\/div>\n\t\t<\/div>\n\t\t\t\t\t\t<\/div>\n\t\t\t\t<\/div>\n\t\t\t\t\t<\/div>\n\t\t\t\t<\/div>\n\t\t<div class=\"aux-parallax-section elementor-element elementor-element-834ce8a e-grid e-con-boxed e-con e-parent\" data-id=\"834ce8a\" data-element_type=\"container\" data-e-type=\"container\">\n\t\t\t\t\t<div class=\"e-con-inner\">\n\t\t\t\t<div class=\"elementor-element elementor-element-fa1d9c1 elementor-widget elementor-widget-image\" data-id=\"fa1d9c1\" data-element_type=\"widget\" data-e-type=\"widget\" data-widget_type=\"image.default\">\n\t\t\t\t<div class=\"elementor-widget-container\">\n\t\t\t\t\t\t\t\t\t\t\t\t\t\t\t<img decoding=\"async\" width=\"1024\" height=\"768\" src=\"https:\/\/seayou.com\/wp-content\/uploads\/2025\/03\/Bluline-19-Seayou-scaled.jpg\" class=\"attachment-large size-large wp-image-15548\" alt=\"Boat anchored at Milna, Brac island\" srcset=\"https:\/\/seayou.com\/wp-content\/uploads\/2025\/03\/Bluline-19-Seayou-scaled.jpg 2560w, https:\/\/seayou.com\/wp-content\/uploads\/2025\/03\/Bluline-19-Seayou-1536x1152.jpg 1536w, https:\/\/seayou.com\/wp-content\/uploads\/2025\/03\/Bluline-19-Seayou-2048x1536.jpg 2048w\" sizes=\"(max-width: 1024px) 100vw, 1024px\" title=\"\">\t\t\t\t\t\t\t\t\t\t\t\t\t\t\t<\/div>\n\t\t\t\t<\/div>\n\t\t\t\t<div class=\"elementor-element elementor-element-fd8f8fc elementor-widget elementor-widget-image\" data-id=\"fd8f8fc\" data-element_type=\"widget\" data-e-type=\"widget\" data-widget_type=\"image.default\">\n\t\t\t\t<div class=\"elementor-widget-container\">\n\t\t\t\t\t\t\t\t\t\t\t\t\t\t\t<img decoding=\"async\" width=\"1024\" height=\"768\" src=\"https:\/\/seayou.com\/wp-content\/uploads\/2025\/03\/Blueline-boat-Milna-Brac-scaled.jpg\" class=\"attachment-large size-large wp-image-15553\" alt=\"Boat with bimini docked in front of Milna promenade\" srcset=\"https:\/\/seayou.com\/wp-content\/uploads\/2025\/03\/Blueline-boat-Milna-Brac-scaled.jpg 2560w, https:\/\/seayou.com\/wp-content\/uploads\/2025\/03\/Blueline-boat-Milna-Brac-1536x1152.jpg 1536w, https:\/\/seayou.com\/wp-content\/uploads\/2025\/03\/Blueline-boat-Milna-Brac-2048x1536.jpg 2048w\" sizes=\"(max-width: 1024px) 100vw, 1024px\" title=\"\">\t\t\t\t\t\t\t\t\t\t\t\t\t\t\t<\/div>\n\t\t\t\t<\/div>\n\t\t\t\t\t<\/div>\n\t\t\t\t<\/div>\n\t\t<div class=\"aux-parallax-section elementor-element elementor-element-b1e5513 e-flex e-con-boxed e-con e-parent\" data-id=\"b1e5513\" data-element_type=\"container\" data-e-type=\"container\">\n\t\t\t\t\t<div class=\"e-con-inner\">\n\t\t<div class=\"elementor-element elementor-element-4d9f93d e-con-full e-flex e-con e-child\" data-id=\"4d9f93d\" data-element_type=\"container\" data-e-type=\"container\">\n\t\t\t\t<\/div>\n\t\t<div class=\"elementor-element elementor-element-4561361 e-con-full e-flex e-con e-child\" data-id=\"4561361\" data-element_type=\"container\" data-e-type=\"container\">\n\t\t\t\t<div class=\"elementor-element elementor-element-0558d20 premium-cf7-button-fwidth-yes elementor-widget elementor-widget-premium-contact-form\" data-id=\"0558d20\" data-element_type=\"widget\" data-e-type=\"widget\" data-widget_type=\"premium-contact-form.default\">\n\t\t\t\t<div class=\"elementor-widget-container\">\n\t\t\t\t\t\n\t\t\t\n\t\t\t<div class=\"premium-cf7-container\" data-settings=\"{&quot;fields_glass&quot;:&quot;none&quot;,&quot;submit_glass&quot;:&quot;none&quot;}\">\n\t\t\t\t\n<div class=\"wpcf7 no-js\" id=\"wpcf7-f9-o1\" lang=\"en-US\" dir=\"ltr\" data-wpcf7-id=\"9\">\n<div class=\"screen-reader-response\"><p role=\"status\" aria-live=\"polite\" aria-atomic=\"true\"><\/p> <ul><\/ul><\/div>\n<form action=\"\/fr\/wp-json\/wp\/v2\/pages\/12710#wpcf7-f9-o1\" method=\"post\" class=\"wpcf7-form init\" aria-label=\"Contact form\" novalidate=\"novalidate\" data-status=\"init\">\n<fieldset class=\"hidden-fields-container\"><input type=\"hidden\" name=\"_wpcf7\" value=\"9\" \/><input type=\"hidden\" name=\"_wpcf7_version\" value=\"6.1.5\" \/><input type=\"hidden\" name=\"_wpcf7_locale\" value=\"en_US\" \/><input type=\"hidden\" name=\"_wpcf7_unit_tag\" value=\"wpcf7-f9-o1\" \/><input type=\"hidden\" name=\"_wpcf7_container_post\" value=\"0\" \/><input type=\"hidden\" name=\"_wpcf7_posted_data_hash\" value=\"\" \/><input type=\"hidden\" name=\"_wpcf7_recaptcha_response\" value=\"\" \/>\n<\/fieldset>\n<p><label> Your Name (required)<br \/>\n<span class=\"wpcf7-form-control-wrap\" data-name=\"your-name\"><input size=\"40\" maxlength=\"400\" class=\"wpcf7-form-control wpcf7-text wpcf7-validates-as-required\" aria-required=\"true\" aria-invalid=\"false\" value=\"\" type=\"text\" name=\"your-name\" \/><\/span> <\/label>\n<\/p>\n<p><label> Your Email (required)<br \/>\n<span class=\"wpcf7-form-control-wrap\" data-name=\"your-email\"><input size=\"40\" maxlength=\"400\" class=\"wpcf7-form-control wpcf7-email wpcf7-validates-as-required wpcf7-text wpcf7-validates-as-email\" aria-required=\"true\" aria-invalid=\"false\" value=\"\" type=\"email\" name=\"your-email\" \/><\/span> <\/label>\n<\/p>\n<p><label> Subject<br \/>\n<span class=\"wpcf7-form-control-wrap\" data-name=\"your-subject\"><input size=\"40\" maxlength=\"400\" class=\"wpcf7-form-control wpcf7-text\" aria-invalid=\"false\" value=\"\" type=\"text\" name=\"your-subject\" \/><\/span> <\/label>\n<\/p>\n<p><label> Your Message<br \/>\n<span class=\"wpcf7-form-control-wrap\" data-name=\"your-message\"><textarea cols=\"40\" rows=\"10\" maxlength=\"2000\" class=\"wpcf7-form-control wpcf7-textarea\" aria-invalid=\"false\" name=\"your-message\"><\/textarea><\/span> <\/label>\n<\/p>\n<p><input class=\"wpcf7-form-control wpcf7-submit has-spinner\" type=\"submit\" value=\"Send\" \/>\n<\/p><div class=\"wpcf7-response-output\" aria-hidden=\"true\"><\/div>\n<\/form>\n<\/div>\n\t\t\t<\/div>\n\n\t\t\t\t\t\t\t<\/div>\n\t\t\t\t<\/div>\n\t\t\t\t<\/div>\n\t\t<div class=\"elementor-element elementor-element-abce761 e-con-full e-flex e-con e-child\" data-id=\"abce761\" data-element_type=\"container\" data-e-type=\"container\">\n\t\t\t\t<\/div>\n\t\t\t\t\t<\/div>\n\t\t\t\t<\/div>\n\t\t\t\t<\/div>\n\t\t","protected":false},"excerpt":{"rendered":"<p>Location de bateau \u00e0 Brac Bateau Blueline 19 5.5m 6 100 CH 2019 PRIX: Haute Saison (01 juin \u2013 31 ao\u00fbt) &#8211; 220\u20ac \/jour Basse saison &#8211; 200\u20ac \/jour Notre petit mais puissant et facile \u00e0 naviguer Bluline 19 est \u00e9quip\u00e9 d&rsquo;un moteur Honda de 110 CV et peut accueillir 6 personnes \u00e0 bord, ce [&hellip;]<\/p>\n","protected":false},"author":1,"featured_media":0,"parent":0,"menu_order":0,"comment_status":"closed","ping_status":"closed","template":"","meta":{"_joinchat":[],"footnotes":""},"class_list":["post-12710","page","type-page","status-publish","hentry"],"_links":{"self":[{"href":"https:\/\/seayou.com\/fr\/wp-json\/wp\/v2\/pages\/12710","targetHints":{"allow":["GET"]}}],"collection":[{"href":"https:\/\/seayou.com\/fr\/wp-json\/wp\/v2\/pages"}],"about":[{"href":"https:\/\/seayou.com\/fr\/wp-json\/wp\/v2\/types\/page"}],"author":[{"embeddable":true,"href":"https:\/\/seayou.com\/fr\/wp-json\/wp\/v2\/users\/1"}],"replies":[{"embeddable":true,"href":"https:\/\/seayou.com\/fr\/wp-json\/wp\/v2\/comments?post=12710"}],"version-history":[{"count":3,"href":"https:\/\/seayou.com\/fr\/wp-json\/wp\/v2\/pages\/12710\/revisions"}],"predecessor-version":[{"id":16724,"href":"https:\/\/seayou.com\/fr\/wp-json\/wp\/v2\/pages\/12710\/revisions\/16724"}],"wp:attachment":[{"href":"https:\/\/seayou.com\/fr\/wp-json\/wp\/v2\/media?parent=12710"}],"curies":[{"name":"wp","href":"https:\/\/api.w.org\/{rel}","templated":true}]}}