{"id":12658,"date":"2021-02-21T22:24:18","date_gmt":"2021-02-21T21:24:18","guid":{"rendered":"https:\/\/seayou.com\/louez-un-bateau-a-milna\/"},"modified":"2024-06-05T10:26:26","modified_gmt":"2024-06-05T09:26:26","slug":"louez-un-bateau-a-milna","status":"publish","type":"page","link":"https:\/\/seayou.com\/fr\/louez-un-bateau-a-milna\/","title":{"rendered":"Louez un bateau \u00e0 Milna"},"content":{"rendered":"\t\t<div data-elementor-type=\"wp-page\" data-elementor-id=\"12658\" class=\"elementor elementor-12658 elementor-2520\" data-elementor-post-type=\"page\">\n\t\t\t\t\t\t<section class=\"elementor-section elementor-top-section elementor-element elementor-element-b2ec408 elementor-section-boxed elementor-section-height-default elementor-section-height-default\" data-id=\"b2ec408\" data-element_type=\"section\" data-e-type=\"section\">\n\t\t\t\t\t\t<div class=\"elementor-container elementor-column-gap-default\">\n\t\t\t\t\t<div class=\"aux-parallax-section elementor-column elementor-col-100 elementor-top-column elementor-element elementor-element-93ebcb9\" data-id=\"93ebcb9\" data-element_type=\"column\" data-e-type=\"column\">\n\t\t\t<div class=\"elementor-widget-wrap elementor-element-populated\">\n\t\t\t\t\t\t<div class=\"elementor-element elementor-element-9cbcef3 elementor-widget elementor-widget-aux_modern_heading\" data-id=\"9cbcef3\" data-element_type=\"widget\" data-e-type=\"widget\" data-widget_type=\"aux_modern_heading.default\">\n\t\t\t\t<div class=\"elementor-widget-container\">\n\t\t\t\t\t<section class=\"aux-widget-modern-heading\">\n            <div class=\"aux-widget-inner\"><h1 class=\"aux-modern-heading-primary\">Louez un bateau \u00e0 Milna<\/h1><\/div>\n        <\/section>\t\t\t\t<\/div>\n\t\t\t\t<\/div>\n\t\t\t\t\t<\/div>\n\t\t<\/div>\n\t\t\t\t\t<\/div>\n\t\t<\/section>\n\t\t\t\t<section class=\"elementor-section elementor-top-section elementor-element elementor-element-c60a34b elementor-section-full_width elementor-section-content-middle elementor-section-height-default elementor-section-height-default\" data-id=\"c60a34b\" data-element_type=\"section\" data-e-type=\"section\">\n\t\t\t\t\t\t<div class=\"elementor-container elementor-column-gap-no\">\n\t\t\t\t\t<div class=\"aux-parallax-section elementor-column elementor-col-100 elementor-top-column elementor-element elementor-element-fd48e61\" data-id=\"fd48e61\" data-element_type=\"column\" data-e-type=\"column\">\n\t\t\t<div class=\"elementor-widget-wrap elementor-element-populated\">\n\t\t\t\t\t\t<section class=\"elementor-section elementor-inner-section elementor-element elementor-element-4e841fe elementor-section-full_width elementor-section-height-default elementor-section-height-default\" data-id=\"4e841fe\" data-element_type=\"section\" data-e-type=\"section\" data-settings=\"{&quot;animation&quot;:&quot;none&quot;}\">\n\t\t\t\t\t\t<div class=\"elementor-container elementor-column-gap-default\">\n\t\t\t\t\t<div class=\"aux-parallax-section elementor-column elementor-col-50 elementor-inner-column elementor-element elementor-element-6c369d7\" data-id=\"6c369d7\" data-element_type=\"column\" data-e-type=\"column\">\n\t\t\t<div class=\"elementor-widget-wrap elementor-element-populated\">\n\t\t\t\t\t\t<div class=\"elementor-element elementor-element-25bd73d elementor-widget elementor-widget-aux_image\" data-id=\"25bd73d\" data-element_type=\"widget\" data-e-type=\"widget\" data-widget_type=\"aux_image.default\">\n\t\t\t\t<div class=\"elementor-widget-container\">\n\t\t\t\t\t<section class=\"widget-container aux-widget-image aux-alignnone aux-parent-au4827f75f\">\n    <div class=\"aux-media-hint-frame \">\n        <div class=\"aux-media-image aux-hover-active\" >\n                    <a class=\"\" href=\"https:\/\/seayou.com\/shark-bf-23-sport\/\" data-elementor-open-lightbox=\"no\" data-caption=\"\" target=\"_self\"  >\n        \n            \n\n            \n                        \n                    <\/a>\n                <\/div>\n    <\/div>\n\n<\/section><!-- widget-container -->\t\t\t\t<\/div>\n\t\t\t\t<\/div>\n\t\t\t\t<div class=\"elementor-element elementor-element-f1932c9 elementor-widget elementor-widget-aux_modern_heading\" data-id=\"f1932c9\" data-element_type=\"widget\" data-e-type=\"widget\" data-widget_type=\"aux_modern_heading.default\">\n\t\t\t\t<div class=\"elementor-widget-container\">\n\t\t\t\t\t<section class=\"aux-widget-modern-heading\">\n            <div class=\"aux-widget-inner\"><a href=\"https:\/\/seayou.com\/shark-bf-23-sport\/\" class=\"aux-modern-heading-primary-link\"><h2 class=\"aux-modern-heading-primary\"><br>Zodiac Shark BF 23 Sport<\/h2><\/a><div class=\"aux-modern-heading-divider\"><\/div><\/div>\n        <\/section>\t\t\t\t<\/div>\n\t\t\t\t<\/div>\n\t\t\t\t<div class=\"elementor-element elementor-element-c195e52 elementor-widget elementor-widget-aux_icon_list\" data-id=\"c195e52\" data-element_type=\"widget\" data-e-type=\"widget\" data-widget_type=\"aux_icon_list.default\">\n\t\t\t\t<div class=\"elementor-widget-container\">\n\t\t\t\t\t<section class=\"widget-container aux-widget-icon-list aux-parent-au8f33bbe8\"><div class=\"widget-inner\"><div class=\"aux-widget-icon-list-inner\"><ul class=\"aux-icon-list-items aux-direction-horizontal\"><li class=\"aux-icon-list-item aux-list-item-has-icon aux-icon-list-item-5a9682e elementor-repeater-item-5a9682e\"><i aria-hidden=\"true\" class=\"aux-icon-list-icon auxicon2 auxicon2-code-working\"><\/i><span class=\"aux-icon-list-text\">6.8m<\/span><\/li><li class=\"aux-icon-list-item aux-list-item-has-icon aux-icon-list-item-9431073 elementor-repeater-item-9431073\"><i aria-hidden=\"true\" class=\"aux-icon-list-icon auxicon auxicon-man-people-streamline-user\"><\/i><span class=\"aux-icon-list-text\">8<\/span><\/li><li class=\"aux-icon-list-item aux-list-item-has-icon aux-icon-list-item-d0952d0 elementor-repeater-item-d0952d0\"><i aria-hidden=\"true\" class=\"aux-icon-list-icon auxicon auxicon-dashboard-speed-streamline\"><\/i><span class=\"aux-icon-list-text\">150 CH<\/span><\/li><li class=\"aux-icon-list-item aux-list-item-has-icon aux-icon-list-item-bde00c8 elementor-repeater-item-bde00c8\"><i aria-hidden=\"true\" class=\"aux-icon-list-icon far fa-money-bill-alt\"><\/i><span class=\"aux-icon-list-text\">Location \u00e0 partir de 300 EUR par jour<\/span><\/li><li class=\"aux-icon-list-item aux-list-item-has-icon aux-icon-list-item-33c37e5 elementor-repeater-item-33c37e5\"><span class=\"aux-icon-list-text\">Licence requise<\/span><\/li><\/ul><\/div><\/div><\/section><!-- widget-container -->\t\t\t\t<\/div>\n\t\t\t\t<\/div>\n\t\t\t\t<div class=\"elementor-element elementor-element-8ecc419 elementor-align-center elementor-widget elementor-widget-button\" data-id=\"8ecc419\" data-element_type=\"widget\" data-e-type=\"widget\" data-widget_type=\"button.default\">\n\t\t\t\t<div class=\"elementor-widget-container\">\n\t\t\t\t\t\t\t\t\t<div class=\"elementor-button-wrapper\">\n\t\t\t\t\t<a class=\"elementor-button elementor-button-link elementor-size-xs\" href=\"https:\/\/seayou.com\/shark-bf-23-sport\/\">\n\t\t\t\t\t\t<span class=\"elementor-button-content-wrapper\">\n\t\t\t\t\t\t\t\t\t<span class=\"elementor-button-text\">D\u00e9tails du bateau<\/span>\n\t\t\t\t\t<\/span>\n\t\t\t\t\t<\/a>\n\t\t\t\t<\/div>\n\t\t\t\t\t\t\t\t<\/div>\n\t\t\t\t<\/div>\n\t\t\t\t\t<\/div>\n\t\t<\/div>\n\t\t\t\t<div class=\"aux-parallax-section elementor-column elementor-col-50 elementor-inner-column elementor-element elementor-element-891bb2d\" data-id=\"891bb2d\" data-element_type=\"column\" data-e-type=\"column\">\n\t\t\t<div class=\"elementor-widget-wrap elementor-element-populated\">\n\t\t\t\t\t\t<div class=\"elementor-element elementor-element-38d17d4 elementor-widget elementor-widget-aux_image\" data-id=\"38d17d4\" data-element_type=\"widget\" data-e-type=\"widget\" data-widget_type=\"aux_image.default\">\n\t\t\t\t<div class=\"elementor-widget-container\">\n\t\t\t\t\t<section class=\"widget-container aux-widget-image aux-alignnone aux-parent-aub16f3742\">\n    <div class=\"aux-media-hint-frame \">\n        <div class=\"aux-media-image aux-hover-active\" >\n                    <a class=\"\" href=\"https:\/\/seayou.com\/blueline-19\/\" data-elementor-open-lightbox=\"no\" data-original-width=\"1600\" data-original-height=\"1188\" data-caption=\"rent a boat on Brac island for 6 passengers\" target=\"_self\"  >\n        \n            \n\n            \n            <img fetchpriority=\"high\" decoding=\"async\" width=\"1600\" height=\"1188\" src=\"https:\/\/seayou.com\/wp-content\/uploads\/2021\/06\/Brac-boat-rental-1920x1280.jpg\" class=\"aux-attachment aux-featured-image aux-attachment-id-4462 aux-img-dynamic-dropshadow\" alt=\"Rent a boat Milna, Brac island\" srcset=\"https:\/\/seayou.com\/wp-content\/uploads\/2021\/06\/Brac-boat-rental-150x100.jpg 150w,https:\/\/seayou.com\/wp-content\/uploads\/2021\/06\/Brac-boat-rental-300x200.jpg 300w,https:\/\/seayou.com\/wp-content\/uploads\/2021\/06\/Brac-boat-rental-768x512.jpg 768w,https:\/\/seayou.com\/wp-content\/uploads\/2021\/06\/Brac-boat-rental-1024x683.jpg 1024w,https:\/\/seayou.com\/wp-content\/uploads\/2021\/06\/Brac-boat-rental-1920x1280.jpg 1600w\" data-ratio=\"1.5\" data-original-w=\"1600\" sizes=\"(max-width:479px) 480px,(max-width:767px) 768px,(max-width:1023px) 1024px,1600px\" title=\"\">            \n                    <\/a>\n                <\/div>\n    <\/div>\n\n<\/section><!-- widget-container -->\t\t\t\t<\/div>\n\t\t\t\t<\/div>\n\t\t\t\t<div class=\"elementor-element elementor-element-1706da4 elementor-widget elementor-widget-aux_modern_heading\" data-id=\"1706da4\" data-element_type=\"widget\" data-e-type=\"widget\" data-widget_type=\"aux_modern_heading.default\">\n\t\t\t\t<div class=\"elementor-widget-container\">\n\t\t\t\t\t<section class=\"aux-widget-modern-heading\">\n            <div class=\"aux-widget-inner\"><a href=\"https:\/\/seayou.com\/blueline-19\/\" class=\"aux-modern-heading-primary-link\"><h2 class=\"aux-modern-heading-primary\"><br>Bateau Blueline 19\n<\/h2><\/a><div class=\"aux-modern-heading-divider\"><\/div><\/div>\n        <\/section>\t\t\t\t<\/div>\n\t\t\t\t<\/div>\n\t\t\t\t<div class=\"elementor-element elementor-element-3c7aaf6 elementor-widget elementor-widget-aux_icon_list\" data-id=\"3c7aaf6\" data-element_type=\"widget\" data-e-type=\"widget\" data-widget_type=\"aux_icon_list.default\">\n\t\t\t\t<div class=\"elementor-widget-container\">\n\t\t\t\t\t<section class=\"widget-container aux-widget-icon-list aux-parent-au52cc9bd1\"><div class=\"widget-inner\"><div class=\"aux-widget-icon-list-inner\"><ul class=\"aux-icon-list-items aux-direction-horizontal\"><li class=\"aux-icon-list-item aux-list-item-has-icon aux-icon-list-item-5a9682e elementor-repeater-item-5a9682e\"><i aria-hidden=\"true\" class=\"aux-icon-list-icon auxicon2 auxicon2-code-working\"><\/i><span class=\"aux-icon-list-text\">5.5m<\/span><\/li><li class=\"aux-icon-list-item aux-list-item-has-icon aux-icon-list-item-9431073 elementor-repeater-item-9431073\"><i aria-hidden=\"true\" class=\"aux-icon-list-icon auxicon auxicon-man-people-streamline-user\"><\/i><span class=\"aux-icon-list-text\">6<\/span><\/li><li class=\"aux-icon-list-item aux-list-item-has-icon aux-icon-list-item-d0952d0 elementor-repeater-item-d0952d0\"><i aria-hidden=\"true\" class=\"aux-icon-list-icon auxicon auxicon-dashboard-speed-streamline\"><\/i><span class=\"aux-icon-list-text\">100 CH<\/span><\/li><li class=\"aux-icon-list-item aux-list-item-has-icon aux-icon-list-item-54cba48 elementor-repeater-item-54cba48\"><i aria-hidden=\"true\" class=\"aux-icon-list-icon far fa-money-bill-alt\"><\/i><span class=\"aux-icon-list-text\">Location \u00e0 partir de 160\u20ac \/jour + carburant<\/span><\/li><li class=\"aux-icon-list-item aux-list-item-has-icon aux-icon-list-item-576d873 elementor-repeater-item-576d873\"><span class=\"aux-icon-list-text\">Licence requise<\/span><\/li><\/ul><\/div><\/div><\/section><!-- widget-container -->\t\t\t\t<\/div>\n\t\t\t\t<\/div>\n\t\t\t\t<div class=\"elementor-element elementor-element-e2c3fa8 elementor-align-center elementor-mobile-align-center elementor-widget elementor-widget-button\" data-id=\"e2c3fa8\" data-element_type=\"widget\" data-e-type=\"widget\" data-widget_type=\"button.default\">\n\t\t\t\t<div class=\"elementor-widget-container\">\n\t\t\t\t\t\t\t\t\t<div class=\"elementor-button-wrapper\">\n\t\t\t\t\t<a class=\"elementor-button elementor-button-link elementor-size-xs\" href=\"https:\/\/seayou.com\/blueline-19\/\">\n\t\t\t\t\t\t<span class=\"elementor-button-content-wrapper\">\n\t\t\t\t\t\t\t\t\t<span class=\"elementor-button-text\">D\u00e9tails du bateau<\/span>\n\t\t\t\t\t<\/span>\n\t\t\t\t\t<\/a>\n\t\t\t\t<\/div>\n\t\t\t\t\t\t\t\t<\/div>\n\t\t\t\t<\/div>\n\t\t\t\t\t<\/div>\n\t\t<\/div>\n\t\t\t\t\t<\/div>\n\t\t<\/section>\n\t\t\t\t\t<\/div>\n\t\t<\/div>\n\t\t\t\t\t<\/div>\n\t\t<\/section>\n\t\t\t\t<section class=\"elementor-section elementor-top-section elementor-element elementor-element-f40514f elementor-section-boxed elementor-section-height-default elementor-section-height-default\" data-id=\"f40514f\" data-element_type=\"section\" data-e-type=\"section\">\n\t\t\t\t\t\t<div class=\"elementor-container elementor-column-gap-default\">\n\t\t\t\t\t<div class=\"aux-parallax-section elementor-column elementor-col-100 elementor-top-column elementor-element elementor-element-027a98f\" data-id=\"027a98f\" data-element_type=\"column\" data-e-type=\"column\">\n\t\t\t<div class=\"elementor-widget-wrap elementor-element-populated\">\n\t\t\t\t\t\t<div class=\"elementor-element elementor-element-460aa51 elementor-widget elementor-widget-text-editor\" data-id=\"460aa51\" data-element_type=\"widget\" data-e-type=\"widget\" data-widget_type=\"text-editor.default\">\n\t\t\t\t<div class=\"elementor-widget-container\">\n\t\t\t\t\t\t\t\t\t<p><span style=\"color: #000000;\">Saisissez le jour de votre aventure qui vous attend. D\u00e9couvrez de nombreuses \u00eeles et une magnifique nature pr\u00e9serv\u00e9e en louant un bateau. Les lignes de ferry locales ne sont pas connect\u00e9es \u00e0 de nombreuses \u00eeles, criques et villes, il est donc assez difficile de visiter de nombreux endroits en une seule journ\u00e9e. Choisissez le bateau le plus adapt\u00e9 en fonction de la taille de votre groupe et de votre exp\u00e9rience en mati\u00e8re de navigation, et partez avec vos amis et votre famille explorer des <strong> \u00eeles accessibles uniquement en bateau priv\u00e9.<\/strong> Explorez Hvar, Vis, la Lagune Bleue ou <a href=\"https:\/\/seayou.com\/blue-cave-tour-from-split\/\">la Grotte Bleue sur l&rsquo;\u00eele de Bi\u0161evo. <\/a> <\/span><\/p>\n<p><span style=\"color: #000000;\">Si vous avez <strong>un permis de navigation<\/strong>, c&rsquo;est le moyen id\u00e9al de d\u00e9couvrir les criques cach\u00e9es sur l&rsquo;Adriatique. <\/span><\/p>\n<p><span style=\"color: #000000;\">La base de nos bateaux est situ\u00e9e \u00e0 Milna sur l&rsquo;\u00eele de Bra\u010d. Milna a toujours \u00e9t\u00e9 une destination nautique importante, c&rsquo;est pourquoi les Italiens ont nomm\u00e9 la petite ville \u00ab\u00a0Valle di mille navi\u00a0\u00bb &#8211; une baie avec des milliers de bateaux. Situ\u00e9 \u00e0 seulement 30 minutes en bateau de Split, Milna est le plus grand, le plus prot\u00e9g\u00e9 et le plus beau port de l&rsquo;\u00eele de Bra\u010d. <\/span><\/p>\n<p><span style=\"color: #000000;\">Ce petit port est l&rsquo;endroit id\u00e9al pour commencer votre aventure en mer. \u00c0 seulement 30 minutes en bateau, vous pouvez vous rendre sur l&rsquo;\u00eele de Hvar pour visiter son magnifique patrimoine historique et profiter de la baignade dans les eaux cristallines le long de sa c\u00f4te. Un court trajet jusqu&rsquo;\u00e0 l&rsquo;\u00eele de \u0160olta pr\u00e8s de Milna est parfait pour profiter de petites criques isol\u00e9es et des magnifiques falaises du c\u00f4t\u00e9 sud de l&rsquo;\u00eele.<\/span><\/p>\n<p><span style=\"color: #000000;\"><strong>La location de bateaux<\/strong> est organis\u00e9e sur l&rsquo;\u00eele de <strong>Bra\u010d<\/strong> &#8211; Milna, Supetar, Sutivan, Postira, Bol, ainsi qu&rsquo;\u00e0 <strong>Split, Trogir, \u0160olta, Hvar<\/strong> et dans les environs. Prenez contact pour v\u00e9rifier les disponibilit\u00e9s et les offres sp\u00e9ciales pour les locations de plusieurs jours.<\/span><\/p>\n\t\t\t\t\t\t\t\t<\/div>\n\t\t\t\t<\/div>\n\t\t\t\t\t<\/div>\n\t\t<\/div>\n\t\t\t\t\t<\/div>\n\t\t<\/section>\n\t\t\t\t<section class=\"elementor-section elementor-top-section elementor-element elementor-element-95bba17 elementor-section-boxed elementor-section-height-default elementor-section-height-default\" data-id=\"95bba17\" data-element_type=\"section\" data-e-type=\"section\">\n\t\t\t\t\t\t<div class=\"elementor-container elementor-column-gap-default\">\n\t\t\t\t\t<div class=\"aux-parallax-section elementor-column elementor-col-100 elementor-top-column elementor-element elementor-element-e9e0de5\" data-id=\"e9e0de5\" data-element_type=\"column\" data-e-type=\"column\">\n\t\t\t<div class=\"elementor-widget-wrap elementor-element-populated\">\n\t\t\t\t\t\t<div class=\"elementor-element elementor-element-35a3e73 elementor-widget elementor-widget-heading\" data-id=\"35a3e73\" data-element_type=\"widget\" data-e-type=\"widget\" data-widget_type=\"heading.default\">\n\t\t\t\t<div class=\"elementor-widget-container\">\n\t\t\t\t\t<h2 class=\"elementor-heading-title elementor-size-default\">Location de bateaux \u00e0 Milna, \u00eele de Bra\u010d<\/h2>\t\t\t\t<\/div>\n\t\t\t\t<\/div>\n\t\t\t\t\t<\/div>\n\t\t<\/div>\n\t\t\t\t\t<\/div>\n\t\t<\/section>\n\t\t\t\t<section class=\"elementor-section elementor-top-section elementor-element elementor-element-80d213a elementor-section-boxed elementor-section-height-default elementor-section-height-default\" data-id=\"80d213a\" data-element_type=\"section\" data-e-type=\"section\">\n\t\t\t\t\t\t<div class=\"elementor-container elementor-column-gap-default\">\n\t\t\t\t\t<div class=\"aux-parallax-section elementor-column elementor-col-100 elementor-top-column elementor-element elementor-element-8b64d57\" data-id=\"8b64d57\" data-element_type=\"column\" data-e-type=\"column\">\n\t\t\t<div class=\"elementor-widget-wrap elementor-element-populated\">\n\t\t\t\t\t\t<div class=\"elementor-element elementor-element-6f7be3f elementor-widget elementor-widget-text-editor\" data-id=\"6f7be3f\" data-element_type=\"widget\" data-e-type=\"widget\" data-widget_type=\"text-editor.default\">\n\t\t\t\t<div class=\"elementor-widget-container\">\n\t\t\t\t\t\t\t\t\t<p><span style=\"font-weight: 400;\">La location de bateau est la meilleure option si vous voulez \u00e9chapper aux plages bond\u00e9es et trouver un endroit tranquille pour nager, faire de la plong\u00e9e avec tuba ou simplement vous d\u00e9tendre sous le soleil. <\/span><b>Location de bateau<\/b><span style=\"font-weight: 400;\"> pendant une journ\u00e9e ou quelques jours et profitez de l&rsquo;atmosph\u00e8re apaisante de <\/span><b>baies cach\u00e9es<\/b><span style=\"font-weight: 400;\"> de l&rsquo;\u00eele de Bra\u010d, loin des villes bruyantes et des plages anim\u00e9es, comme un capitaine<\/span><\/p>\n<p><span style=\"font-weight: 400;\"><span style=\"color: #000000;\">Si vous avez un<\/span><\/span> <span style=\"color: #000000;\"><b>permis de navigation<\/b>, <span style=\"font-weight: 400;\">soyez capitaine d&rsquo;un<\/span> <b>bateau priv\u00e9<\/b> <span style=\"font-weight: 400;\">pour une journ\u00e9e et vivez la vraie vie insulaire<\/span> <span style=\"font-weight: 400;\">&nbsp;&nbsp;<\/span><\/span><\/p>\n<p style=\"text-align: center;\"><span style=\"color: #000000;\"><span style=\"font-weight: 400;\">En fonction de la taille de votre groupe et de vos besoins,<\/span> <b>diff\u00e9rents types de bateaux \u00e0 moteur<\/b> <span style=\"font-weight: 400;\">sont disponibles pour soit naviguer autour des petites baies, soit un luxueux bateau \u00e0 moteur plus confortable pour une journ\u00e9e dont vous vous souviendrez toujours. Tous les bateaux sont <\/span><b>r\u00e9guli\u00e8rement entretenus<\/b> <span style=\"font-weight: 400;\">par notre service technique qui travaille dur \u00e0 terre pour que tout se passe bien en mer.<\/span><\/span><\/p>\n<p style=\"text-align: center;\"><span style=\"color: #000000;\"><span style=\"font-weight: 400;\"><strong>Notre service de location de bateaux est bas\u00e9 \u00e0 <a href=\"https:\/\/goo.gl\/maps\/ZyREVXF29jh34k9u9\" target=\"_blank\" rel=\"noopener\">Milna<\/a><\/strong> &#8211; le plus grand port naturel de l&rsquo;\u00eele de Bra\u010d. Cependant, nous proposons un service de location de bateaux et des visites guid\u00e9es en bateau \u00e0 travers l&rsquo;\u00eele ainsi que dans les environs, comme Split ou l&rsquo;\u00eele de Hvar. N&rsquo;h\u00e9sitez pas \u00e0 contacter nos agents pour une offre de location de bateaux sur mesure et des demandes de location de plusieurs jours si vous vous trouvez \u00e0 Sutivan, Supetar, Postira, Pu\u010di\u0161\u0107a, Bol, Sumartin ou m\u00eame \u00e0 Trogir, \u0160olta ou Hvar.&nbsp;<\/span><\/span><\/p>\n<p style=\"text-align: center;\"><span style=\"color: #000000;\">Contactez-nous \u00e0 tout moment pour organiser facilement et commod\u00e9ment la location d&rsquo;un bateau et transformez vos vacances en une exp\u00e9rience de vos r\u00eaves. Choisissez parmi les diff\u00e9rents bateaux et louez le bateau parfait pour r\u00e9pondre au mieux \u00e0 vos besoins.&nbsp;<\/span><\/p>\n<p style=\"text-align: center;\"><span style=\"color: #000000;\"><span style=\"font-weight: 400;\">Pour profiter pleinement de la journ\u00e9e,<\/span> <b>r\u00e9cup\u00e9rez le bateau \u00e0 &nbsp;<a href=\"https:\/\/goo.gl\/maps\/ZyREVXF29jh34k9u9\" target=\"_blank\" rel=\"noopener\">Milna<\/a> pendant les heures du matin.<\/b><span style=\"font-weight: 400;\">. Les heures du matin sont \u00e9galement le moment id\u00e9al pour ceux qui veulent profiter d&rsquo;une promenade en bateau paisible sur la <\/span><b>mer lisse et calme<\/b><span style=\"font-weight: 400;\">. Ceux qui pr\u00e9f\u00e8rent naviguer dans des eaux calmes trouveront la r\u00e9gion de Milna sur l&rsquo;\u00eele de Bra\u010d l&rsquo;option parfaite pour naviguer et nager depuis le bateau. Avec ses nombreuses baies tranquilles, Milna est l&rsquo;endroit id\u00e9al pour passer une journ\u00e9e vraiment reposante. Pour rendre votre journ\u00e9e en mer plus agr\u00e9able, n&rsquo;oubliez pas d&rsquo;apporter tout ce dont vous pourriez avoir besoin pour une journ\u00e9e facile \u00e0 bord. <\/span><\/span><\/p>\n<p style=\"text-align: center;\"><span style=\"color: #000000;\">Contactez-nous pour v\u00e9rifier la disponibilit\u00e9 et les offres sp\u00e9ciales pour les locations de plusieurs jours. Annulation gratuite pour 2023. Contactez nos agents 24h\/24 et 7j\/7 pour une <\/span><a href=\"https:\/\/seayou.com\/contact-us\/\">Devis.<\/a><\/p>\t\t\t\t\t\t\t\t<\/div>\n\t\t\t\t<\/div>\n\t\t\t\t\t<\/div>\n\t\t<\/div>\n\t\t\t\t\t<\/div>\n\t\t<\/section>\n\t\t\t\t<\/div>\n\t\t","protected":false},"excerpt":{"rendered":"<p>Louez un bateau \u00e0 Milna Zodiac Shark BF 23 Sport 6.8m 8 150 CH Location \u00e0 partir de 300 EUR par jour Licence requise D\u00e9tails du bateau Bateau Blueline 19 5.5m 6 100 CH Location \u00e0 partir de 160\u20ac \/jour + carburant Licence requise D\u00e9tails du bateau Saisissez le jour de votre aventure qui vous [&hellip;]<\/p>\n","protected":false},"author":1,"featured_media":0,"parent":0,"menu_order":0,"comment_status":"closed","ping_status":"closed","template":"","meta":{"_joinchat":[],"footnotes":""},"class_list":["post-12658","page","type-page","status-publish","hentry"],"_links":{"self":[{"href":"https:\/\/seayou.com\/fr\/wp-json\/wp\/v2\/pages\/12658","targetHints":{"allow":["GET"]}}],"collection":[{"href":"https:\/\/seayou.com\/fr\/wp-json\/wp\/v2\/pages"}],"about":[{"href":"https:\/\/seayou.com\/fr\/wp-json\/wp\/v2\/types\/page"}],"author":[{"embeddable":true,"href":"https:\/\/seayou.com\/fr\/wp-json\/wp\/v2\/users\/1"}],"replies":[{"embeddable":true,"href":"https:\/\/seayou.com\/fr\/wp-json\/wp\/v2\/comments?post=12658"}],"version-history":[{"count":0,"href":"https:\/\/seayou.com\/fr\/wp-json\/wp\/v2\/pages\/12658\/revisions"}],"wp:attachment":[{"href":"https:\/\/seayou.com\/fr\/wp-json\/wp\/v2\/media?parent=12658"}],"curies":[{"name":"wp","href":"https:\/\/api.w.org\/{rel}","templated":true}]}}