{"id":12632,"date":"2022-09-13T11:55:00","date_gmt":"2022-09-13T10:55:00","guid":{"rendered":"https:\/\/seayou.com\/termes-et-conditions\/"},"modified":"2025-04-07T12:10:47","modified_gmt":"2025-04-07T11:10:47","slug":"termes-et-conditions","status":"publish","type":"page","link":"https:\/\/seayou.com\/fr\/termes-et-conditions\/","title":{"rendered":"Termes et Conditions"},"content":{"rendered":"\t\t<div data-elementor-type=\"wp-page\" data-elementor-id=\"12632\" class=\"elementor elementor-12632 elementor-6588\" data-elementor-post-type=\"page\">\n\t\t\t\t\t\t<section class=\"elementor-section elementor-top-section elementor-element elementor-element-4a2bee0f elementor-section-boxed elementor-section-height-default elementor-section-height-default\" data-id=\"4a2bee0f\" data-element_type=\"section\" data-e-type=\"section\">\n\t\t\t\t\t\t<div class=\"elementor-container elementor-column-gap-default\">\n\t\t\t\t\t<div class=\"aux-parallax-section elementor-column elementor-col-100 elementor-top-column elementor-element elementor-element-71242bb\" data-id=\"71242bb\" data-element_type=\"column\" data-e-type=\"column\">\n\t\t\t<div class=\"elementor-widget-wrap elementor-element-populated\">\n\t\t\t\t\t\t<div class=\"elementor-element elementor-element-6b98cb1 elementor-widget elementor-widget-aux_breadcrumbs\" data-id=\"6b98cb1\" data-element_type=\"widget\" data-e-type=\"widget\" data-widget_type=\"aux_breadcrumbs.default\">\n\t\t\t\t<div class=\"elementor-widget-container\">\n\t\t\t\t\t<div class=\"aux-elementor-breadcrumbs\"><p class=\"aux-breadcrumbs\"><span class=\"aux-breadcrumb-sep breadcrumb-icon Array\"><\/span><span><a href=\"https:\/\/seayou.com\/fr\/\" title=\"Home\">Home<\/a><\/span><\/div>\t\t\t\t<\/div>\n\t\t\t\t<\/div>\n\t\t\t\t<div class=\"elementor-element elementor-element-7938eff8 elementor-widget elementor-widget-text-editor\" data-id=\"7938eff8\" data-element_type=\"widget\" data-e-type=\"widget\" data-widget_type=\"text-editor.default\">\n\t\t\t\t<div class=\"elementor-widget-container\">\n\t\t\t\t\t\t\t\t\t<h1 style=\"text-align: center;\">Termes &amp; Conditions<\/h1><h2><strong>GENERALE<\/strong><\/h2><p>En acc\u00e9dant et en passant une commande aupr\u00e8s de Plavi bob d.o.o., Riva 6, 21405 Milna, vous confirmez que vous \u00eates en accord avec et li\u00e9 par les conditions de service contenues dans les Conditions G\u00e9n\u00e9rales \u00e9nonc\u00e9es ci-dessous. Ces termes s&rsquo;appliquent \u00e0 l&rsquo;ensemble du site Web et \u00e0 toute communication par e-mail ou tout autre type de communication entre vous et l&rsquo;agence.<\/p><h2><strong>TERMES DE LIVRAISON<\/strong><\/h2><p>La livraison de services dans le tourisme fait r\u00e9f\u00e9rence \u00e0 la fourniture des besoins des touristes. Tout cela vise \u00e0 rendre l&rsquo;exp\u00e9rience du touriste m\u00e9morable afin d&rsquo;encourager une nouvelle visite ou plusieurs visites.<\/p><p>Plavi bob d.o.o., dont le si\u00e8ge social est situ\u00e9 au \u00a0Riva 6, 21405 Milna, agissant en tant qu&rsquo;agence, garantit de fournir tous les services de voyage achet\u00e9s par le client sur le site web www.seayou.com conform\u00e9ment aux Conditions G\u00e9n\u00e9rales. Le Client est tenu de fournir toutes les informations n\u00e9cessaires au processus de r\u00e9servation.<\/p><h2><strong>R\u00e9servation et paiement<\/strong><\/h2><p>Pour confirmer une r\u00e9servation en ligne via le syst\u00e8me de r\u00e9servation de l&rsquo;agence sur le site web, un d\u00e9p\u00f4t de r\u00e9servation ou le paiement du montant total est requis. Apr\u00e8s avoir effectu\u00e9 le paiement, vous recevrez un e-mail de confirmation avec les d\u00e9tails du voyage et un re\u00e7us mobile.<\/p><p>Le paiement via le syst\u00e8me de r\u00e9servation en ligne de l&rsquo;agence se fait par carte de cr\u00e9dit ou PayPal.<\/p><h2><strong>PRIX ET CONTENU<\/strong><\/h2><p>Les prix affich\u00e9s sur le site web sont les prix officiels des services.\u00a0\u00bb L&rsquo;agence se r\u00e9serve le droit d&rsquo;apporter des modifications aux prix en cas de changements drastiques bas\u00e9s sur les co\u00fbts du carburant ou d&rsquo;autres services.<\/p><p>\u00a0<\/p><p><strong>POLITIQUE D&rsquo;ANNULATION<\/strong><\/p><p><strong>Annulation du client<\/strong><\/p><p>TOUTES les annulations doivent \u00eatre faites par \u00e9crit, par e-mail.<\/p><p>Politique d&rsquo;annulation flexible : Remboursement int\u00e9gral de l&rsquo;acompte pour les annulations jusqu&rsquo;\u00e0 24 heures avant la date de la visite r\u00e9serv\u00e9e, du service de transfert ou de la location de bateau.<\/p><p>Le d\u00e9p\u00f4t de r\u00e9servation pay\u00e9, \u00e9quivalent \u00e0 20% du prix total, n&rsquo;est pas rembours\u00e9 en cas de non-pr\u00e9sentation ou d&rsquo;annulation moins de 24 heures avant l&rsquo;heure de d\u00e9but de la visite, du service de transfert ou de la location de bateau.<\/p><p><strong>Annulation de l&rsquo;agence<\/strong><\/p><p>L&rsquo;agence se r\u00e9serve le droit de modifier l&rsquo;itin\u00e9raire ou d&rsquo;annuler le voyage en raison de mauvaises conditions m\u00e9t\u00e9orologiques.<\/p><p>En cas de conditions m\u00e9t\u00e9orologiques extr\u00eames survenues de mani\u00e8re inattendue <strong> lors d&rsquo;une excursion d\u00e9j\u00e0 en cours<\/strong>, l&rsquo;agence se r\u00e9serve le droit de modifier l&rsquo;itin\u00e9raire pour des raisons de s\u00e9curit\u00e9 sans pr\u00e9avis.<\/p><p>En cas de modifications majeures ou d&rsquo;annulations d&rsquo;une partie sp\u00e9cifique de <strong>la visite qui n&rsquo;a pas encore commenc\u00e9<\/strong>, l&rsquo;agence informera le client avant le d\u00e9but de la visite et fournira les options suivantes :<\/p><ol><li>a) Le client peut accepter la visite alternative<\/li><li>b) Le client peut annuler sans frais d&rsquo;annulation<\/li><li>c) Le client peut reprogrammer la visite initiale pour la prochaine date disponible.<\/li><\/ol><p>L&rsquo;horaire des visites est approximatif et peut \u00eatre ajust\u00e9 en fonction de la situation et des conditions en mer.<\/p><p><strong>Nombre minimum de participants<\/strong><\/p><p>L&rsquo;agence se r\u00e9serve le droit d&rsquo;annuler ou de reporter la visite si le nombre minimum de participants n&rsquo;est pas atteint pour une visite de groupe.<\/p><h2>\u00a0<\/h2><h2><strong>S\u00e9curit\u00e9 des informations personnelles<\/strong><\/h2><p>Pour finaliser une r\u00e9servation, nos clients sont invit\u00e9s \u00e0 fournir des informations personnelles (nom, num\u00e9ro de t\u00e9l\u00e9phone et adresse e-mail). Ces informations ne sont jamais partag\u00e9es avec un tiers et ne sont utilis\u00e9es que par le service marketing de Plavi Bob d.o.o..<\/p><p>Lire la suite : <a href=\"https:\/\/seayou.com\/privacy-policy\/\">POLITIQUE DE CONFIDENTIALIT\u00c9<\/a><\/p><h2><strong>MODIFICATIONS<\/strong><\/h2><p>Plavi bob d.o.o. se r\u00e9serve le droit de r\u00e9viser ces conditions d&rsquo;utilisation de son site web \u00e0 tout moment sans pr\u00e9avis En utilisant ce site web, vous acceptez d&rsquo;\u00eatre li\u00e9 par la version actuelle de ces conditions d&rsquo;utilisation.<\/p><h2><strong>PLAINTES ET DEMANDES DE REMBOURSEMENT<\/strong><\/h2><p>Si pour une raison quelconque vous n&rsquo;\u00eates pas enti\u00e8rement satisfait des services que nous fournissons, veuillez contacter nos agents dans les 7 jours suivant la fin de la visite.<\/p><p>Un remboursement sera pris en consid\u00e9ration si les services de la visite sont incomplets ou ex\u00e9cut\u00e9s en dessous des normes. Le client a droit \u00e0 un remboursement correspondant \u00e0 la valeur r\u00e9elle du service qui n&rsquo;a pas \u00e9t\u00e9 fourni.<\/p><p class=\"Normal\">\u00a0<\/p>\t\t\t\t\t\t\t\t<\/div>\n\t\t\t\t<\/div>\n\t\t\t\t\t<\/div>\n\t\t<\/div>\n\t\t\t\t\t<\/div>\n\t\t<\/section>\n\t\t\t\t<\/div>\n\t\t","protected":false},"excerpt":{"rendered":"<p>Home Termes &amp; Conditions GENERALE En acc\u00e9dant et en passant une commande aupr\u00e8s de Plavi bob d.o.o., Riva 6, 21405 Milna, vous confirmez que vous \u00eates en accord avec et li\u00e9 par les conditions de service contenues dans les Conditions G\u00e9n\u00e9rales \u00e9nonc\u00e9es ci-dessous. Ces termes s&rsquo;appliquent \u00e0 l&rsquo;ensemble du site Web et \u00e0 toute communication [&hellip;]<\/p>\n","protected":false},"author":3,"featured_media":0,"parent":0,"menu_order":0,"comment_status":"closed","ping_status":"closed","template":"","meta":{"_joinchat":[],"footnotes":""},"class_list":["post-12632","page","type-page","status-publish","hentry"],"_links":{"self":[{"href":"https:\/\/seayou.com\/fr\/wp-json\/wp\/v2\/pages\/12632","targetHints":{"allow":["GET"]}}],"collection":[{"href":"https:\/\/seayou.com\/fr\/wp-json\/wp\/v2\/pages"}],"about":[{"href":"https:\/\/seayou.com\/fr\/wp-json\/wp\/v2\/types\/page"}],"author":[{"embeddable":true,"href":"https:\/\/seayou.com\/fr\/wp-json\/wp\/v2\/users\/3"}],"replies":[{"embeddable":true,"href":"https:\/\/seayou.com\/fr\/wp-json\/wp\/v2\/comments?post=12632"}],"version-history":[{"count":3,"href":"https:\/\/seayou.com\/fr\/wp-json\/wp\/v2\/pages\/12632\/revisions"}],"predecessor-version":[{"id":16161,"href":"https:\/\/seayou.com\/fr\/wp-json\/wp\/v2\/pages\/12632\/revisions\/16161"}],"wp:attachment":[{"href":"https:\/\/seayou.com\/fr\/wp-json\/wp\/v2\/media?parent=12632"}],"curies":[{"name":"wp","href":"https:\/\/api.w.org\/{rel}","templated":true}]}}