{"id":12621,"date":"2024-02-01T13:03:41","date_gmt":"2024-02-01T12:03:41","guid":{"rendered":"https:\/\/seayou.com\/blog\/"},"modified":"2024-12-10T16:56:07","modified_gmt":"2024-12-10T15:56:07","slug":"blog","status":"publish","type":"page","link":"https:\/\/seayou.com\/fr\/blog\/","title":{"rendered":"Blog"},"content":{"rendered":"\t\t<div data-elementor-type=\"wp-page\" data-elementor-id=\"12621\" class=\"elementor elementor-12621 elementor-10810\" data-elementor-post-type=\"page\">\n\t\t\t\t\t\t<section class=\"elementor-section elementor-top-section elementor-element elementor-element-a5e2746 elementor-section-boxed elementor-section-height-default elementor-section-height-default\" data-id=\"a5e2746\" data-element_type=\"section\" data-e-type=\"section\">\n\t\t\t\t\t\t<div class=\"elementor-container elementor-column-gap-default\">\n\t\t\t\t\t<div class=\"aux-parallax-section elementor-column elementor-col-100 elementor-top-column elementor-element elementor-element-9ff3623\" data-id=\"9ff3623\" data-element_type=\"column\" data-e-type=\"column\">\n\t\t\t<div class=\"elementor-widget-wrap elementor-element-populated\">\n\t\t\t\t\t\t<div class=\"elementor-element elementor-element-6202203 elementor-widget elementor-widget-heading\" data-id=\"6202203\" data-element_type=\"widget\" data-e-type=\"widget\" data-widget_type=\"heading.default\">\n\t\t\t\t<div class=\"elementor-widget-container\">\n\t\t\t\t\t<h1 class=\"elementor-heading-title elementor-size-default\">Guide essentiel de SeaYou pour la Croatie en 2025<\/h1>\t\t\t\t<\/div>\n\t\t\t\t<\/div>\n\t\t\t\t\t<\/div>\n\t\t<\/div>\n\t\t\t\t\t<\/div>\n\t\t<\/section>\n\t\t\t\t<section class=\"elementor-section elementor-top-section elementor-element elementor-element-6e6d80e elementor-section-boxed elementor-section-height-default elementor-section-height-default\" data-id=\"6e6d80e\" data-element_type=\"section\" data-e-type=\"section\">\n\t\t\t\t\t\t<div class=\"elementor-container elementor-column-gap-default\">\n\t\t\t\t\t<div class=\"aux-parallax-section elementor-column elementor-col-100 elementor-top-column elementor-element elementor-element-ac41f15\" data-id=\"ac41f15\" data-element_type=\"column\" data-e-type=\"column\">\n\t\t\t<div class=\"elementor-widget-wrap\">\n\t\t\t\t\t\t\t<\/div>\n\t\t<\/div>\n\t\t\t\t\t<\/div>\n\t\t<\/section>\n\t\t\t\t<section class=\"elementor-section elementor-top-section elementor-element elementor-element-6b9d506 elementor-section-boxed elementor-section-height-default elementor-section-height-default\" data-id=\"6b9d506\" data-element_type=\"section\" data-e-type=\"section\">\n\t\t\t\t\t\t<div class=\"elementor-container elementor-column-gap-default\">\n\t\t\t\t\t<div class=\"aux-parallax-section elementor-column elementor-col-100 elementor-top-column elementor-element elementor-element-b50b935\" data-id=\"b50b935\" data-element_type=\"column\" data-e-type=\"column\">\n\t\t\t<div class=\"elementor-widget-wrap elementor-element-populated\">\n\t\t\t\t\t\t<div class=\"elementor-element elementor-element-76322a3 elementor-widget elementor-widget-aux_recent_posts_masonry\" data-id=\"76322a3\" data-element_type=\"widget\" data-e-type=\"widget\" data-settings=\"{&quot;columns&quot;:&quot;3&quot;,&quot;columns_tablet&quot;:&quot;inherit&quot;,&quot;columns_mobile&quot;:&quot;1&quot;}\" data-widget_type=\"aux_recent_posts_masonry.default\">\n\t\t\t\t<div class=\"elementor-widget-container\">\n\t\t\t\t\t<section class=\"widget-container aux-widget-recent-posts-masonry aux-column-post-entry aux-parent-aua5ab8eb9\"><div data-element-id=\"aua5ab8eb9\" class=\"aux-masonry-layout  aux-de-col3 aux-tb-col3 aux-mb-col1 aux-ajax-view \"><div class=\"aux-col aux-post-masonry post-16580\">\n                        <article class=\"post column-entry post-16580 type-post status-publish format-standard has-post-thumbnail hentry category-non-classifiee\">\n                                                        <div class=\"entry-media\"><div class=\"aux-media-frame aux-media-image aux-image-mask\"><a href=\"https:\/\/seayou.com\/fr\/non-classifiee\/excursion-a-la-grotte-bleue-depuis-brac\/\"><img fetchpriority=\"high\" decoding=\"async\" width=\"1024\" height=\"853\" src=\"https:\/\/seayou.com\/wp-content\/uploads\/2025\/02\/bluecave-11-e1617730435962-40x40.webp\" class=\"aux-attachment aux-featured-image attachment-1024x853 aux-attachment-id-15025  aux-preload aux-has-preview\" alt=\"Interior of the Blue Cave in Croatia\" data-ratio=\"1\" data-original-w=\"1280\" sizes=\"auto\" data-srcset=\"https:\/\/seayou.com\/wp-content\/uploads\/2025\/02\/bluecave-11-e1617730435962-150x150.webp 150w,https:\/\/seayou.com\/wp-content\/uploads\/2025\/02\/bluecave-11-e1617730435962-300x300.webp 300w,https:\/\/seayou.com\/wp-content\/uploads\/2025\/02\/bluecave-11-e1617730435962-768x768.webp 768w,https:\/\/seayou.com\/wp-content\/uploads\/2025\/02\/bluecave-11-e1617730435962-1024x1024.webp 1024w,https:\/\/seayou.com\/wp-content\/uploads\/2025\/02\/bluecave-11-e1617730435962-1024x1024.webp 1024w,https:\/\/seayou.com\/wp-content\/uploads\/2025\/02\/bluecave-11-e1617730435962-1270x1270.webp 1270w\" data-src=\"https:\/\/seayou.com\/wp-content\/uploads\/2025\/02\/bluecave-11-e1617730435962-1024x1024.webp\" title=\"\"><\/a><\/div><\/div>\n                            \n                            <div class=\"entry-main\">\n                                                        \n                                <header class=\"entry-header\">\n                                \n                                    <h4 class=\"entry-title\">\n                                        <a href=\"https:\/\/seayou.com\/fr\/non-classifiee\/excursion-a-la-grotte-bleue-depuis-brac\/\">\n                                            Excursion \u00e0 la Grotte Bleue depuis Bra\u010d                                        <\/a>\n                                    <\/h4>\n                                                                    <div class=\"entry-format\">\n                                        <a href=\"https:\/\/seayou.com\/fr\/non-classifiee\/excursion-a-la-grotte-bleue-depuis-brac\/\">\n                                            <div class=\"post-format format-\"> <\/div>\n                                        <\/a>\n                                    <\/div>\n                                <\/header>\n                                                            \n                                <div class=\"entry-info\">\n                                                                                                                                                                                                        <\/div>\n                            \n                                                            <div class=\"entry-content\">\n                                                                            <p>Visite de la Grotte Bleue depuis Bra\u010d \u2013 Votre guide ultime 2025\t\t\t\t\n\t\tPr\u00e9parez-vous pour une aventure inoubliable ! Ce guide couvre tout ce que vous devez savoi ...<\/p><div class=\"clear\"><\/div>                                <\/div>\n                                                                                        <footer class=\"entry-meta aux-after-content\">\n                                                                        <div class=\"readmore\">\n                                        <a href=\"https:\/\/seayou.com\/fr\/non-classifiee\/excursion-a-la-grotte-bleue-depuis-brac\/\" class=\"aux-read-more\"><span class=\"aux-read-more-text\">En savoir plus<\/span><\/a>\n                                    <\/div>\n                                                                    <\/footer>\n                            \n                            <\/div>\n\n                        <\/article>\n<\/div><div class=\"aux-col aux-post-masonry post-13432\">\n                        <article class=\"post column-entry post-13432 type-post status-publish format-standard has-post-thumbnail hentry category-non-classifiee\">\n                                                        <div class=\"entry-media\"><div class=\"aux-media-frame aux-media-image aux-image-mask\"><a href=\"https:\/\/seayou.com\/fr\/non-classifiee\/decouverte-de-la-cuisine-dalmate\/\"><img decoding=\"async\" width=\"1024\" height=\"1024\" src=\"https:\/\/seayou.com\/wp-content\/uploads\/2020\/08\/komiza-1-40x40.jpg\" class=\"aux-attachment aux-featured-image attachment-1024x1024 aux-attachment-id-13433  aux-preload aux-has-preview\" alt=\"komiza\" data-ratio=\"1\" data-original-w=\"1707\" sizes=\"auto\" data-srcset=\"https:\/\/seayou.com\/wp-content\/uploads\/2020\/08\/komiza-1-150x150.jpg 150w,https:\/\/seayou.com\/wp-content\/uploads\/2020\/08\/komiza-1-300x300.jpg 300w,https:\/\/seayou.com\/wp-content\/uploads\/2020\/08\/komiza-1-768x768.jpg 768w,https:\/\/seayou.com\/wp-content\/uploads\/2020\/08\/komiza-1-1024x1024.jpg 1024w,https:\/\/seayou.com\/wp-content\/uploads\/2020\/08\/komiza-1-1024x1024.jpg 1024w,https:\/\/seayou.com\/wp-content\/uploads\/2020\/08\/komiza-1-1697x1697.jpg 1697w\" data-src=\"https:\/\/seayou.com\/wp-content\/uploads\/2020\/08\/komiza-1-1024x1024.jpg\" title=\"\"><\/a><\/div><\/div>\n                            \n                            <div class=\"entry-main\">\n                                                        \n                                <header class=\"entry-header\">\n                                \n                                    <h4 class=\"entry-title\">\n                                        <a href=\"https:\/\/seayou.com\/fr\/non-classifiee\/decouverte-de-la-cuisine-dalmate\/\">\n                                            La cuisine dalmate d\u00e9voil\u00e9e                                        <\/a>\n                                    <\/h4>\n                                                                    <div class=\"entry-format\">\n                                        <a href=\"https:\/\/seayou.com\/fr\/non-classifiee\/decouverte-de-la-cuisine-dalmate\/\">\n                                            <div class=\"post-format format-\"> <\/div>\n                                        <\/a>\n                                    <\/div>\n                                <\/header>\n                                                            \n                                <div class=\"entry-info\">\n                                                                                                                                                                                                        <\/div>\n                            \n                                                            <div class=\"entry-content\">\n                                                                            <p>D\u00e9couverte de la cuisine dalmate : exploration des tr\u00e9sors culinaires cach\u00e9s\t\t\t\t\n\t\t\t\t\t\u00cates-vous novice en Croatie et vous ne savez pas \u00e0 quoi vous attendre de l ...<\/p><div class=\"clear\"><\/div>                                <\/div>\n                                                                                        <footer class=\"entry-meta aux-after-content\">\n                                                                        <div class=\"readmore\">\n                                        <a href=\"https:\/\/seayou.com\/fr\/non-classifiee\/decouverte-de-la-cuisine-dalmate\/\" class=\"aux-read-more\"><span class=\"aux-read-more-text\">En savoir plus<\/span><\/a>\n                                    <\/div>\n                                                                    <\/footer>\n                            \n                            <\/div>\n\n                        <\/article>\n<\/div><div class=\"aux-col aux-post-masonry post-13613\">\n                        <article class=\"post column-entry post-13613 type-post status-publish format-standard has-post-thumbnail hentry category-non-classifiee\">\n                                                        <div class=\"entry-media\"><div class=\"aux-media-frame aux-media-image aux-image-mask\"><a href=\"https:\/\/seayou.com\/fr\/non-classifiee\/les-meilleures-iles-a-visiter-pres-de-split\/\"><img decoding=\"async\" width=\"1024\" height=\"1024\" src=\"https:\/\/seayou.com\/wp-content\/uploads\/2020\/08\/komiza-1-40x40.jpg\" class=\"aux-attachment aux-featured-image attachment-1024x1024 aux-attachment-id-13433  aux-preload aux-has-preview\" alt=\"komiza\" data-ratio=\"1\" data-original-w=\"1707\" sizes=\"auto\" data-srcset=\"https:\/\/seayou.com\/wp-content\/uploads\/2020\/08\/komiza-1-150x150.jpg 150w,https:\/\/seayou.com\/wp-content\/uploads\/2020\/08\/komiza-1-300x300.jpg 300w,https:\/\/seayou.com\/wp-content\/uploads\/2020\/08\/komiza-1-768x768.jpg 768w,https:\/\/seayou.com\/wp-content\/uploads\/2020\/08\/komiza-1-1024x1024.jpg 1024w,https:\/\/seayou.com\/wp-content\/uploads\/2020\/08\/komiza-1-1024x1024.jpg 1024w,https:\/\/seayou.com\/wp-content\/uploads\/2020\/08\/komiza-1-1697x1697.jpg 1697w\" data-src=\"https:\/\/seayou.com\/wp-content\/uploads\/2020\/08\/komiza-1-1024x1024.jpg\" title=\"\"><\/a><\/div><\/div>\n                            \n                            <div class=\"entry-main\">\n                                                        \n                                <header class=\"entry-header\">\n                                \n                                    <h4 class=\"entry-title\">\n                                        <a href=\"https:\/\/seayou.com\/fr\/non-classifiee\/les-meilleures-iles-a-visiter-pres-de-split\/\">\n                                            Visitez les \u00eeles pr\u00e8s de Split                                        <\/a>\n                                    <\/h4>\n                                                                    <div class=\"entry-format\">\n                                        <a href=\"https:\/\/seayou.com\/fr\/non-classifiee\/les-meilleures-iles-a-visiter-pres-de-split\/\">\n                                            <div class=\"post-format format-\"> <\/div>\n                                        <\/a>\n                                    <\/div>\n                                <\/header>\n                                                            \n                                <div class=\"entry-info\">\n                                                                                                                                                                                                        <\/div>\n                            \n                                                            <div class=\"entry-content\">\n                                                                            <p>Visitez les meilleures \u00eeles pr\u00e8s de Split\t\t\t\t\n\t\t\t\t\tExplorez les \u00eeles pr\u00e8s de Split lors d'une excursion d'\u00eele en \u00eele priv\u00e9e ou en groupe. Profitez pleinement de ...<\/p><div class=\"clear\"><\/div>                                <\/div>\n                                                                                        <footer class=\"entry-meta aux-after-content\">\n                                                                        <div class=\"readmore\">\n                                        <a href=\"https:\/\/seayou.com\/fr\/non-classifiee\/les-meilleures-iles-a-visiter-pres-de-split\/\" class=\"aux-read-more\"><span class=\"aux-read-more-text\">En savoir plus<\/span><\/a>\n                                    <\/div>\n                                                                    <\/footer>\n                            \n                            <\/div>\n\n                        <\/article>\n<\/div><div class=\"aux-col aux-post-masonry post-13618\">\n                        <article class=\"post column-entry post-13618 type-post status-publish format-standard has-post-thumbnail hentry category-non-classifiee\">\n                                                        <div class=\"entry-media\"><div class=\"aux-media-frame aux-media-image aux-image-mask\"><a href=\"https:\/\/seayou.com\/fr\/non-classifiee\/decouvrez-lile-de-brac\/\"><img decoding=\"async\" width=\"1024\" height=\"768\" src=\"https:\/\/seayou.com\/wp-content\/uploads\/2020\/08\/Zlatni_rat_from_Vidova_Gora-40x40.jpg\" class=\"aux-attachment aux-featured-image attachment-1024x768 aux-attachment-id-13623  aux-preload aux-has-preview\" alt=\"Zlatni_rat_from_Vidova_Gora\" data-ratio=\"1\" data-original-w=\"1024\" sizes=\"auto\" data-srcset=\"https:\/\/seayou.com\/wp-content\/uploads\/2020\/08\/Zlatni_rat_from_Vidova_Gora-150x150.jpg 150w,https:\/\/seayou.com\/wp-content\/uploads\/2020\/08\/Zlatni_rat_from_Vidova_Gora-300x300.jpg 300w,https:\/\/seayou.com\/wp-content\/uploads\/2020\/08\/Zlatni_rat_from_Vidova_Gora-768x768.jpg 768w,https:\/\/seayou.com\/wp-content\/uploads\/2020\/08\/Zlatni_rat_from_Vidova_Gora-1024x1024.jpg 1024w,https:\/\/seayou.com\/wp-content\/uploads\/2020\/08\/Zlatni_rat_from_Vidova_Gora-1014x1014.jpg 1014w\" data-src=\"https:\/\/seayou.com\/wp-content\/uploads\/2020\/08\/Zlatni_rat_from_Vidova_Gora-1024x1024.jpg\" title=\"\"><\/a><\/div><\/div>\n                            \n                            <div class=\"entry-main\">\n                                                        \n                                <header class=\"entry-header\">\n                                \n                                    <h4 class=\"entry-title\">\n                                        <a href=\"https:\/\/seayou.com\/fr\/non-classifiee\/decouvrez-lile-de-brac\/\">\n                                            D\u00e9couvrez l&rsquo;\u00eele de Bra\u010d                                        <\/a>\n                                    <\/h4>\n                                                                    <div class=\"entry-format\">\n                                        <a href=\"https:\/\/seayou.com\/fr\/non-classifiee\/decouvrez-lile-de-brac\/\">\n                                            <div class=\"post-format format-\"> <\/div>\n                                        <\/a>\n                                    <\/div>\n                                <\/header>\n                                                            \n                                <div class=\"entry-info\">\n                                                                                                                                                                                                        <\/div>\n                            \n                                                            <div class=\"entry-content\">\n                                                                            <p>D\u00e9couvrez l'\u00eele de Bra\u010d\t\t\t\t\n\t\t\t\t\tL'\u00eele de Bra\u010d en Croatie est la plus grande \u00eele des \u00eeles dalmates centrales et la troisi\u00e8me plus grande\ndes \u00eeles de l'Adriatiqu ...<\/p><div class=\"clear\"><\/div>                                <\/div>\n                                                                                        <footer class=\"entry-meta aux-after-content\">\n                                                                        <div class=\"readmore\">\n                                        <a href=\"https:\/\/seayou.com\/fr\/non-classifiee\/decouvrez-lile-de-brac\/\" class=\"aux-read-more\"><span class=\"aux-read-more-text\">En savoir plus<\/span><\/a>\n                                    <\/div>\n                                                                    <\/footer>\n                            \n                            <\/div>\n\n                        <\/article>\n<\/div><div class=\"aux-col aux-post-masonry post-13871\">\n                        <article class=\"post column-entry post-13871 type-post status-publish format-standard has-post-thumbnail hentry category-non-classifiee\">\n                                                        <div class=\"entry-media\"><div class=\"aux-media-frame aux-media-image aux-image-mask\"><a href=\"https:\/\/seayou.com\/fr\/non-classifiee\/decouvrez-la-celebre-ile-de-hvar\/\"><img loading=\"lazy\" decoding=\"async\" width=\"1024\" height=\"768\" src=\"https:\/\/seayou.com\/wp-content\/uploads\/2020\/08\/Hvar-6-40x40.jpg\" class=\"aux-attachment aux-featured-image attachment-1024x768 aux-attachment-id-13616  aux-preload aux-has-preview\" alt=\"Hvar (6)\" data-ratio=\"1\" data-original-w=\"1024\" sizes=\"auto\" data-srcset=\"https:\/\/seayou.com\/wp-content\/uploads\/2020\/08\/Hvar-6-150x150.jpg 150w,https:\/\/seayou.com\/wp-content\/uploads\/2020\/08\/Hvar-6-300x300.jpg 300w,https:\/\/seayou.com\/wp-content\/uploads\/2020\/08\/Hvar-6-768x768.jpg 768w,https:\/\/seayou.com\/wp-content\/uploads\/2020\/08\/Hvar-6-1024x1024.jpg 1024w,https:\/\/seayou.com\/wp-content\/uploads\/2020\/08\/Hvar-6-1014x1014.jpg 1014w\" data-src=\"https:\/\/seayou.com\/wp-content\/uploads\/2020\/08\/Hvar-6-1024x1024.jpg\" title=\"\"><\/a><\/div><\/div>\n                            \n                            <div class=\"entry-main\">\n                                                        \n                                <header class=\"entry-header\">\n                                \n                                    <h4 class=\"entry-title\">\n                                        <a href=\"https:\/\/seayou.com\/fr\/non-classifiee\/decouvrez-la-celebre-ile-de-hvar\/\">\n                                            Explorez l&rsquo;\u00eele de Hvar                                        <\/a>\n                                    <\/h4>\n                                                                    <div class=\"entry-format\">\n                                        <a href=\"https:\/\/seayou.com\/fr\/non-classifiee\/decouvrez-la-celebre-ile-de-hvar\/\">\n                                            <div class=\"post-format format-\"> <\/div>\n                                        <\/a>\n                                    <\/div>\n                                <\/header>\n                                                            \n                                <div class=\"entry-info\">\n                                                                                                                                                                                                        <\/div>\n                            \n                                                            <div class=\"entry-content\">\n                                                                            <p>L'\u00eele magique de Hvar\t\t\t\t\n\t\t\t\t\tL'\u00eele de Hvar est situ\u00e9e dans la mer Adriatique, sur la c\u00e9l\u00e8bre c\u00f4te dalmate de la Croatie.\t\t\t\t\n\t\tEntour\u00e9e de plusieurs \u00eeles tell ...<\/p><div class=\"clear\"><\/div>                                <\/div>\n                                                                                        <footer class=\"entry-meta aux-after-content\">\n                                                                        <div class=\"readmore\">\n                                        <a href=\"https:\/\/seayou.com\/fr\/non-classifiee\/decouvrez-la-celebre-ile-de-hvar\/\" class=\"aux-read-more\"><span class=\"aux-read-more-text\">En savoir plus<\/span><\/a>\n                                    <\/div>\n                                                                    <\/footer>\n                            \n                            <\/div>\n\n                        <\/article>\n<\/div><\/div><\/section><!-- widget-container -->\t\t\t\t<\/div>\n\t\t\t\t<\/div>\n\t\t<div class=\"aux-parallax-section elementor-element elementor-element-05f2759 e-flex e-con-boxed e-con e-parent\" data-id=\"05f2759\" data-element_type=\"container\" data-e-type=\"container\">\n\t\t\t\t\t<div class=\"e-con-inner\">\n\t\t\t\t\t<\/div>\n\t\t\t\t<\/div>\n\t\t\t\t\t<\/div>\n\t\t<\/div>\n\t\t\t\t\t<\/div>\n\t\t<\/section>\n\t\t\t\t<\/div>\n\t\t","protected":false},"excerpt":{"rendered":"<p>Guide essentiel de SeaYou pour la Croatie en 2025 DALMATIAN CUISINE UNVEILED | Edit Dalmatian Cuisine Unveiled: Exploring Hidden Culinary Treasures Is it your first time in Croatia, and you&rsquo;re unsure what to expect from Dalmatian cuisine? &#8230; Read More TOP ISLANDS TO VISIT NEAR SPLIT | Edit VISIT TOP ISLANDS NEAR SPLIT Discover the [&hellip;]<\/p>\n","protected":false},"author":3,"featured_media":0,"parent":0,"menu_order":0,"comment_status":"closed","ping_status":"closed","template":"","meta":{"_joinchat":[],"footnotes":""},"class_list":["post-12621","page","type-page","status-publish","hentry"],"_links":{"self":[{"href":"https:\/\/seayou.com\/fr\/wp-json\/wp\/v2\/pages\/12621","targetHints":{"allow":["GET"]}}],"collection":[{"href":"https:\/\/seayou.com\/fr\/wp-json\/wp\/v2\/pages"}],"about":[{"href":"https:\/\/seayou.com\/fr\/wp-json\/wp\/v2\/types\/page"}],"author":[{"embeddable":true,"href":"https:\/\/seayou.com\/fr\/wp-json\/wp\/v2\/users\/3"}],"replies":[{"embeddable":true,"href":"https:\/\/seayou.com\/fr\/wp-json\/wp\/v2\/comments?post=12621"}],"version-history":[{"count":0,"href":"https:\/\/seayou.com\/fr\/wp-json\/wp\/v2\/pages\/12621\/revisions"}],"wp:attachment":[{"href":"https:\/\/seayou.com\/fr\/wp-json\/wp\/v2\/media?parent=12621"}],"curies":[{"name":"wp","href":"https:\/\/api.w.org\/{rel}","templated":true}]}}