{"id":13461,"date":"2020-05-24T13:57:02","date_gmt":"2020-05-24T12:57:02","guid":{"rendered":"https:\/\/seayou.com\/blueline-19\/"},"modified":"2024-06-17T19:01:05","modified_gmt":"2024-06-17T18:01:05","slug":"blueline-19","status":"publish","type":"page","link":"https:\/\/seayou.com\/es\/blueline-19\/","title":{"rendered":"Blueline 19"},"content":{"rendered":"\t\t<div data-elementor-type=\"wp-page\" data-elementor-id=\"13461\" class=\"elementor elementor-13461 elementor-1324\" data-elementor-post-type=\"page\">\n\t\t\t\t\t\t<section class=\"elementor-section elementor-top-section elementor-element elementor-element-4637a87 elementor-section-full_width elementor-section-stretched elementor-section-height-default elementor-section-height-default\" data-id=\"4637a87\" data-element_type=\"section\" data-e-type=\"section\" data-settings=\"{&quot;stretch_section&quot;:&quot;section-stretched&quot;}\">\n\t\t\t\t\t\t<div class=\"elementor-container elementor-column-gap-default\">\n\t\t\t\t\t<div class=\"aux-parallax-section elementor-column elementor-col-100 elementor-top-column elementor-element elementor-element-2f4d651\" data-id=\"2f4d651\" data-element_type=\"column\" data-e-type=\"column\">\n\t\t\t<div class=\"elementor-widget-wrap elementor-element-populated\">\n\t\t\t\t\t\t<div class=\"elementor-element elementor-element-77636fe elementor-widget elementor-widget-heading\" data-id=\"77636fe\" data-element_type=\"widget\" data-e-type=\"widget\" data-widget_type=\"heading.default\">\n\t\t\t\t<div class=\"elementor-widget-container\">\n\t\t\t\t\t<h1 class=\"elementor-heading-title elementor-size-default\">alquiler de barcos Bra\u010d<\/h1>\t\t\t\t<\/div>\n\t\t\t\t<\/div>\n\t\t\t\t\t<\/div>\n\t\t<\/div>\n\t\t\t\t\t<\/div>\n\t\t<\/section>\n\t\t\t\t<section class=\"elementor-section elementor-top-section elementor-element elementor-element-7c454e2 elementor-section-full_width elementor-section-content-middle elementor-section-stretched elementor-section-height-default elementor-section-height-default\" data-id=\"7c454e2\" data-element_type=\"section\" data-e-type=\"section\" data-settings=\"{&quot;stretch_section&quot;:&quot;section-stretched&quot;}\">\n\t\t\t\t\t\t<div class=\"elementor-container elementor-column-gap-no\">\n\t\t\t\t\t<div class=\"aux-parallax-section elementor-column elementor-col-100 elementor-top-column elementor-element elementor-element-ca73239\" data-id=\"ca73239\" data-element_type=\"column\" data-e-type=\"column\">\n\t\t\t<div class=\"elementor-widget-wrap elementor-element-populated\">\n\t\t\t\t\t\t<section class=\"elementor-section elementor-inner-section elementor-element elementor-element-62a6387 elementor-section-boxed elementor-section-height-default elementor-section-height-default\" data-id=\"62a6387\" data-element_type=\"section\" data-e-type=\"section\">\n\t\t\t\t\t\t<div class=\"elementor-container elementor-column-gap-no\">\n\t\t\t\t\t<div class=\"aux-parallax-section elementor-column elementor-col-50 elementor-inner-column elementor-element elementor-element-c8f6736\" data-id=\"c8f6736\" data-element_type=\"column\" data-e-type=\"column\">\n\t\t\t<div class=\"elementor-widget-wrap elementor-element-populated\">\n\t\t\t\t\t\t<div class=\"elementor-element elementor-element-2df251a elementor-widget__width-initial elementor-widget elementor-widget-image\" data-id=\"2df251a\" data-element_type=\"widget\" data-e-type=\"widget\" data-widget_type=\"image.default\">\n\t\t\t\t<div class=\"elementor-widget-container\">\n\t\t\t\t\t\t\t\t\t\t\t\t\t\t\t\t<a href=\"https:\/\/seayou.com\/wp-content\/uploads\/2021\/06\/Boat-rental-Brac-island.jpg\" data-elementor-open-lightbox=\"yes\" data-e-action-hash=\"#elementor-action%3Aaction%3Dlightbox%26settings%3DeyJpZCI6NDQ3MiwidXJsIjpmYWxzZX0%3D\">\n\t\t\t\t\t\t\t<img decoding=\"async\" src=\"https:\/\/seayou.com\/wp-content\/uploads\/2021\/06\/Boat-rental-Brac-island.jpg\" title=\"\" alt=\"\" loading=\"lazy\">\t\t\t\t\t\t\t\t<\/a>\n\t\t\t\t\t\t\t\t\t\t\t\t\t\t\t<\/div>\n\t\t\t\t<\/div>\n\t\t\t\t\t<\/div>\n\t\t<\/div>\n\t\t\t\t<div class=\"aux-parallax-section elementor-column elementor-col-50 elementor-inner-column elementor-element elementor-element-489b287\" data-id=\"489b287\" data-element_type=\"column\" data-e-type=\"column\">\n\t\t\t<div class=\"elementor-widget-wrap elementor-element-populated\">\n\t\t\t\t\t\t<div class=\"elementor-element elementor-element-fcdfbea elementor-widget__width-initial elementor-widget elementor-widget-aux_modern_heading\" data-id=\"fcdfbea\" data-element_type=\"widget\" data-e-type=\"widget\" data-widget_type=\"aux_modern_heading.default\">\n\t\t\t\t<div class=\"elementor-widget-container\">\n\t\t\t\t\t<section class=\"aux-widget-modern-heading\">\n            <div class=\"aux-widget-inner\"><h2 class=\"aux-modern-heading-primary\">Barco Blueline 19<\/h2><div class=\"aux-modern-heading-divider\"><\/div><\/div>\n        <\/section>\t\t\t\t<\/div>\n\t\t\t\t<\/div>\n\t\t\t\t<div class=\"elementor-element elementor-element-c181dac elementor-widget elementor-widget-aux_icon_list\" data-id=\"c181dac\" data-element_type=\"widget\" data-e-type=\"widget\" data-widget_type=\"aux_icon_list.default\">\n\t\t\t\t<div class=\"elementor-widget-container\">\n\t\t\t\t\t<section class=\"widget-container aux-widget-icon-list aux-parent-au96a47931\"><div class=\"widget-inner\"><div class=\"aux-widget-icon-list-inner\"><ul class=\"aux-icon-list-items aux-direction-horizontal\"><li class=\"aux-icon-list-item aux-list-item-has-icon aux-icon-list-item-39db7fb elementor-repeater-item-39db7fb\"><i aria-hidden=\"true\" class=\"aux-icon-list-icon auxicon2 auxicon2-code-working\"><\/i><span class=\"aux-icon-list-text\">5.5m<\/span><\/li><li class=\"aux-icon-list-item aux-list-item-has-icon aux-icon-list-item-0f8feb1 elementor-repeater-item-0f8feb1\"><i aria-hidden=\"true\" class=\"aux-icon-list-icon auxicon auxicon-man-people-streamline-user\"><\/i><span class=\"aux-icon-list-text\">6<\/span><\/li><li class=\"aux-icon-list-item aux-list-item-has-icon aux-icon-list-item-e15b89e elementor-repeater-item-e15b89e\"><i aria-hidden=\"true\" class=\"aux-icon-list-icon auxicon auxicon-dashboard-speed-streamline\"><\/i><span class=\"aux-icon-list-text\">100 HP<\/span><\/li><li class=\"aux-icon-list-item aux-list-item-has-icon aux-icon-list-item-6db2d40 elementor-repeater-item-6db2d40\"><i aria-hidden=\"true\" class=\"aux-icon-list-icon far fa-calendar-alt\"><\/i><span class=\"aux-icon-list-text\">2019<\/span><\/li><\/ul><\/div><\/div><\/section><!-- widget-container -->\t\t\t\t<\/div>\n\t\t\t\t<\/div>\n\t\t\t\t<div class=\"elementor-element elementor-element-f4e08ed elementor-widget elementor-widget-text-editor\" data-id=\"f4e08ed\" data-element_type=\"widget\" data-e-type=\"widget\" data-widget_type=\"text-editor.default\">\n\t\t\t\t<div class=\"elementor-widget-container\">\n\t\t\t\t\t\t\t\t\t<p style=\"text-align: center;\"><span style=\"color: #ff9900;\"><strong>PRICE:<\/strong><\/span><\/p>\n<p style=\"text-align: center;\"><span style=\"color: #000000;\">High Season (01 June \u2013 31 August)\u00a0 &#8211; <\/span><span style=\"color: #ff9900;\"><strong>220\u20ac \/day<\/strong><\/span><\/p>\n<p style=\"text-align: center;\"><span style=\"color: #00a5c9;\"><span style=\"color: #000000;\">Low season &#8211;<\/span> <\/span><span style=\"color: #ff9900;\"><strong>200\u20ac \/day<\/strong><\/span><\/p>\n\t\t\t\t\t\t\t\t<\/div>\n\t\t\t\t<\/div>\n\t\t\t\t<div class=\"elementor-element elementor-element-10af924 elementor-align-center elementor-widget__width-initial elementor-widget elementor-widget-button\" data-id=\"10af924\" data-element_type=\"widget\" data-e-type=\"widget\" data-widget_type=\"button.default\">\n\t\t\t\t<div class=\"elementor-widget-container\">\n\t\t\t\t\t\t\t\t\t<div class=\"elementor-button-wrapper\">\n\t\t\t\t\t<a class=\"elementor-button elementor-size-sm\" role=\"button\">\n\t\t\t\t\t\t<span class=\"elementor-button-content-wrapper\">\n\t\t\t\t\t\t\t\t\t<span class=\"elementor-button-text\"><div class=\"load-turitop\" data-service=\"P8\" data-embed=\"button\">Book Now<\/div><\/span>\n\t\t\t\t\t<\/span>\n\t\t\t\t\t<\/a>\n\t\t\t\t<\/div>\n\t\t\t\t\t\t\t\t<\/div>\n\t\t\t\t<\/div>\n\t\t\t\t\t<\/div>\n\t\t<\/div>\n\t\t\t\t\t<\/div>\n\t\t<\/section>\n\t\t\t\t<div class=\"elementor-element elementor-element-4e3b15b elementor-widget elementor-widget-text-editor\" data-id=\"4e3b15b\" data-element_type=\"widget\" data-e-type=\"widget\" data-widget_type=\"text-editor.default\">\n\t\t\t\t<div class=\"elementor-widget-container\">\n\t\t\t\t\t\t\t\t\t<p style=\"text-align: center;\">Nuestro <b> peque\u00f1o pero potente y f\u00e1cil de navegar Bluline 19 <\/b> cuenta con un <b>motor Honda de 110 CV <\/b> y \u200b\u200btiene capacidad para <b>6 personas <\/b> a bordo, lo que lo convierte en el compa\u00f1ero perfecto para descubrir las hermosas playas de las islas vecinas de Bra\u010d, como \u0160olta o Hvar.<\/p>\n<p style=\"text-align: center;\">Para garantizar un viaje c\u00f3modo y un d\u00eda agradable en el mar, est\u00e1 equipado con <b>mullidos cojines<\/b>, <b>capota protectora solar<\/b> y <b>escalera de ba\u00f1o.<\/b> Rel\u00e1jese en la <b>cubierta superior<\/b> y tome el sol para broncearse mientras se relaja con el sonido de las olas. Tenga en cuenta que <b>el alquiler de barco sin tripulaci\u00f3n requiere una licencia de navegaci\u00f3n v\u00e1lida.<\/b><\/p>\n<p style=\"text-align: center;\">El alquiler de barcos privados en Bra\u010d es una excelente opci\u00f3n para visitar bah\u00edas solitarias y nadar en las tranquilas playas de las islas, que de otro modo ser\u00edan dif\u00edciles de alcanzar. Nade desde el barco en una de las tranquilas calas de la isla de Bra\u010d o descubra <b>\u0160olta<\/b> y su naturaleza virgen. Milna, en la isla de Bra\u010d, se enorgullece de tener muchas bah\u00edas azules perfectas para relajarse. Si buscas m\u00e1s emoci\u00f3n, visita Supetar, el asentamiento m\u00e1s grande de Bra\u010d y una ciudad animada y llena de buena energ\u00eda.<\/p>\n<p style=\"text-align: center;\">El <b>Lado sur de \u0160olta<\/b> <b>isla <\/b>nno muy lejos de Milna hay una zona ideal para pasar el d\u00eda descansando bajo el sol o nadando desde el barco rodeado de las maravillosas <b>acantilados<\/b> surgiendo de la <b>Mar azul cristalino<\/b>.<\/p>\n<p>Las islas de Bra\u010d y \u0160olta brindan una paz que rara vez encontrar\u00e1 en esta parte de Croacia y ambas islas son opciones igualmente excelentes para unas vacaciones familiares perfectas. Alquila un barco para descubrir los secretos de las islas y crear recuerdos inolvidables de sus vacaciones. <\/p>\n<p style=\"text-align: center;\"><b>Hvar<\/b> es un <b>destino popular<\/b> en Croacia para los amantes de la historia y los interesados \u200b\u200ben <b>hacer turismo<\/b>. \u00a1Alquila un barco y emprenda un interesante recorrido por el \u00bbSt. Tropez croata\u00bb cerca de la isla de Bra\u010d! Admira la rica <b>arquitectura veneciana<\/b>, suba a la <b>fortaleza espa\u00f1ola <\/b> que domina la ciudad o simplemente disfrute de la vibrante energ\u00eda de Hvar mientras camina por las animadas calles adoquinadas.<\/p>\n<p style=\"text-align: center;\">Elija un restaurante junto al mar y del\u00e9itese con las delicias d\u00e1lmatas reci\u00e9n preparadas, rematadas con una bola o dos de helado de lavanda en el bullicioso paseo mar\u00edtimo, admirando la vista de las islas cercanas.<\/p>\n\t\t\t\t\t\t\t\t<\/div>\n\t\t\t\t<\/div>\n\t\t\t\t<div class=\"elementor-element elementor-element-f5c0a22 elementor-widget elementor-widget-aux_modern_button\" data-id=\"f5c0a22\" data-element_type=\"widget\" data-e-type=\"widget\" data-widget_type=\"aux_modern_button.default\">\n\t\t\t\t<div class=\"elementor-widget-container\">\n\t\t\t\t\t    <div class=\"aux-modern-button-wrapper aux-modern-button-align-center\" >\n                    <a class=\"aux-modern-button aux-info aux-modern-button-lg aux-modern-button-round aux-modern-button-default aux-icon-\" href=\"https:\/\/seayou.com\/contact-us\/\">\n                <div class=\"aux-overlay\"><\/div>\n                                    <div class=\"aux-icon \">\n                                            <\/div>\n                                <div class=\"aux-text\">\n<span class=\"aux-text-before\">Enviar Consulta<\/span>                <\/div>\n            <\/a>\n            \n    <\/div>\n\n    \t\t\t\t<\/div>\n\t\t\t\t<\/div>\n\t\t\t\t\t<\/div>\n\t\t<\/div>\n\t\t\t\t\t<\/div>\n\t\t<\/section>\n\t\t\t\t<\/div>\n\t\t","protected":false},"excerpt":{"rendered":"<p>alquiler de barcos Bra\u010d Barco Blueline 19 5.5m 6 100 HP 2019 PRICE: High Season (01 June \u2013 31 August)\u00a0 &#8211; 220\u20ac \/day Low season &#8211; 200\u20ac \/day Nuestro peque\u00f1o pero potente y f\u00e1cil de navegar Bluline 19 cuenta con un motor Honda de 110 CV y \u200b\u200btiene capacidad para 6 personas a bordo, lo [&hellip;]<\/p>\n","protected":false},"author":1,"featured_media":0,"parent":0,"menu_order":0,"comment_status":"closed","ping_status":"closed","template":"","meta":{"_joinchat":[],"footnotes":""},"class_list":["post-13461","page","type-page","status-publish","hentry"],"_links":{"self":[{"href":"https:\/\/seayou.com\/es\/wp-json\/wp\/v2\/pages\/13461","targetHints":{"allow":["GET"]}}],"collection":[{"href":"https:\/\/seayou.com\/es\/wp-json\/wp\/v2\/pages"}],"about":[{"href":"https:\/\/seayou.com\/es\/wp-json\/wp\/v2\/types\/page"}],"author":[{"embeddable":true,"href":"https:\/\/seayou.com\/es\/wp-json\/wp\/v2\/users\/1"}],"replies":[{"embeddable":true,"href":"https:\/\/seayou.com\/es\/wp-json\/wp\/v2\/comments?post=13461"}],"version-history":[{"count":0,"href":"https:\/\/seayou.com\/es\/wp-json\/wp\/v2\/pages\/13461\/revisions"}],"wp:attachment":[{"href":"https:\/\/seayou.com\/es\/wp-json\/wp\/v2\/media?parent=13461"}],"curies":[{"name":"wp","href":"https:\/\/api.w.org\/{rel}","templated":true}]}}