{"id":13452,"date":"2021-02-21T22:24:18","date_gmt":"2021-02-21T21:24:18","guid":{"rendered":"https:\/\/seayou.com\/alquilar-un-barco-milna\/"},"modified":"2024-06-11T17:37:31","modified_gmt":"2024-06-11T16:37:31","slug":"alquilar-un-barco-milna","status":"publish","type":"page","link":"https:\/\/seayou.com\/es\/alquilar-un-barco-milna\/","title":{"rendered":"Alquilar un barco Milna"},"content":{"rendered":"\t\t<div data-elementor-type=\"wp-page\" data-elementor-id=\"13452\" class=\"elementor elementor-13452 elementor-2520\" data-elementor-post-type=\"page\">\n\t\t\t\t\t\t<section class=\"elementor-section elementor-top-section elementor-element elementor-element-b2ec408 elementor-section-boxed elementor-section-height-default elementor-section-height-default\" data-id=\"b2ec408\" data-element_type=\"section\" data-e-type=\"section\">\n\t\t\t\t\t\t<div class=\"elementor-container elementor-column-gap-default\">\n\t\t\t\t\t<div class=\"aux-parallax-section elementor-column elementor-col-100 elementor-top-column elementor-element elementor-element-93ebcb9\" data-id=\"93ebcb9\" data-element_type=\"column\" data-e-type=\"column\">\n\t\t\t<div class=\"elementor-widget-wrap elementor-element-populated\">\n\t\t\t\t\t\t<div class=\"elementor-element elementor-element-9cbcef3 elementor-widget elementor-widget-aux_modern_heading\" data-id=\"9cbcef3\" data-element_type=\"widget\" data-e-type=\"widget\" data-widget_type=\"aux_modern_heading.default\">\n\t\t\t\t<div class=\"elementor-widget-container\">\n\t\t\t\t\t<section class=\"aux-widget-modern-heading\">\n            <div class=\"aux-widget-inner\"><h1 class=\"aux-modern-heading-primary\">Alquilar un barco Milna<\/h1><\/div>\n        <\/section>\t\t\t\t<\/div>\n\t\t\t\t<\/div>\n\t\t\t\t\t<\/div>\n\t\t<\/div>\n\t\t\t\t\t<\/div>\n\t\t<\/section>\n\t\t\t\t<section class=\"elementor-section elementor-top-section elementor-element elementor-element-c60a34b elementor-section-full_width elementor-section-content-middle elementor-section-height-default elementor-section-height-default\" data-id=\"c60a34b\" data-element_type=\"section\" data-e-type=\"section\">\n\t\t\t\t\t\t<div class=\"elementor-container elementor-column-gap-no\">\n\t\t\t\t\t<div class=\"aux-parallax-section elementor-column elementor-col-100 elementor-top-column elementor-element elementor-element-fd48e61\" data-id=\"fd48e61\" data-element_type=\"column\" data-e-type=\"column\">\n\t\t\t<div class=\"elementor-widget-wrap elementor-element-populated\">\n\t\t\t\t\t\t<section class=\"elementor-section elementor-inner-section elementor-element elementor-element-4e841fe elementor-section-full_width elementor-section-height-default elementor-section-height-default\" data-id=\"4e841fe\" data-element_type=\"section\" data-e-type=\"section\" data-settings=\"{&quot;animation&quot;:&quot;none&quot;}\">\n\t\t\t\t\t\t<div class=\"elementor-container elementor-column-gap-default\">\n\t\t\t\t\t<div class=\"aux-parallax-section elementor-column elementor-col-50 elementor-inner-column elementor-element elementor-element-6c369d7\" data-id=\"6c369d7\" data-element_type=\"column\" data-e-type=\"column\">\n\t\t\t<div class=\"elementor-widget-wrap elementor-element-populated\">\n\t\t\t\t\t\t<div class=\"elementor-element elementor-element-25bd73d elementor-widget elementor-widget-aux_image\" data-id=\"25bd73d\" data-element_type=\"widget\" data-e-type=\"widget\" data-widget_type=\"aux_image.default\">\n\t\t\t\t<div class=\"elementor-widget-container\">\n\t\t\t\t\t<section class=\"widget-container aux-widget-image aux-alignnone aux-parent-aufc447dfb\">\n    <div class=\"aux-media-hint-frame \">\n        <div class=\"aux-media-image aux-hover-active\" >\n                    <a class=\"\" href=\"https:\/\/seayou.com\/shark-bf-23-sport\/\" data-elementor-open-lightbox=\"no\" data-caption=\"\" target=\"_self\"  >\n        \n            \n\n            \n                        \n                    <\/a>\n                <\/div>\n    <\/div>\n\n<\/section><!-- widget-container -->\t\t\t\t<\/div>\n\t\t\t\t<\/div>\n\t\t\t\t<div class=\"elementor-element elementor-element-f1932c9 elementor-widget elementor-widget-aux_modern_heading\" data-id=\"f1932c9\" data-element_type=\"widget\" data-e-type=\"widget\" data-widget_type=\"aux_modern_heading.default\">\n\t\t\t\t<div class=\"elementor-widget-container\">\n\t\t\t\t\t<section class=\"aux-widget-modern-heading\">\n            <div class=\"aux-widget-inner\"><a href=\"https:\/\/seayou.com\/shark-bf-23-sport\/\" class=\"aux-modern-heading-primary-link\"><h2 class=\"aux-modern-heading-primary\"><br>Lancha neum\u00e1tica Shark BF 23 Sport<\/h2><\/a><div class=\"aux-modern-heading-divider\"><\/div><\/div>\n        <\/section>\t\t\t\t<\/div>\n\t\t\t\t<\/div>\n\t\t\t\t<div class=\"elementor-element elementor-element-c195e52 elementor-widget elementor-widget-aux_icon_list\" data-id=\"c195e52\" data-element_type=\"widget\" data-e-type=\"widget\" data-widget_type=\"aux_icon_list.default\">\n\t\t\t\t<div class=\"elementor-widget-container\">\n\t\t\t\t\t<section class=\"widget-container aux-widget-icon-list aux-parent-au12a87ae8\"><div class=\"widget-inner\"><div class=\"aux-widget-icon-list-inner\"><ul class=\"aux-icon-list-items aux-direction-horizontal\"><li class=\"aux-icon-list-item aux-list-item-has-icon aux-icon-list-item-5a9682e elementor-repeater-item-5a9682e\"><i aria-hidden=\"true\" class=\"aux-icon-list-icon auxicon2 auxicon2-code-working\"><\/i><span class=\"aux-icon-list-text\">6.8m<\/span><\/li><li class=\"aux-icon-list-item aux-list-item-has-icon aux-icon-list-item-9431073 elementor-repeater-item-9431073\"><i aria-hidden=\"true\" class=\"aux-icon-list-icon auxicon auxicon-man-people-streamline-user\"><\/i><span class=\"aux-icon-list-text\">8<\/span><\/li><li class=\"aux-icon-list-item aux-list-item-has-icon aux-icon-list-item-d0952d0 elementor-repeater-item-d0952d0\"><i aria-hidden=\"true\" class=\"aux-icon-list-icon auxicon auxicon-dashboard-speed-streamline\"><\/i><span class=\"aux-icon-list-text\">150 HP<\/span><\/li><li class=\"aux-icon-list-item aux-list-item-has-icon aux-icon-list-item-bde00c8 elementor-repeater-item-bde00c8\"><i aria-hidden=\"true\" class=\"aux-icon-list-icon far fa-money-bill-alt\"><\/i><span class=\"aux-icon-list-text\">Alquiler desde 300 eur \/d\u00eda<\/span><\/li><li class=\"aux-icon-list-item aux-list-item-has-icon aux-icon-list-item-33c37e5 elementor-repeater-item-33c37e5\"><span class=\"aux-icon-list-text\">Licencia requerida<\/span><\/li><\/ul><\/div><\/div><\/section><!-- widget-container -->\t\t\t\t<\/div>\n\t\t\t\t<\/div>\n\t\t\t\t<div class=\"elementor-element elementor-element-8ecc419 elementor-align-center elementor-widget elementor-widget-button\" data-id=\"8ecc419\" data-element_type=\"widget\" data-e-type=\"widget\" data-widget_type=\"button.default\">\n\t\t\t\t<div class=\"elementor-widget-container\">\n\t\t\t\t\t\t\t\t\t<div class=\"elementor-button-wrapper\">\n\t\t\t\t\t<a class=\"elementor-button elementor-button-link elementor-size-xs\" href=\"https:\/\/seayou.com\/shark-bf-23-sport\/\">\n\t\t\t\t\t\t<span class=\"elementor-button-content-wrapper\">\n\t\t\t\t\t\t\t\t\t<span class=\"elementor-button-text\">Detalles de Barcos<\/span>\n\t\t\t\t\t<\/span>\n\t\t\t\t\t<\/a>\n\t\t\t\t<\/div>\n\t\t\t\t\t\t\t\t<\/div>\n\t\t\t\t<\/div>\n\t\t\t\t\t<\/div>\n\t\t<\/div>\n\t\t\t\t<div class=\"aux-parallax-section elementor-column elementor-col-50 elementor-inner-column elementor-element elementor-element-891bb2d\" data-id=\"891bb2d\" data-element_type=\"column\" data-e-type=\"column\">\n\t\t\t<div class=\"elementor-widget-wrap elementor-element-populated\">\n\t\t\t\t\t\t<div class=\"elementor-element elementor-element-38d17d4 elementor-widget elementor-widget-aux_image\" data-id=\"38d17d4\" data-element_type=\"widget\" data-e-type=\"widget\" data-widget_type=\"aux_image.default\">\n\t\t\t\t<div class=\"elementor-widget-container\">\n\t\t\t\t\t<section class=\"widget-container aux-widget-image aux-alignnone aux-parent-aucbffe65b\">\n    <div class=\"aux-media-hint-frame \">\n        <div class=\"aux-media-image aux-hover-active\" >\n                    <a class=\"\" href=\"https:\/\/seayou.com\/blueline-19\/\" data-elementor-open-lightbox=\"no\" data-original-width=\"1600\" data-original-height=\"1188\" data-caption=\"rent a boat on Brac island for 6 passengers\" target=\"_self\"  >\n        \n            \n\n            \n            <img fetchpriority=\"high\" decoding=\"async\" width=\"1600\" height=\"1188\" src=\"https:\/\/seayou.com\/wp-content\/uploads\/2021\/06\/Brac-boat-rental-1920x1280.jpg\" class=\"aux-attachment aux-featured-image aux-attachment-id-4462 aux-img-dynamic-dropshadow\" alt=\"Rent a boat Milna, Brac island\" srcset=\"https:\/\/seayou.com\/wp-content\/uploads\/2021\/06\/Brac-boat-rental-150x100.jpg 150w,https:\/\/seayou.com\/wp-content\/uploads\/2021\/06\/Brac-boat-rental-300x200.jpg 300w,https:\/\/seayou.com\/wp-content\/uploads\/2021\/06\/Brac-boat-rental-768x512.jpg 768w,https:\/\/seayou.com\/wp-content\/uploads\/2021\/06\/Brac-boat-rental-1024x683.jpg 1024w,https:\/\/seayou.com\/wp-content\/uploads\/2021\/06\/Brac-boat-rental-1920x1280.jpg 1600w\" data-ratio=\"1.5\" data-original-w=\"1600\" sizes=\"(max-width:479px) 480px,(max-width:767px) 768px,(max-width:1023px) 1024px,1600px\" title=\"\">            \n                    <\/a>\n                <\/div>\n    <\/div>\n\n<\/section><!-- widget-container -->\t\t\t\t<\/div>\n\t\t\t\t<\/div>\n\t\t\t\t<div class=\"elementor-element elementor-element-1706da4 elementor-widget elementor-widget-aux_modern_heading\" data-id=\"1706da4\" data-element_type=\"widget\" data-e-type=\"widget\" data-widget_type=\"aux_modern_heading.default\">\n\t\t\t\t<div class=\"elementor-widget-container\">\n\t\t\t\t\t<section class=\"aux-widget-modern-heading\">\n            <div class=\"aux-widget-inner\"><a href=\"https:\/\/seayou.com\/blueline-19\/\" class=\"aux-modern-heading-primary-link\"><h2 class=\"aux-modern-heading-primary\"><br>Barco Blueline 19\n<\/h2><\/a><div class=\"aux-modern-heading-divider\"><\/div><\/div>\n        <\/section>\t\t\t\t<\/div>\n\t\t\t\t<\/div>\n\t\t\t\t<div class=\"elementor-element elementor-element-3c7aaf6 elementor-widget elementor-widget-aux_icon_list\" data-id=\"3c7aaf6\" data-element_type=\"widget\" data-e-type=\"widget\" data-widget_type=\"aux_icon_list.default\">\n\t\t\t\t<div class=\"elementor-widget-container\">\n\t\t\t\t\t<section class=\"widget-container aux-widget-icon-list aux-parent-aufb4aa689\"><div class=\"widget-inner\"><div class=\"aux-widget-icon-list-inner\"><ul class=\"aux-icon-list-items aux-direction-horizontal\"><li class=\"aux-icon-list-item aux-list-item-has-icon aux-icon-list-item-5a9682e elementor-repeater-item-5a9682e\"><i aria-hidden=\"true\" class=\"aux-icon-list-icon auxicon2 auxicon2-code-working\"><\/i><span class=\"aux-icon-list-text\">5.5m<\/span><\/li><li class=\"aux-icon-list-item aux-list-item-has-icon aux-icon-list-item-9431073 elementor-repeater-item-9431073\"><i aria-hidden=\"true\" class=\"aux-icon-list-icon auxicon auxicon-man-people-streamline-user\"><\/i><span class=\"aux-icon-list-text\">6<\/span><\/li><li class=\"aux-icon-list-item aux-list-item-has-icon aux-icon-list-item-d0952d0 elementor-repeater-item-d0952d0\"><i aria-hidden=\"true\" class=\"aux-icon-list-icon auxicon auxicon-dashboard-speed-streamline\"><\/i><span class=\"aux-icon-list-text\">100 HP<\/span><\/li><li class=\"aux-icon-list-item aux-list-item-has-icon aux-icon-list-item-54cba48 elementor-repeater-item-54cba48\"><i aria-hidden=\"true\" class=\"aux-icon-list-icon far fa-money-bill-alt\"><\/i><span class=\"aux-icon-list-text\">Alquiler desde 160\u20ac \/d\u00eda + combustible<\/span><\/li><li class=\"aux-icon-list-item aux-list-item-has-icon aux-icon-list-item-576d873 elementor-repeater-item-576d873\"><span class=\"aux-icon-list-text\">Licencia requerida<\/span><\/li><\/ul><\/div><\/div><\/section><!-- widget-container -->\t\t\t\t<\/div>\n\t\t\t\t<\/div>\n\t\t\t\t<div class=\"elementor-element elementor-element-e2c3fa8 elementor-align-center elementor-mobile-align-center elementor-widget elementor-widget-button\" data-id=\"e2c3fa8\" data-element_type=\"widget\" data-e-type=\"widget\" data-widget_type=\"button.default\">\n\t\t\t\t<div class=\"elementor-widget-container\">\n\t\t\t\t\t\t\t\t\t<div class=\"elementor-button-wrapper\">\n\t\t\t\t\t<a class=\"elementor-button elementor-button-link elementor-size-xs\" href=\"https:\/\/seayou.com\/blueline-19\/\">\n\t\t\t\t\t\t<span class=\"elementor-button-content-wrapper\">\n\t\t\t\t\t\t\t\t\t<span class=\"elementor-button-text\">Detalles de Barcos<\/span>\n\t\t\t\t\t<\/span>\n\t\t\t\t\t<\/a>\n\t\t\t\t<\/div>\n\t\t\t\t\t\t\t\t<\/div>\n\t\t\t\t<\/div>\n\t\t\t\t\t<\/div>\n\t\t<\/div>\n\t\t\t\t\t<\/div>\n\t\t<\/section>\n\t\t\t\t\t<\/div>\n\t\t<\/div>\n\t\t\t\t\t<\/div>\n\t\t<\/section>\n\t\t\t\t<section class=\"elementor-section elementor-top-section elementor-element elementor-element-f40514f elementor-section-boxed elementor-section-height-default elementor-section-height-default\" data-id=\"f40514f\" data-element_type=\"section\" data-e-type=\"section\">\n\t\t\t\t\t\t<div class=\"elementor-container elementor-column-gap-default\">\n\t\t\t\t\t<div class=\"aux-parallax-section elementor-column elementor-col-100 elementor-top-column elementor-element elementor-element-027a98f\" data-id=\"027a98f\" data-element_type=\"column\" data-e-type=\"column\">\n\t\t\t<div class=\"elementor-widget-wrap elementor-element-populated\">\n\t\t\t\t\t\t<div class=\"elementor-element elementor-element-460aa51 elementor-widget elementor-widget-text-editor\" data-id=\"460aa51\" data-element_type=\"widget\" data-e-type=\"widget\" data-widget_type=\"text-editor.default\">\n\t\t\t\t<div class=\"elementor-widget-container\">\n\t\t\t\t\t\t\t\t\t<p><span style=\"color: #000000;\">Aprovecha el d\u00eda de la aventura que te espera. Alquila un barco para descubrir numerosas islas y una hermosa naturaleza virgen. Las l\u00edneas de ferry locales no est\u00e1n conectadas con muchas islas, bah\u00edas y ciudades, por lo que es bastante dif\u00edcil visitar muchos lugares en un d\u00eda. Elige el barco m\u00e1s adecuado seg\u00fan el tama\u00f1o de su grupo y su experiencia de navegaci\u00f3n y salga con sus amigos y familiares a explorar <strong>islas a las que solo se puede acceder en barcos privados. <\/strong> Explore Hvar, Vis la Laguna Azul o la <a href=\"https:\/\/seayou.com\/blue-cave-tour-from-split\/\">Cueva Azul en la isla Bi\u0161evo<\/a>. <\/span><\/p>\n<p><span style=\"color: #000000;\">Si tienes una <strong> licencia de navegaci\u00f3n<\/strong>, esta es la manera perfecta de descubrir las bah\u00edas y calas escondidas del Adri\u00e1tico. <\/span><\/p>\n<p><span style=\"color: #000000;\">La base de nuestros barcos se encuentra en Milna, en la isla de Bra\u010d. Milna siempre ha sido un importante destino n\u00e1utico, por eso los italianos llamaron a la peque\u00f1a ciudad \u00abValle di mille navi\u00bb, una bah\u00eda con miles de barcos. Situado a s\u00f3lo 30 minutos en barco desde Split, Milna es el puerto m\u00e1s grande, m\u00e1s protegido y m\u00e1s hermoso de la isla de Bra\u010d. <\/span><\/p>\n<p><span style=\"color: #000000;\">Este peque\u00f1o puerto es el lugar perfecto para comenzar tu aventura en el mar. A s\u00f3lo 30 minutos en barco podr\u00e1s llegar a la isla Hvar para contemplar su impresionante patrimonio hist\u00f3rico y disfrutar nadando en las aguas cristalinas de su costa. Un corto viaje a la isla de \u0160olta, cerca de Milna, es perfecto para disfrutar de peque\u00f1as bah\u00edas solitarias y de los impresionantes acantilados del lado sur de la isla.<\/span><\/p>\n<p><span style=\"color: #000000;\">Se organizan <strong>alquileres de barcos<\/strong> en la isla de <strong>Bra\u010d<\/strong>: Milna, Supetar, Sutivan, Postira, Bol, as\u00ed como en <strong>Split, Trogir, \u0160olta, Hvar <\/strong> y sus alrededores. Ponte en contacto para consultar disponibilidad y ofertas especiales para alquileres de varios d\u00edas.<\/span><\/p>\n\t\t\t\t\t\t\t\t<\/div>\n\t\t\t\t<\/div>\n\t\t\t\t\t<\/div>\n\t\t<\/div>\n\t\t\t\t\t<\/div>\n\t\t<\/section>\n\t\t\t\t<section class=\"elementor-section elementor-top-section elementor-element elementor-element-95bba17 elementor-section-boxed elementor-section-height-default elementor-section-height-default\" data-id=\"95bba17\" data-element_type=\"section\" data-e-type=\"section\">\n\t\t\t\t\t\t<div class=\"elementor-container elementor-column-gap-default\">\n\t\t\t\t\t<div class=\"aux-parallax-section elementor-column elementor-col-100 elementor-top-column elementor-element elementor-element-e9e0de5\" data-id=\"e9e0de5\" data-element_type=\"column\" data-e-type=\"column\">\n\t\t\t<div class=\"elementor-widget-wrap elementor-element-populated\">\n\t\t\t\t\t\t<div class=\"elementor-element elementor-element-35a3e73 elementor-widget elementor-widget-heading\" data-id=\"35a3e73\" data-element_type=\"widget\" data-e-type=\"widget\" data-widget_type=\"heading.default\">\n\t\t\t\t<div class=\"elementor-widget-container\">\n\t\t\t\t\t<h2 class=\"elementor-heading-title elementor-size-default\">Alquiler de barcos en Milna, isla de Bra\u010d<\/h2>\t\t\t\t<\/div>\n\t\t\t\t<\/div>\n\t\t\t\t\t<\/div>\n\t\t<\/div>\n\t\t\t\t\t<\/div>\n\t\t<\/section>\n\t\t\t\t<section class=\"elementor-section elementor-top-section elementor-element elementor-element-80d213a elementor-section-boxed elementor-section-height-default elementor-section-height-default\" data-id=\"80d213a\" data-element_type=\"section\" data-e-type=\"section\">\n\t\t\t\t\t\t<div class=\"elementor-container elementor-column-gap-default\">\n\t\t\t\t\t<div class=\"aux-parallax-section elementor-column elementor-col-100 elementor-top-column elementor-element elementor-element-8b64d57\" data-id=\"8b64d57\" data-element_type=\"column\" data-e-type=\"column\">\n\t\t\t<div class=\"elementor-widget-wrap elementor-element-populated\">\n\t\t\t\t\t\t<div class=\"elementor-element elementor-element-6f7be3f elementor-widget elementor-widget-text-editor\" data-id=\"6f7be3f\" data-element_type=\"widget\" data-e-type=\"widget\" data-widget_type=\"text-editor.default\">\n\t\t\t\t<div class=\"elementor-widget-container\">\n\t\t\t\t\t\t\t\t\t<p><span style=\"font-weight: 400;\">El alquiler de barcos es la mejor opci\u00f3n si desea escapar de las playas abarrotadas y encontrar un lugar tranquilo para nadar, bucear o simplemente relajarse bajo el sol. <\/span><b>Renta un bote<\/b><span style=\"font-weight: 400;\"> durante uno o varios d\u00edas y disfruta de la relajante atm\u00f3sfera de <\/span><b>las bah\u00edas escondidas<\/b><span style=\"font-weight: 400;\"> de la isla de Brac, lejos de ciudades ruidosas y playas concurridas, como un capit\u00e1n.<\/span><\/p>\n<p><span style=\"font-weight: 400;\"><span style=\"color: #000000;\">Si tienes un<\/span><\/span><span style=\"color: #000000;\"><b>licencia de navegaci\u00f3n,<\/b> <span style=\"font-weight: 400;\">ser capit\u00e1n de un <\/span> <b>barco privado<\/b> <span style=\"font-weight: 400;\"> por un d\u00eda y experimenta la verdadera vida isle\u00f1a<\/span> <span style=\"font-weight: 400;\">.&nbsp;&nbsp;<\/span><\/span><\/p>\n<p style=\"text-align: center;\"><span style=\"color: #000000;\"><span style=\"font-weight: 400;\">Dependiendo del tama\u00f1o y las necesidades de su grupo<\/span>, <b>varios tipos de lanchas a motor<\/b> <span style=\"font-weight: 400;\">est\u00e1n disponibles para navegar por las peque\u00f1as bah\u00edas o para una lancha r\u00e1pida de lujo y m\u00e1s c\u00f3moda para pasar un d\u00eda que nunca olvidar\u00e1. Todos los barcos son <\/span><b>mantenidos peri\u00f3dicamente<\/b> <span style=\"font-weight: 400;\">por nuestro departamento de servicio y trabaja duro en tierra para que todo funcione sin problemas en el mar.<\/span><\/span><\/p>\n<p style=\"text-align: center;\"><span style=\"color: #000000;\"><span style=\"font-weight: 400;\"><strong>Nuestro servicio de alquiler de barcos tiene su sede en <a href=\"https:\/\/goo.gl\/maps\/ZyREVXF29jh34k9u9\" target=\"_blank\" rel=\"noopener\"> Milna<\/a><\/strong>, el puerto natural m\u00e1s grande de la isla de Bra\u010d. Sin embargo, ofrecemos servicio de alquiler de barcos y excursiones guiadas en barco por toda la isla, as\u00ed como por los alrededores, como Split o la isla de Hvar. No dudes en ponerte en contacto con nuestros agentes para obtener una oferta personalizada de alquiler de barcos y consultas sobre alquileres de varios d\u00edas si se encuentra en Sutivan, Supetar, Postira, Pu\u010di\u0161\u0107a, Bol, Sumartin o incluso Trogir, \u0160olta o Hvar.&nbsp;<\/span><\/span><\/p>\n<p style=\"text-align: center;\"><span style=\"color: #000000;\">Cont\u00e1ctanos en cualquier momento para concertar un acuerdo de alquiler de barco f\u00e1cil y conveniente y convierta sus vacaciones en la experiencia de sus sue\u00f1os. Elige entre los distintos barcos y alquila el barco perfecto que mejor se adapte a tus necesidades.&nbsp;<\/span><\/p>\n<p style=\"text-align: center;\"><span style=\"color: #000000;\"><span style=\"font-weight: 400;\">Para aprovechar plenamente el d\u00eda, <\/span><b>recoger el barco en&nbsp;<a href=\"https:\/\/goo.gl\/maps\/ZyREVXF29jh34k9u9\" target=\"_blank\" rel=\"noopener\">Milna<\/a> durante las horas de la ma\u00f1ana<\/b><span style=\"font-weight: 400;\">. Las horas de la ma\u00f1ana tambi\u00e9n son el momento ideal para aquellos que quieran disfrutar de un tranquilo paseo en barco por el <\/span><b>mar suave y tranquilo<\/b><span style=\"font-weight: 400;\">. Aquellos que prefieren navegar en aguas tranquilas encontrar\u00e1n en la zona de Milna en la isla de Bra\u010d la opci\u00f3n perfecta para navegar y nadar desde el barco. Con sus numerosas bah\u00edas tranquilas, Milna es un lugar ideal para pasar un d\u00eda verdaderamente reparador. Para que tu d\u00eda en el mar sea m\u00e1s agradable, no olvides llevar todo lo que puedas necesitar para pasar un d\u00eda tranquilo a bordo. <\/span><\/span><\/p>\n<p style=\"text-align: center;\"><span style=\"color: #000000;\">Ponte en contacto para consultar disponibilidad y ofertas especiales para alquileres de varios d\u00edas. Cancelaci\u00f3n gratuita para 2023. Contacta a nuestros agentes 24\/7 para una <\/span><a href=\"https:\/\/seayou.com\/contact-us\/\">cita.<\/a><\/p>\t\t\t\t\t\t\t\t<\/div>\n\t\t\t\t<\/div>\n\t\t\t\t\t<\/div>\n\t\t<\/div>\n\t\t\t\t\t<\/div>\n\t\t<\/section>\n\t\t\t\t<\/div>\n\t\t","protected":false},"excerpt":{"rendered":"<p>Alquilar un barco Milna Lancha neum\u00e1tica Shark BF 23 Sport 6.8m 8 150 HP Alquiler desde 300 eur \/d\u00eda Licencia requerida Detalles de Barcos Barco Blueline 19 5.5m 6 100 HP Alquiler desde 160\u20ac \/d\u00eda + combustible Licencia requerida Detalles de Barcos Aprovecha el d\u00eda de la aventura que te espera. Alquila un barco para [&hellip;]<\/p>\n","protected":false},"author":1,"featured_media":0,"parent":0,"menu_order":0,"comment_status":"closed","ping_status":"closed","template":"","meta":{"_joinchat":[],"footnotes":""},"class_list":["post-13452","page","type-page","status-publish","hentry"],"_links":{"self":[{"href":"https:\/\/seayou.com\/es\/wp-json\/wp\/v2\/pages\/13452","targetHints":{"allow":["GET"]}}],"collection":[{"href":"https:\/\/seayou.com\/es\/wp-json\/wp\/v2\/pages"}],"about":[{"href":"https:\/\/seayou.com\/es\/wp-json\/wp\/v2\/types\/page"}],"author":[{"embeddable":true,"href":"https:\/\/seayou.com\/es\/wp-json\/wp\/v2\/users\/1"}],"replies":[{"embeddable":true,"href":"https:\/\/seayou.com\/es\/wp-json\/wp\/v2\/comments?post=13452"}],"version-history":[{"count":0,"href":"https:\/\/seayou.com\/es\/wp-json\/wp\/v2\/pages\/13452\/revisions"}],"wp:attachment":[{"href":"https:\/\/seayou.com\/es\/wp-json\/wp\/v2\/media?parent=13452"}],"curies":[{"name":"wp","href":"https:\/\/api.w.org\/{rel}","templated":true}]}}