{"id":13881,"date":"2020-05-24T13:11:51","date_gmt":"2020-05-24T12:11:51","guid":{"rendered":"https:\/\/seayou.com\/luxurioeses-offenes-boot\/"},"modified":"2024-07-14T18:39:36","modified_gmt":"2024-07-14T17:39:36","slug":"luxurioeses-offenes-boot","status":"publish","type":"page","link":"https:\/\/seayou.com\/de\/luxurioeses-offenes-boot\/","title":{"rendered":"Luxuri\u00f6ses offenes Boot"},"content":{"rendered":"\t\t<div data-elementor-type=\"wp-page\" data-elementor-id=\"13881\" class=\"elementor elementor-13881 elementor-1273\" data-elementor-post-type=\"page\">\n\t\t\t\t\t\t<section class=\"elementor-section elementor-top-section elementor-element elementor-element-d329865 elementor-section-boxed elementor-section-height-default elementor-section-height-default\" data-id=\"d329865\" data-element_type=\"section\" data-e-type=\"section\">\n\t\t\t\t\t\t<div class=\"elementor-container elementor-column-gap-default\">\n\t\t\t\t\t<div class=\"aux-parallax-section elementor-column elementor-col-100 elementor-top-column elementor-element elementor-element-17a01aa\" data-id=\"17a01aa\" data-element_type=\"column\" data-e-type=\"column\">\n\t\t\t<div class=\"elementor-widget-wrap elementor-element-populated\">\n\t\t\t\t\t\t<div class=\"elementor-element elementor-element-899f403 elementor-widget elementor-widget-heading\" data-id=\"899f403\" data-element_type=\"widget\" data-e-type=\"widget\" data-widget_type=\"heading.default\">\n\t\t\t\t<div class=\"elementor-widget-container\">\n\t\t\t\t\t<h1 class=\"elementor-heading-title elementor-size-default\">Luxuri\u00f6ses offenes Boot <\/h1>\t\t\t\t<\/div>\n\t\t\t\t<\/div>\n\t\t\t\t\t<\/div>\n\t\t<\/div>\n\t\t\t\t\t<\/div>\n\t\t<\/section>\n\t\t\t\t<section class=\"elementor-section elementor-top-section elementor-element elementor-element-7c454e2 elementor-section-full_width elementor-section-height-default elementor-section-height-default\" data-id=\"7c454e2\" data-element_type=\"section\" data-e-type=\"section\">\n\t\t\t\t\t\t<div class=\"elementor-container elementor-column-gap-default\">\n\t\t\t\t\t<div class=\"aux-parallax-section elementor-column elementor-col-100 elementor-top-column elementor-element elementor-element-ca73239\" data-id=\"ca73239\" data-element_type=\"column\" data-e-type=\"column\">\n\t\t\t<div class=\"elementor-widget-wrap elementor-element-populated\">\n\t\t\t\t\t\t<div class=\"elementor-element elementor-element-43b7003 elementor-widget elementor-widget-aux_breadcrumbs\" data-id=\"43b7003\" data-element_type=\"widget\" data-e-type=\"widget\" data-widget_type=\"aux_breadcrumbs.default\">\n\t\t\t\t<div class=\"elementor-widget-container\">\n\t\t\t\t\t<div class=\"aux-elementor-breadcrumbs\"><p class=\"aux-breadcrumbs\"><span class=\"aux-breadcrumb-sep breadcrumb-icon Array\"><\/span><span><a href=\"https:\/\/seayou.com\/de\/\" title=\"Home\">Home<\/a><\/span><\/div>\t\t\t\t<\/div>\n\t\t\t\t<\/div>\n\t\t\t\t<section class=\"elementor-section elementor-inner-section elementor-element elementor-element-62a6387 elementor-section-full_width elementor-section-height-default elementor-section-height-default\" data-id=\"62a6387\" data-element_type=\"section\" data-e-type=\"section\">\n\t\t\t\t\t\t<div class=\"elementor-container elementor-column-gap-default\">\n\t\t\t\t\t<div class=\"aux-parallax-section elementor-column elementor-col-50 elementor-inner-column elementor-element elementor-element-a44914f\" data-id=\"a44914f\" data-element_type=\"column\" data-e-type=\"column\">\n\t\t\t<div class=\"elementor-widget-wrap elementor-element-populated\">\n\t\t\t\t\t\t<div class=\"elementor-element elementor-element-2df251a elementor-widget elementor-widget-image\" data-id=\"2df251a\" data-element_type=\"widget\" data-e-type=\"widget\" data-widget_type=\"image.default\">\n\t\t\t\t<div class=\"elementor-widget-container\">\n\t\t\t\t\t\t\t\t\t\t\t\t\t\t\t<img fetchpriority=\"high\" decoding=\"async\" width=\"2000\" height=\"1333\" src=\"https:\/\/seayou.com\/wp-content\/uploads\/2023\/05\/Seayou-125.jpg\" class=\"attachment-full size-full wp-image-10394\" alt=\"\" srcset=\"https:\/\/seayou.com\/wp-content\/uploads\/2023\/05\/Seayou-125.jpg 2000w, https:\/\/seayou.com\/wp-content\/uploads\/2023\/05\/Seayou-125-1536x1024.jpg 1536w\" sizes=\"(max-width: 2000px) 100vw, 2000px\" title=\"\">\t\t\t\t\t\t\t\t\t\t\t\t\t\t\t<\/div>\n\t\t\t\t<\/div>\n\t\t\t\t\t<\/div>\n\t\t<\/div>\n\t\t\t\t<div class=\"aux-parallax-section elementor-column elementor-col-50 elementor-inner-column elementor-element elementor-element-c8f6736\" data-id=\"c8f6736\" data-element_type=\"column\" data-e-type=\"column\">\n\t\t\t<div class=\"elementor-widget-wrap elementor-element-populated\">\n\t\t\t\t\t\t<div class=\"elementor-element elementor-element-fcdfbea elementor-widget elementor-widget-aux_modern_heading\" data-id=\"fcdfbea\" data-element_type=\"widget\" data-e-type=\"widget\" data-widget_type=\"aux_modern_heading.default\">\n\t\t\t\t<div class=\"elementor-widget-container\">\n\t\t\t\t\t<section class=\"aux-widget-modern-heading\">\n            <div class=\"aux-widget-inner\"><h2 class=\"aux-modern-heading-primary\">Boot Colnago<\/h2><div class=\"aux-modern-heading-divider\"><\/div><\/div>\n        <\/section>\t\t\t\t<\/div>\n\t\t\t\t<\/div>\n\t\t\t\t<div class=\"elementor-element elementor-element-26683e2 elementor-widget elementor-widget-aux_icon_list\" data-id=\"26683e2\" data-element_type=\"widget\" data-e-type=\"widget\" data-widget_type=\"aux_icon_list.default\">\n\t\t\t\t<div class=\"elementor-widget-container\">\n\t\t\t\t\t<section class=\"widget-container aux-widget-icon-list aux-parent-au840b86c0\"><div class=\"widget-inner\"><div class=\"aux-widget-icon-list-inner\"><ul class=\"aux-icon-list-items aux-direction-default\"><li class=\"aux-icon-list-item aux-list-item-has-icon aux-icon-list-item-39db7fb elementor-repeater-item-39db7fb\"><i aria-hidden=\"true\" class=\"aux-icon-list-icon auxicon2 auxicon2-code-working\"><\/i><span class=\"aux-icon-list-text\">11.5 m<\/span><\/li><li class=\"aux-icon-list-item aux-list-item-has-icon aux-icon-list-item-0f8feb1 elementor-repeater-item-0f8feb1\"><i aria-hidden=\"true\" class=\"aux-icon-list-icon auxicon auxicon-man-people-streamline-user\"><\/i><span class=\"aux-icon-list-text\">12<\/span><\/li><li class=\"aux-icon-list-item aux-list-item-has-icon aux-icon-list-item-e15b89e elementor-repeater-item-e15b89e\"><i aria-hidden=\"true\" class=\"aux-icon-list-icon auxicon auxicon-dashboard-speed-streamline\"><\/i><span class=\"aux-icon-list-text\">473 PS<\/span><\/li><li class=\"aux-icon-list-item aux-list-item-has-icon aux-icon-list-item-6db2d40 elementor-repeater-item-6db2d40\"><i aria-hidden=\"true\" class=\"aux-icon-list-icon far fa-calendar-alt\"><\/i><span class=\"aux-icon-list-text\">2017<\/span><\/li><\/ul><\/div><\/div><\/section><!-- widget-container -->\t\t\t\t<\/div>\n\t\t\t\t<\/div>\n\t\t\t\t<div class=\"elementor-element elementor-element-52086b9 elementor-widget elementor-widget-text-editor\" data-id=\"52086b9\" data-element_type=\"widget\" data-e-type=\"widget\" data-widget_type=\"text-editor.default\">\n\t\t\t\t<div class=\"elementor-widget-container\">\n\t\t\t\t\t\t\t\t\t<p style=\"text-align: center;\"><span style=\"color: #eb6a05;\">PREIS:<\/span><\/p>\n<p style=\"text-align: center;\"><span style=\"color: #00a5c9;\">Hochsaison (1. Juni &#8211; 31. August) &#8211;<\/span> <span style=\"color: #eb6a05;\">1300\u20ac pro Tag + Treibstoffkosten<\/span><\/p>\n<p style=\"text-align: center;\"><span style=\"color: #00a5c9;\">Nebensaison &#8211;<\/span><span style=\"color: #eb6a05;\">1200\u20ac pro Tag + Treibstoffkosten<\/span><\/p>\n\t\t\t\t\t\t\t\t<\/div>\n\t\t\t\t<\/div>\n\t\t\t\t<div class=\"elementor-element elementor-element-cdeea47 elementor-align-center elementor-widget elementor-widget-button\" data-id=\"cdeea47\" data-element_type=\"widget\" data-e-type=\"widget\" data-widget_type=\"button.default\">\n\t\t\t\t<div class=\"elementor-widget-container\">\n\t\t\t\t\t\t\t\t\t<div class=\"elementor-button-wrapper\">\n\t\t\t\t\t<a class=\"elementor-button elementor-size-sm\" role=\"button\">\n\t\t\t\t\t\t<span class=\"elementor-button-content-wrapper\">\n\t\t\t\t\t\t\t\t\t<span class=\"elementor-button-text\"><div class=\"load-turitop\" data-service=\"P13\" data-embed=\"button\">Private Tour buchen<\/div><\/span>\n\t\t\t\t\t<\/span>\n\t\t\t\t\t<\/a>\n\t\t\t\t<\/div>\n\t\t\t\t\t\t\t\t<\/div>\n\t\t\t\t<\/div>\n\t\t\t\t\t<\/div>\n\t\t<\/div>\n\t\t\t\t\t<\/div>\n\t\t<\/section>\n\t\t\t\t<div class=\"elementor-element elementor-element-4e3b15b elementor-widget elementor-widget-text-editor\" data-id=\"4e3b15b\" data-element_type=\"widget\" data-e-type=\"widget\" data-widget_type=\"text-editor.default\">\n\t\t\t\t<div class=\"elementor-widget-container\">\n\t\t\t\t\t\t\t\t\t<p style=\"text-align: center;\"><span style=\"font-weight: 400;\">Dieses<\/span> <b> zuverl\u00e4ssige 12 Meter lange Aluminium-Luxusboot mit Kabine<\/b> <span style=\"font-weight: 400;\"> ist komfortabel und ideal f\u00fcr Personen, die an einem entspannten Tag interessiert sind, um<\/span> <b>Sehensw\u00fcrdigkeiten zu besichtigen, Schnorcheln zu gehen, vom Boot aus zu schwimmen und einzigartige Orte bei privaten Bootstouren von Split, Bra\u010d oder Hvar aus zu erkunden<\/b>.<span style=\"font-weight: 400;\">. Das im Jahr <\/span><b>2017<\/b><span style=\"font-weight: 400;\">erbaute Colnago Boot geh\u00f6rt zu den herausragendsten Booten in der 5-Sterne-Kategorie unserer Flotte. Es ist mit einer <\/span><b>ger\u00e4umigen<\/b> <b>Kabine<\/b><span style=\"font-weight: 400;\"> ausgestattet, die Ihnen die M\u00f6glichkeit bietet, Ihre pers\u00f6nlichen Gegenst\u00e4nde sicher zu verstauen.Des Weiteren verf\u00fcgt es \u00fcber einen <\/span><b>K\u00fchlschrank<\/b><span style=\"font-weight: 400;\">,  <\/span><b>einer Toilette sowie<\/b><span style=\"font-weight: 400;\">,  <\/span><b>WLAN und<\/b><span style=\"font-weight: 400;\">,  <\/span><b>Bluetooth,<\/b><span style=\"font-weight: 400;\"> die mit einem hochwertigen Soundsystem verbunden sind, <\/span><b>um Ihnen ein erstklassiges<\/b><span style=\"font-weight: 400;\"> Musikerlebnis zu bieten. Zudem erf\u00fcllt es alle <\/span><b>Sicherheitsanforderungen,<\/b><span style=\"font-weight: 400;\"> um Ihren privaten Ausf lug zu einem komfortablen und entspannten Erlebnis zu machen.<\/span><\/p>\n<p style=\"text-align: center;\">Das <b>Hardtop-Dach<\/b> <span style=\"font-weight: 400;\">bietet einen umfassenden Sonnenschutz \u00fcber den gesamten Tag hinweg. Ein ger\u00e4umiges<\/span> <b>Sonnendeck<\/b> <span style=\"font-weight: 400;\"> l\u00e4dt zum Sonnenbaden und Entspannen ein, w\u00e4hrend Sie Ihre Lieblingsmusik oder die beruhigenden Ger\u00e4usche des Meeres genie\u00dfen.<\/span><\/p>\n<p style=\"text-align: center;\"><span style=\"font-weight: 400;\">Eine unvergessliche Erfahrung auf See ist garantiert auf diesem<\/span> <b>luxuri\u00f6sen, ger\u00e4umigen und kraftvollen Boot mit einem 475 PS Motor.<\/b><span style=\"font-weight: 400;\">. Es ist ideal f\u00fcr <\/span><b>Familien mit Kindern, Gruppen von Freunden, Partys und Veranstaltungen.<\/b> <span style=\"font-weight: 400;\">Das Boot ist <\/span> <b>stabil und schnell <\/b> <span style=\"font-weight: 400;\"> und bietet<\/span> <b>ausreichend Platz, um sich frei zu bewegen<\/b> und die Wellen des Meeres<span style=\"font-weight: 400;\"> in vollen Z\u00fcgen zu genie\u00dfen. Ein <\/span><b>bequemer Sitzbereich mit Spritzschutz<\/b> <span style=\"font-weight: 400;\">gew\u00e4hrleistet, dass die Kleidung trocken bleibt und steigert erheblich das Vergn\u00fcgen und den Gesamtkomfort auf dem Boot.<\/span><\/p>\n<p class=\"Normal tm5 tm6\" style=\"text-align: center;\">\n\t\t\t\t\t\t\t\t<\/div>\n\t\t\t\t<\/div>\n\t\t\t\t<div class=\"elementor-element elementor-element-68ab726 elementor-widget elementor-widget-text-editor\" data-id=\"68ab726\" data-element_type=\"widget\" data-e-type=\"widget\" data-widget_type=\"text-editor.default\">\n\t\t\t\t<div class=\"elementor-widget-container\">\n\t\t\t\t\t\t\t\t\t<p class=\"Normal tm5 tm6\" style=\"text-align: center;\"><span class=\"tm8\">Dieses schnelle und stabile Motorboot ist die perfekte Wahl, um an einem Tag viele Inseln zu besuchen, die nur mit privaten Motorbooten erreichbar sind. Entdecken Sie die wundersch\u00f6nen Inseln Vis, Kor\u010dula, Hvar oder Bra\u010d bei einem aufregenden Bootsabenteuer. <\/span><\/p>\n<p class=\"Normal tm5 tm6\" style=\"text-align: center;\"><span class=\"tm7\"> <\/span><\/p>\n\t\t\t\t\t\t\t\t<\/div>\n\t\t\t\t<\/div>\n\t\t\t\t<div class=\"elementor-element elementor-element-ef9e472 elementor-widget elementor-widget-aux_modern_button\" data-id=\"ef9e472\" data-element_type=\"widget\" data-e-type=\"widget\" data-widget_type=\"aux_modern_button.default\">\n\t\t\t\t<div class=\"elementor-widget-container\">\n\t\t\t\t\t    <div class=\"aux-modern-button-wrapper aux-modern-button-align-center\" >\n                    <a class=\"aux-modern-button aux-info aux-modern-button-lg aux-modern-button-normal aux-modern-button-default aux-icon-\" href=\"https:\/\/seayou.com\/contact-us\/\">\n                <div class=\"aux-overlay\"><\/div>\n                                    <div class=\"aux-icon \">\n                                            <\/div>\n                                <div class=\"aux-text\">\n<span class=\"aux-text-before\">ANFRAGE SENDEN<\/span>                <\/div>\n            <\/a>\n            \n    <\/div>\n\n    \t\t\t\t<\/div>\n\t\t\t\t<\/div>\n\t\t\t\t<div class=\"elementor-element elementor-element-d9db0c4 elementor-widget elementor-widget-aux_modern_heading\" data-id=\"d9db0c4\" data-element_type=\"widget\" data-e-type=\"widget\" data-widget_type=\"aux_modern_heading.default\">\n\t\t\t\t<div class=\"elementor-widget-container\">\n\t\t\t\t\t<section class=\"aux-widget-modern-heading\">\n            <div class=\"aux-widget-inner\"><h2 class=\"aux-modern-heading-primary\">Bildergalerie<\/h2><div class=\"aux-modern-heading-divider\"><\/div><\/div>\n        <\/section>\t\t\t\t<\/div>\n\t\t\t\t<\/div>\n\t\t\t\t\t<\/div>\n\t\t<\/div>\n\t\t\t\t\t<\/div>\n\t\t<\/section>\n\t\t\t\t<section class=\"elementor-section elementor-top-section elementor-element elementor-element-f86566c elementor-section-boxed elementor-section-height-default elementor-section-height-default\" data-id=\"f86566c\" data-element_type=\"section\" data-e-type=\"section\">\n\t\t\t\t\t\t<div class=\"elementor-container elementor-column-gap-default\">\n\t\t\t\t\t<div class=\"aux-parallax-section elementor-column elementor-col-33 elementor-top-column elementor-element elementor-element-a6051ca\" data-id=\"a6051ca\" data-element_type=\"column\" data-e-type=\"column\">\n\t\t\t<div class=\"elementor-widget-wrap elementor-element-populated\">\n\t\t\t\t\t\t<div class=\"elementor-element elementor-element-fd7d577 elementor-widget elementor-widget-image\" data-id=\"fd7d577\" data-element_type=\"widget\" data-e-type=\"widget\" data-widget_type=\"image.default\">\n\t\t\t\t<div class=\"elementor-widget-container\">\n\t\t\t\t\t\t\t\t\t\t\t\t\t\t\t<img decoding=\"async\" width=\"768\" height=\"1024\" src=\"https:\/\/seayou.com\/wp-content\/uploads\/2023\/12\/Cabin-boat-with-sundeck.jpeg\" class=\"attachment-full size-full wp-image-10456\" alt=\"Cabin boat Seayou\" title=\"\">\t\t\t\t\t\t\t\t\t\t\t\t\t\t\t<\/div>\n\t\t\t\t<\/div>\n\t\t\t\t\t<\/div>\n\t\t<\/div>\n\t\t\t\t<div class=\"aux-parallax-section elementor-column elementor-col-33 elementor-top-column elementor-element elementor-element-0d31623\" data-id=\"0d31623\" data-element_type=\"column\" data-e-type=\"column\">\n\t\t\t<div class=\"elementor-widget-wrap elementor-element-populated\">\n\t\t\t\t\t\t<div class=\"elementor-element elementor-element-21c553c elementor-widget elementor-widget-image\" data-id=\"21c553c\" data-element_type=\"widget\" data-e-type=\"widget\" data-widget_type=\"image.default\">\n\t\t\t\t<div class=\"elementor-widget-container\">\n\t\t\t\t\t\t\t\t\t\t\t\t\t\t\t<img decoding=\"async\" width=\"768\" height=\"1024\" src=\"https:\/\/seayou.com\/wp-content\/uploads\/2023\/12\/Lluxury-open-boat.jpeg\" class=\"attachment-full size-full wp-image-10468\" alt=\"Boat Colnago 35 Split\" title=\"\">\t\t\t\t\t\t\t\t\t\t\t\t\t\t\t<\/div>\n\t\t\t\t<\/div>\n\t\t\t\t\t<\/div>\n\t\t<\/div>\n\t\t\t\t<div class=\"aux-parallax-section elementor-column elementor-col-33 elementor-top-column elementor-element elementor-element-b9060a9\" data-id=\"b9060a9\" data-element_type=\"column\" data-e-type=\"column\">\n\t\t\t<div class=\"elementor-widget-wrap elementor-element-populated\">\n\t\t\t\t\t\t<div class=\"elementor-element elementor-element-69456fa elementor-widget elementor-widget-image\" data-id=\"69456fa\" data-element_type=\"widget\" data-e-type=\"widget\" data-widget_type=\"image.default\">\n\t\t\t\t<div class=\"elementor-widget-container\">\n\t\t\t\t\t\t\t\t\t\t\t\t\t\t\t<img loading=\"lazy\" decoding=\"async\" width=\"2000\" height=\"1333\" src=\"https:\/\/seayou.com\/wp-content\/uploads\/2023\/05\/Seayou-127.jpg\" class=\"attachment-full size-full wp-image-10379\" alt=\"Colnago 35 Boat\" srcset=\"https:\/\/seayou.com\/wp-content\/uploads\/2023\/05\/Seayou-127.jpg 2000w, https:\/\/seayou.com\/wp-content\/uploads\/2023\/05\/Seayou-127-1536x1024.jpg 1536w\" sizes=\"(max-width: 2000px) 100vw, 2000px\" title=\"\">\t\t\t\t\t\t\t\t\t\t\t\t\t\t\t<\/div>\n\t\t\t\t<\/div>\n\t\t\t\t\t<\/div>\n\t\t<\/div>\n\t\t\t\t\t<\/div>\n\t\t<\/section>\n\t\t\t\t<\/div>\n\t\t","protected":false},"excerpt":{"rendered":"<p>Luxuri\u00f6ses offenes Boot Boot Colnago 11.5 m 12 473 PS 2017 PREIS: Hochsaison (1. Juni &#8211; 31. August) &#8211; 1300\u20ac pro Tag + Treibstoffkosten Nebensaison -1200\u20ac pro Tag + Treibstoffkosten Dieses zuverl\u00e4ssige 12 Meter lange Aluminium-Luxusboot mit Kabine ist komfortabel und ideal f\u00fcr Personen, die an einem entspannten Tag interessiert sind, um Sehensw\u00fcrdigkeiten zu besichtigen, [&hellip;]<\/p>\n","protected":false},"author":1,"featured_media":0,"parent":0,"menu_order":0,"comment_status":"closed","ping_status":"closed","template":"","meta":{"_joinchat":[],"footnotes":""},"class_list":["post-13881","page","type-page","status-publish","hentry"],"_links":{"self":[{"href":"https:\/\/seayou.com\/de\/wp-json\/wp\/v2\/pages\/13881","targetHints":{"allow":["GET"]}}],"collection":[{"href":"https:\/\/seayou.com\/de\/wp-json\/wp\/v2\/pages"}],"about":[{"href":"https:\/\/seayou.com\/de\/wp-json\/wp\/v2\/types\/page"}],"author":[{"embeddable":true,"href":"https:\/\/seayou.com\/de\/wp-json\/wp\/v2\/users\/1"}],"replies":[{"embeddable":true,"href":"https:\/\/seayou.com\/de\/wp-json\/wp\/v2\/comments?post=13881"}],"version-history":[{"count":0,"href":"https:\/\/seayou.com\/de\/wp-json\/wp\/v2\/pages\/13881\/revisions"}],"wp:attachment":[{"href":"https:\/\/seayou.com\/de\/wp-json\/wp\/v2\/media?parent=13881"}],"curies":[{"name":"wp","href":"https:\/\/api.w.org\/{rel}","templated":true}]}}