{"id":13395,"date":"2020-05-24T13:29:21","date_gmt":"2020-05-24T12:29:21","guid":{"rendered":"https:\/\/seayou.com\/das-offenen-boot-enzo\/"},"modified":"2024-06-18T11:18:13","modified_gmt":"2024-06-18T10:18:13","slug":"das-offenen-boot-enzo","status":"publish","type":"page","link":"https:\/\/seayou.com\/de\/das-offenen-boot-enzo\/","title":{"rendered":"Das offenen Boot Enzo"},"content":{"rendered":"\t\t<div data-elementor-type=\"wp-page\" data-elementor-id=\"13395\" class=\"elementor elementor-13395 elementor-1290\" data-elementor-post-type=\"page\">\n\t\t\t\t\t\t<section class=\"elementor-section elementor-top-section elementor-element elementor-element-d336700 elementor-section-boxed elementor-section-height-default elementor-section-height-default\" data-id=\"d336700\" data-element_type=\"section\" data-e-type=\"section\">\n\t\t\t\t\t\t<div class=\"elementor-container elementor-column-gap-default\">\n\t\t\t\t\t<div class=\"aux-parallax-section elementor-column elementor-col-100 elementor-top-column elementor-element elementor-element-61efca8\" data-id=\"61efca8\" data-element_type=\"column\" data-e-type=\"column\">\n\t\t\t<div class=\"elementor-widget-wrap elementor-element-populated\">\n\t\t\t\t\t\t<div class=\"elementor-element elementor-element-27eb902 elementor-widget elementor-widget-heading\" data-id=\"27eb902\" data-element_type=\"widget\" data-e-type=\"widget\" data-widget_type=\"heading.default\">\n\t\t\t\t<div class=\"elementor-widget-container\">\n\t\t\t\t\t<h1 class=\"elementor-heading-title elementor-size-default\">Private Tour mit dem offenen Boot<\/h1>\t\t\t\t<\/div>\n\t\t\t\t<\/div>\n\t\t\t\t\t<\/div>\n\t\t<\/div>\n\t\t\t\t\t<\/div>\n\t\t<\/section>\n\t\t\t\t<section class=\"elementor-section elementor-top-section elementor-element elementor-element-7c454e2 elementor-section-full_width elementor-section-height-default elementor-section-height-default\" data-id=\"7c454e2\" data-element_type=\"section\" data-e-type=\"section\">\n\t\t\t\t\t\t<div class=\"elementor-container elementor-column-gap-default\">\n\t\t\t\t\t<div class=\"aux-parallax-section elementor-column elementor-col-100 elementor-top-column elementor-element elementor-element-ca73239\" data-id=\"ca73239\" data-element_type=\"column\" data-e-type=\"column\">\n\t\t\t<div class=\"elementor-widget-wrap elementor-element-populated\">\n\t\t\t\t\t\t<section class=\"elementor-section elementor-inner-section elementor-element elementor-element-62a6387 elementor-section-full_width elementor-section-height-default elementor-section-height-default\" data-id=\"62a6387\" data-element_type=\"section\" data-e-type=\"section\">\n\t\t\t\t\t\t<div class=\"elementor-container elementor-column-gap-default\">\n\t\t\t\t\t<div class=\"aux-parallax-section elementor-column elementor-col-50 elementor-inner-column elementor-element elementor-element-a44914f\" data-id=\"a44914f\" data-element_type=\"column\" data-e-type=\"column\">\n\t\t\t<div class=\"elementor-widget-wrap elementor-element-populated\">\n\t\t\t\t\t\t<div class=\"elementor-element elementor-element-2df251a elementor-widget__width-inherit elementor-widget elementor-widget-image\" data-id=\"2df251a\" data-element_type=\"widget\" data-e-type=\"widget\" data-widget_type=\"image.default\">\n\t\t\t\t<div class=\"elementor-widget-container\">\n\t\t\t\t\t\t\t\t\t\t\t\t\t\t\t<img fetchpriority=\"high\" decoding=\"async\" width=\"768\" height=\"768\" src=\"https:\/\/seayou.com\/wp-content\/uploads\/2023\/05\/Seayou-095-768x768.jpg\" class=\"attachment-medium_large size-medium_large wp-image-10409\" alt=\"Private open boat tour\" srcset=\"https:\/\/seayou.com\/wp-content\/uploads\/2023\/05\/Seayou-095-768x768.jpg 768w, https:\/\/seayou.com\/wp-content\/uploads\/2023\/05\/Seayou-095-300x300.jpg 300w, https:\/\/seayou.com\/wp-content\/uploads\/2023\/05\/Seayou-095-1024x1024.jpg 1024w, https:\/\/seayou.com\/wp-content\/uploads\/2023\/05\/Seayou-095-150x150.jpg 150w\" sizes=\"(max-width: 768px) 100vw, 768px\" title=\"\">\t\t\t\t\t\t\t\t\t\t\t\t\t\t\t<\/div>\n\t\t\t\t<\/div>\n\t\t\t\t\t<\/div>\n\t\t<\/div>\n\t\t\t\t<div class=\"aux-parallax-section elementor-column elementor-col-50 elementor-inner-column elementor-element elementor-element-c8f6736\" data-id=\"c8f6736\" data-element_type=\"column\" data-e-type=\"column\">\n\t\t\t<div class=\"elementor-widget-wrap elementor-element-populated\">\n\t\t\t\t\t\t<div class=\"elementor-element elementor-element-fcdfbea elementor-widget elementor-widget-aux_modern_heading\" data-id=\"fcdfbea\" data-element_type=\"widget\" data-e-type=\"widget\" data-widget_type=\"aux_modern_heading.default\">\n\t\t\t\t<div class=\"elementor-widget-container\">\n\t\t\t\t\t<section class=\"aux-widget-modern-heading\">\n            <div class=\"aux-widget-inner\"><h2 class=\"aux-modern-heading-primary\">Enzo 35<\/h2><div class=\"aux-modern-heading-divider\"><\/div><\/div>\n        <\/section>\t\t\t\t<\/div>\n\t\t\t\t<\/div>\n\t\t\t\t<div class=\"elementor-element elementor-element-26683e2 elementor-widget elementor-widget-aux_icon_list\" data-id=\"26683e2\" data-element_type=\"widget\" data-e-type=\"widget\" data-widget_type=\"aux_icon_list.default\">\n\t\t\t\t<div class=\"elementor-widget-container\">\n\t\t\t\t\t<section class=\"widget-container aux-widget-icon-list aux-parent-au6d177806\"><div class=\"widget-inner\"><div class=\"aux-widget-icon-list-inner\"><ul class=\"aux-icon-list-items aux-direction-vertical\"><li class=\"aux-icon-list-item aux-list-item-has-icon aux-icon-list-item-39db7fb elementor-repeater-item-39db7fb\"><i aria-hidden=\"true\" class=\"aux-icon-list-icon auxicon2 auxicon2-code-working\"><\/i><span class=\"aux-icon-list-text\">10.6m<\/span><\/li><li class=\"aux-icon-list-item aux-list-item-has-icon aux-icon-list-item-0f8feb1 elementor-repeater-item-0f8feb1\"><i aria-hidden=\"true\" class=\"aux-icon-list-icon auxicon auxicon-man-people-streamline-user\"><\/i><span class=\"aux-icon-list-text\">12<\/span><\/li><li class=\"aux-icon-list-item aux-list-item-has-icon aux-icon-list-item-e15b89e elementor-repeater-item-e15b89e\"><i aria-hidden=\"true\" class=\"aux-icon-list-icon auxicon auxicon-dashboard-speed-streamline\"><\/i><span class=\"aux-icon-list-text\">418 PS<\/span><\/li><li class=\"aux-icon-list-item aux-list-item-has-icon aux-icon-list-item-6db2d40 elementor-repeater-item-6db2d40\"><i aria-hidden=\"true\" class=\"aux-icon-list-icon far fa-calendar-alt\"><\/i><span class=\"aux-icon-list-text\">2019<\/span><\/li><\/ul><\/div><\/div><\/section><!-- widget-container -->\t\t\t\t<\/div>\n\t\t\t\t<\/div>\n\t\t\t\t<div class=\"elementor-element elementor-element-52086b9 elementor-widget elementor-widget-text-editor\" data-id=\"52086b9\" data-element_type=\"widget\" data-e-type=\"widget\" data-widget_type=\"text-editor.default\">\n\t\t\t\t<div class=\"elementor-widget-container\">\n\t\t\t\t\t\t\t\t\t<p style=\"text-align: center;\"><span style=\"color: #eb6a05;\">PREIS:<\/span><\/p>\n<p style=\"text-align: center;\"><span style=\"color: #00a5c9;\">Hochsaison (1. Juni \u2013 31. August) &#8211; <\/span><span style=\"color: #eb6a05;\">1050\u20ac pro Tag + Treibstoffkosten<\/span><\/p>\n<p style=\"text-align: center;\"><span style=\"color: #00a5c9;\">Nebensaison &#8211; <\/span><span style=\"color: #eb6a05;\">950\u20ac pro Tag + Treibstoffkosten <\/span><\/p>\n\t\t\t\t\t\t\t\t<\/div>\n\t\t\t\t<\/div>\n\t\t\t\t<div class=\"elementor-element elementor-element-bd241d7 elementor-align-center elementor-widget elementor-widget-button\" data-id=\"bd241d7\" data-element_type=\"widget\" data-e-type=\"widget\" data-widget_type=\"button.default\">\n\t\t\t\t<div class=\"elementor-widget-container\">\n\t\t\t\t\t\t\t\t\t<div class=\"elementor-button-wrapper\">\n\t\t\t\t\t<a class=\"elementor-button elementor-size-sm\" role=\"button\">\n\t\t\t\t\t\t<span class=\"elementor-button-content-wrapper\">\n\t\t\t\t\t\t\t\t\t<span class=\"elementor-button-text\"><div class=\"load-turitop\" data-service=\"P12\" data-embed=\"button\">Jetzt buchen<\/div><\/span>\n\t\t\t\t\t<\/span>\n\t\t\t\t\t<\/a>\n\t\t\t\t<\/div>\n\t\t\t\t\t\t\t\t<\/div>\n\t\t\t\t<\/div>\n\t\t\t\t\t<\/div>\n\t\t<\/div>\n\t\t\t\t\t<\/div>\n\t\t<\/section>\n\t\t\t\t<div class=\"elementor-element elementor-element-4e3b15b elementor-widget elementor-widget-text-editor\" data-id=\"4e3b15b\" data-element_type=\"widget\" data-e-type=\"widget\" data-widget_type=\"text-editor.default\">\n\t\t\t\t<div class=\"elementor-widget-container\">\n\t\t\t\t\t\t\t\t\t<p><span style=\"font-weight: 400;\">Das <\/span> <b> innovative und brillante Design unseres neuen Enzo 35<\/b> <span style=\"font-weight: 400;\">ist ideal f\u00fcr Personen, die eine<\/span> <b>ruhige und dennoch aufregende Fahrt<\/b> <span style=\"font-weight: 400;\">bei einer privaten Bootstour w\u00fcnschen.<\/span><\/p>\n<p><span style=\"font-weight: 400;\">Das Boot wurde im Jahr<\/span> <b>2019<\/b> <span style=\"font-weight: 400;\">produziert und ist<\/span><b> perfekt f\u00fcr Familien und Freundesgruppen<\/b> <span style=\"font-weight: 400;\">geeignet. Es verf\u00fcgt \u00fcber alle notwendigen Ausstattungen, um eine sichere und komfortable Fahrt zu gew\u00e4hrleisten.<\/span> <\/p>\n<p><span style=\"font-weight: 400;\">Das Boot verf\u00fcgt \u00fcber <\/span><b>GPS, Sicherheitsvorrichtungen und WLAN. Es bietet zudem eine Toilette und eine Dusche f\u00fcr Ihren Komfort.<\/b><span style=\"font-weight: 400;\">Ein <\/span><b>Hardtop sch\u00fctzt Sie vor der Sonne <\/b><span style=\"font-weight: 400;\">und ein <\/span><b>gem\u00fctliches, gepolstertes Sonnendeck<\/b><span style=\"font-weight: 400;\"> l\u00e4dt zum Entspannen w\u00e4hrend der Fahrt ein. <\/span><b>Mit einem kraftvollen Motor von 418 PS gleiten Sie m\u00fchelos von Insel zu Insel<\/b><span style=\"font-weight: 400;\">.  <\/span><b>Der seitliche Spritzschutz<\/b><span style=\"font-weight: 400;\"> sorgt daf\u00fcr, dass Ihre Gegenst\u00e4nde trocken bleiben und vor den Wellen des offenen Meeres gesch\u00fctzt sind. <\/span><\/p>\n<p><span style=\"font-weight: 400;\">Bitte nehmen Sie alles mit, was Sie m\u00f6glicherweise auf dem Bootsausflug ben\u00f6tigen k\u00f6nnten. Genie\u00dfen Sie das aufregende Wellenreiten<\/span> <b>in Begleitung von zwei erfahrenen Crewmitgliedern, <\/b> <span style=\"font-weight: 400;\"> die Sie begleiten werden. So k\u00f6nnen Sie sich vollkommen entspannen und Ihre Zeit an Bord in vollen Z\u00fcgen genie\u00dfen.<\/span><\/p>\t\t\t\t\t\t\t\t<\/div>\n\t\t\t\t<\/div>\n\t\t\t\t<div class=\"elementor-element elementor-element-fbbc4a9 elementor-widget elementor-widget-aux_tabs\" data-id=\"fbbc4a9\" data-element_type=\"widget\" data-e-type=\"widget\" data-widget_type=\"aux_tabs.default\">\n\t\t\t\t<div class=\"elementor-widget-container\">\n\t\t\t\t\t<section class=\"widget-container aux-widget-tabs aux-parent-aucc0b1d9e\"><div class=\"widget-tabs widget-container aux-stripe\"><div class=\"widget-inner aux-horizontal\"> <ul class=\"tabs\"><li><a id=\"aux-tab-2631\" href=\"#\" role=\"tab\" aria-controls=\"aux-tab-content-2631\">SPEZIFIKATIONEN<\/a><\/li><li><a id=\"aux-tab-2632\" href=\"#\" role=\"tab\" aria-controls=\"aux-tab-content-2632\">BESONDERE MERKMALE<\/a><\/li><\/ul><ul class=\"tabs-content\"><li><div id=\"aux-tab-content-2631\" class=\"entry-editor\" role=\"tabpanel\" aria-labelledby=\"aux-tab-2631\"><p><p>Bootstyp: Schnellboot<br \/>Kapazit\u00e4t: maximal 12 Personen<br \/>10.6 m<br \/>418 PS<br \/>Material: GfK<br \/>Herstellungsjahr: 2019<br \/>Abholorte: Split, Brac, Hvar, Trogir und zahlreiche weitere Orte<\/p><\/p><\/div><\/li><li><div id=\"aux-tab-content-2632\" class=\"entry-editor\" role=\"tabpanel\" aria-labelledby=\"aux-tab-2632\"><p><p>WLAN<br \/>Bluetooth<br \/>Toilette<br \/>Dusche<br \/>Hardtop<br \/>Schnorchelausr\u00fcstung<br \/>Sicherheitsausr\u00fcstung<br \/>Speisen und Getr\u00e4nke sind auf Anfrage verf\u00fcgbar.<\/p><\/p><\/div><\/li><\/ul><\/div><\/div><\/section><!-- widget-container -->\t\t\t\t<\/div>\n\t\t\t\t<\/div>\n\t\t\t\t<div class=\"elementor-element elementor-element-d211ed7 elementor-widget elementor-widget-aux_modern_button\" data-id=\"d211ed7\" data-element_type=\"widget\" data-e-type=\"widget\" data-widget_type=\"aux_modern_button.default\">\n\t\t\t\t<div class=\"elementor-widget-container\">\n\t\t\t\t\t    <div class=\"aux-modern-button-wrapper aux-modern-button-align-center\" >\n                    <a class=\"aux-modern-button aux-info aux-modern-button-lg aux-modern-button-normal aux-modern-button-default aux-icon-\" href=\"https:\/\/seayou.com\/contact-us\/\">\n                <div class=\"aux-overlay\"><\/div>\n                                    <div class=\"aux-icon \">\n                                            <\/div>\n                                <div class=\"aux-text\">\n<span class=\"aux-text-before\">ANFRAGE SENDEN<\/span>                <\/div>\n            <\/a>\n            \n    <\/div>\n\n    \t\t\t\t<\/div>\n\t\t\t\t<\/div>\n\t\t\t\t<div class=\"elementor-element elementor-element-d9db0c4 elementor-widget elementor-widget-aux_modern_heading\" data-id=\"d9db0c4\" data-element_type=\"widget\" data-e-type=\"widget\" data-widget_type=\"aux_modern_heading.default\">\n\t\t\t\t<div class=\"elementor-widget-container\">\n\t\t\t\t\t<section class=\"aux-widget-modern-heading\">\n            <div class=\"aux-widget-inner\"><h2 class=\"aux-modern-heading-primary\">Bildergalerie<\/h2><div class=\"aux-modern-heading-divider\"><\/div><\/div>\n        <\/section>\t\t\t\t<\/div>\n\t\t\t\t<\/div>\n\t\t\t\t\t<\/div>\n\t\t<\/div>\n\t\t\t\t\t<\/div>\n\t\t<\/section>\n\t\t<div class=\"aux-parallax-section elementor-element elementor-element-b240e54 e-flex e-con-boxed e-con e-parent\" data-id=\"b240e54\" data-element_type=\"container\" data-e-type=\"container\">\n\t\t\t\t\t<div class=\"e-con-inner\">\n\t\t<div class=\"elementor-element elementor-element-5d652b1 e-con-full e-flex e-con e-child\" data-id=\"5d652b1\" data-element_type=\"container\" data-e-type=\"container\">\n\t\t\t\t<div class=\"elementor-element elementor-element-304273b elementor-widget elementor-widget-image\" data-id=\"304273b\" data-element_type=\"widget\" data-e-type=\"widget\" data-widget_type=\"image.default\">\n\t\t\t\t<div class=\"elementor-widget-container\">\n\t\t\t\t\t\t\t\t\t\t\t\t\t\t\t<img decoding=\"async\" width=\"1024\" height=\"1024\" src=\"https:\/\/seayou.com\/wp-content\/uploads\/2024\/06\/SeaYou-Croatia-open-boat-with-sundeck-1024x1024.jpg\" class=\"attachment-large size-large wp-image-13270\" alt=\"\" srcset=\"https:\/\/seayou.com\/wp-content\/uploads\/2024\/06\/SeaYou-Croatia-open-boat-with-sundeck-1024x1024.jpg 1024w, https:\/\/seayou.com\/wp-content\/uploads\/2024\/06\/SeaYou-Croatia-open-boat-with-sundeck-300x300.jpg 300w, https:\/\/seayou.com\/wp-content\/uploads\/2024\/06\/SeaYou-Croatia-open-boat-with-sundeck-150x150.jpg 150w, https:\/\/seayou.com\/wp-content\/uploads\/2024\/06\/SeaYou-Croatia-open-boat-with-sundeck-768x768.jpg 768w\" sizes=\"(max-width: 1024px) 100vw, 1024px\" title=\"\">\t\t\t\t\t\t\t\t\t\t\t\t\t\t\t<\/div>\n\t\t\t\t<\/div>\n\t\t\t\t<\/div>\n\t\t<div class=\"elementor-element elementor-element-fe213e2 e-con-full e-flex e-con e-child\" data-id=\"fe213e2\" data-element_type=\"container\" data-e-type=\"container\">\n\t\t\t\t<div class=\"elementor-element elementor-element-351f6ee elementor-widget elementor-widget-image\" data-id=\"351f6ee\" data-element_type=\"widget\" data-e-type=\"widget\" data-widget_type=\"image.default\">\n\t\t\t\t<div class=\"elementor-widget-container\">\n\t\t\t\t\t\t\t\t\t\t\t\t\t\t\t<img decoding=\"async\" width=\"1024\" height=\"1024\" src=\"https:\/\/seayou.com\/wp-content\/uploads\/2024\/06\/Seayou-Open-Boat-for-Tours-1024x1024.jpg\" class=\"attachment-large size-large wp-image-13275\" alt=\"\" srcset=\"https:\/\/seayou.com\/wp-content\/uploads\/2024\/06\/Seayou-Open-Boat-for-Tours-1024x1024.jpg 1024w, https:\/\/seayou.com\/wp-content\/uploads\/2024\/06\/Seayou-Open-Boat-for-Tours-300x300.jpg 300w, https:\/\/seayou.com\/wp-content\/uploads\/2024\/06\/Seayou-Open-Boat-for-Tours-150x150.jpg 150w, https:\/\/seayou.com\/wp-content\/uploads\/2024\/06\/Seayou-Open-Boat-for-Tours-768x768.jpg 768w\" sizes=\"(max-width: 1024px) 100vw, 1024px\" title=\"\">\t\t\t\t\t\t\t\t\t\t\t\t\t\t\t<\/div>\n\t\t\t\t<\/div>\n\t\t\t\t<\/div>\n\t\t\t\t\t<\/div>\n\t\t\t\t<\/div>\n\t\t\t\t<\/div>\n\t\t","protected":false},"excerpt":{"rendered":"<p>Private Tour mit dem offenen Boot Enzo 35 10.6m 12 418 PS 2019 PREIS: Hochsaison (1. Juni \u2013 31. August) &#8211; 1050\u20ac pro Tag + Treibstoffkosten Nebensaison &#8211; 950\u20ac pro Tag + Treibstoffkosten Das innovative und brillante Design unseres neuen Enzo 35 ist ideal f\u00fcr Personen, die eine ruhige und dennoch aufregende Fahrt bei einer [&hellip;]<\/p>\n","protected":false},"author":1,"featured_media":0,"parent":0,"menu_order":0,"comment_status":"closed","ping_status":"closed","template":"","meta":{"_joinchat":[],"footnotes":""},"class_list":["post-13395","page","type-page","status-publish","hentry"],"_links":{"self":[{"href":"https:\/\/seayou.com\/de\/wp-json\/wp\/v2\/pages\/13395","targetHints":{"allow":["GET"]}}],"collection":[{"href":"https:\/\/seayou.com\/de\/wp-json\/wp\/v2\/pages"}],"about":[{"href":"https:\/\/seayou.com\/de\/wp-json\/wp\/v2\/types\/page"}],"author":[{"embeddable":true,"href":"https:\/\/seayou.com\/de\/wp-json\/wp\/v2\/users\/1"}],"replies":[{"embeddable":true,"href":"https:\/\/seayou.com\/de\/wp-json\/wp\/v2\/comments?post=13395"}],"version-history":[{"count":0,"href":"https:\/\/seayou.com\/de\/wp-json\/wp\/v2\/pages\/13395\/revisions"}],"wp:attachment":[{"href":"https:\/\/seayou.com\/de\/wp-json\/wp\/v2\/media?parent=13395"}],"curies":[{"name":"wp","href":"https:\/\/api.w.org\/{rel}","templated":true}]}}