{"id":13122,"date":"2021-02-21T22:24:18","date_gmt":"2021-02-21T21:24:18","guid":{"rendered":"https:\/\/seayou.com\/bootsverleih-in-milna\/"},"modified":"2024-06-03T18:27:28","modified_gmt":"2024-06-03T17:27:28","slug":"bootsverleih-in-milna","status":"publish","type":"page","link":"https:\/\/seayou.com\/de\/bootsverleih-in-milna\/","title":{"rendered":"Bootsverleih in Milna"},"content":{"rendered":"\t\t<div data-elementor-type=\"wp-page\" data-elementor-id=\"13122\" class=\"elementor elementor-13122 elementor-2520\" data-elementor-post-type=\"page\">\n\t\t\t\t\t\t<section class=\"elementor-section elementor-top-section elementor-element elementor-element-b2ec408 elementor-section-boxed elementor-section-height-default elementor-section-height-default\" data-id=\"b2ec408\" data-element_type=\"section\" data-e-type=\"section\">\n\t\t\t\t\t\t<div class=\"elementor-container elementor-column-gap-default\">\n\t\t\t\t\t<div class=\"aux-parallax-section elementor-column elementor-col-100 elementor-top-column elementor-element elementor-element-93ebcb9\" data-id=\"93ebcb9\" data-element_type=\"column\" data-e-type=\"column\">\n\t\t\t<div class=\"elementor-widget-wrap elementor-element-populated\">\n\t\t\t\t\t\t<div class=\"elementor-element elementor-element-9cbcef3 elementor-widget elementor-widget-aux_modern_heading\" data-id=\"9cbcef3\" data-element_type=\"widget\" data-e-type=\"widget\" data-widget_type=\"aux_modern_heading.default\">\n\t\t\t\t<div class=\"elementor-widget-container\">\n\t\t\t\t\t<section class=\"aux-widget-modern-heading\">\n            <div class=\"aux-widget-inner\"><h1 class=\"aux-modern-heading-primary\">Bootsverleih in Milna<\/h1><\/div>\n        <\/section>\t\t\t\t<\/div>\n\t\t\t\t<\/div>\n\t\t\t\t\t<\/div>\n\t\t<\/div>\n\t\t\t\t\t<\/div>\n\t\t<\/section>\n\t\t\t\t<section class=\"elementor-section elementor-top-section elementor-element elementor-element-c60a34b elementor-section-full_width elementor-section-content-middle elementor-section-height-default elementor-section-height-default\" data-id=\"c60a34b\" data-element_type=\"section\" data-e-type=\"section\">\n\t\t\t\t\t\t<div class=\"elementor-container elementor-column-gap-no\">\n\t\t\t\t\t<div class=\"aux-parallax-section elementor-column elementor-col-100 elementor-top-column elementor-element elementor-element-fd48e61\" data-id=\"fd48e61\" data-element_type=\"column\" data-e-type=\"column\">\n\t\t\t<div class=\"elementor-widget-wrap elementor-element-populated\">\n\t\t\t\t\t\t<section class=\"elementor-section elementor-inner-section elementor-element elementor-element-4e841fe elementor-section-full_width elementor-section-height-default elementor-section-height-default\" data-id=\"4e841fe\" data-element_type=\"section\" data-e-type=\"section\" data-settings=\"{&quot;animation&quot;:&quot;none&quot;}\">\n\t\t\t\t\t\t<div class=\"elementor-container elementor-column-gap-default\">\n\t\t\t\t\t<div class=\"aux-parallax-section elementor-column elementor-col-50 elementor-inner-column elementor-element elementor-element-6c369d7\" data-id=\"6c369d7\" data-element_type=\"column\" data-e-type=\"column\">\n\t\t\t<div class=\"elementor-widget-wrap elementor-element-populated\">\n\t\t\t\t\t\t<div class=\"elementor-element elementor-element-25bd73d elementor-widget elementor-widget-aux_image\" data-id=\"25bd73d\" data-element_type=\"widget\" data-e-type=\"widget\" data-widget_type=\"aux_image.default\">\n\t\t\t\t<div class=\"elementor-widget-container\">\n\t\t\t\t\t<section class=\"widget-container aux-widget-image aux-alignnone aux-parent-au3ffa9d94\">\n    <div class=\"aux-media-hint-frame \">\n        <div class=\"aux-media-image aux-hover-active\" >\n                    <a class=\"\" href=\"https:\/\/seayou.com\/shark-bf-23-sport\/\" data-elementor-open-lightbox=\"no\" data-caption=\"\" target=\"_self\"  >\n        \n            \n\n            \n                        \n                    <\/a>\n                <\/div>\n    <\/div>\n\n<\/section><!-- widget-container -->\t\t\t\t<\/div>\n\t\t\t\t<\/div>\n\t\t\t\t<div class=\"elementor-element elementor-element-f1932c9 elementor-widget elementor-widget-aux_modern_heading\" data-id=\"f1932c9\" data-element_type=\"widget\" data-e-type=\"widget\" data-widget_type=\"aux_modern_heading.default\">\n\t\t\t\t<div class=\"elementor-widget-container\">\n\t\t\t\t\t<section class=\"aux-widget-modern-heading\">\n            <div class=\"aux-widget-inner\"><a href=\"https:\/\/seayou.com\/shark-bf-23-sport\/\" class=\"aux-modern-heading-primary-link\"><h2 class=\"aux-modern-heading-primary\"><br>RIB Boot Shark BF 23 Sport<\/h2><\/a><div class=\"aux-modern-heading-divider\"><\/div><\/div>\n        <\/section>\t\t\t\t<\/div>\n\t\t\t\t<\/div>\n\t\t\t\t<div class=\"elementor-element elementor-element-c195e52 elementor-widget elementor-widget-aux_icon_list\" data-id=\"c195e52\" data-element_type=\"widget\" data-e-type=\"widget\" data-widget_type=\"aux_icon_list.default\">\n\t\t\t\t<div class=\"elementor-widget-container\">\n\t\t\t\t\t<section class=\"widget-container aux-widget-icon-list aux-parent-au45b0538c\"><div class=\"widget-inner\"><div class=\"aux-widget-icon-list-inner\"><ul class=\"aux-icon-list-items aux-direction-horizontal\"><li class=\"aux-icon-list-item aux-list-item-has-icon aux-icon-list-item-5a9682e elementor-repeater-item-5a9682e\"><i aria-hidden=\"true\" class=\"aux-icon-list-icon auxicon2 auxicon2-code-working\"><\/i><span class=\"aux-icon-list-text\">6.8m<\/span><\/li><li class=\"aux-icon-list-item aux-list-item-has-icon aux-icon-list-item-9431073 elementor-repeater-item-9431073\"><i aria-hidden=\"true\" class=\"aux-icon-list-icon auxicon auxicon-man-people-streamline-user\"><\/i><span class=\"aux-icon-list-text\">List Item<\/span><\/li><li class=\"aux-icon-list-item aux-list-item-has-icon aux-icon-list-item-d0952d0 elementor-repeater-item-d0952d0\"><i aria-hidden=\"true\" class=\"aux-icon-list-icon auxicon auxicon-dashboard-speed-streamline\"><\/i><span class=\"aux-icon-list-text\">150 PS<\/span><\/li><li class=\"aux-icon-list-item aux-list-item-has-icon aux-icon-list-item-bde00c8 elementor-repeater-item-bde00c8\"><i aria-hidden=\"true\" class=\"aux-icon-list-icon far fa-money-bill-alt\"><\/i><span class=\"aux-icon-list-text\">ab 300 Euro pro Tag<\/span><\/li><li class=\"aux-icon-list-item aux-list-item-has-icon aux-icon-list-item-33c37e5 elementor-repeater-item-33c37e5\"><span class=\"aux-icon-list-text\">Bootsf\u00fchrerschein erforderlich<\/span><\/li><\/ul><\/div><\/div><\/section><!-- widget-container -->\t\t\t\t<\/div>\n\t\t\t\t<\/div>\n\t\t\t\t<div class=\"elementor-element elementor-element-8ecc419 elementor-align-center elementor-widget elementor-widget-button\" data-id=\"8ecc419\" data-element_type=\"widget\" data-e-type=\"widget\" data-widget_type=\"button.default\">\n\t\t\t\t<div class=\"elementor-widget-container\">\n\t\t\t\t\t\t\t\t\t<div class=\"elementor-button-wrapper\">\n\t\t\t\t\t<a class=\"elementor-button elementor-button-link elementor-size-xs\" href=\"https:\/\/seayou.com\/shark-bf-23-sport\/\">\n\t\t\t\t\t\t<span class=\"elementor-button-content-wrapper\">\n\t\t\t\t\t\t\t\t\t<span class=\"elementor-button-text\">Bootsdetails<\/span>\n\t\t\t\t\t<\/span>\n\t\t\t\t\t<\/a>\n\t\t\t\t<\/div>\n\t\t\t\t\t\t\t\t<\/div>\n\t\t\t\t<\/div>\n\t\t\t\t\t<\/div>\n\t\t<\/div>\n\t\t\t\t<div class=\"aux-parallax-section elementor-column elementor-col-50 elementor-inner-column elementor-element elementor-element-891bb2d\" data-id=\"891bb2d\" data-element_type=\"column\" data-e-type=\"column\">\n\t\t\t<div class=\"elementor-widget-wrap elementor-element-populated\">\n\t\t\t\t\t\t<div class=\"elementor-element elementor-element-38d17d4 elementor-widget elementor-widget-aux_image\" data-id=\"38d17d4\" data-element_type=\"widget\" data-e-type=\"widget\" data-widget_type=\"aux_image.default\">\n\t\t\t\t<div class=\"elementor-widget-container\">\n\t\t\t\t\t<section class=\"widget-container aux-widget-image aux-alignnone aux-parent-auf5adf571\">\n    <div class=\"aux-media-hint-frame \">\n        <div class=\"aux-media-image aux-hover-active\" >\n                    <a class=\"\" href=\"https:\/\/seayou.com\/blueline-19\/\" data-elementor-open-lightbox=\"no\" data-original-width=\"1600\" data-original-height=\"1188\" data-caption=\"rent a boat on Brac island for 6 passengers\" target=\"_self\"  >\n        \n            \n\n            \n            <img fetchpriority=\"high\" decoding=\"async\" width=\"1600\" height=\"1188\" src=\"https:\/\/seayou.com\/wp-content\/uploads\/2021\/06\/Brac-boat-rental-1920x1280.jpg\" class=\"aux-attachment aux-featured-image aux-attachment-id-4462 aux-img-dynamic-dropshadow\" alt=\"Rent a boat Milna, Brac island\" srcset=\"https:\/\/seayou.com\/wp-content\/uploads\/2021\/06\/Brac-boat-rental-150x100.jpg 150w,https:\/\/seayou.com\/wp-content\/uploads\/2021\/06\/Brac-boat-rental-300x200.jpg 300w,https:\/\/seayou.com\/wp-content\/uploads\/2021\/06\/Brac-boat-rental-768x512.jpg 768w,https:\/\/seayou.com\/wp-content\/uploads\/2021\/06\/Brac-boat-rental-1024x683.jpg 1024w,https:\/\/seayou.com\/wp-content\/uploads\/2021\/06\/Brac-boat-rental-1920x1280.jpg 1600w\" data-ratio=\"1.5\" data-original-w=\"1600\" sizes=\"(max-width:479px) 480px,(max-width:767px) 768px,(max-width:1023px) 1024px,1600px\" title=\"\">            \n                    <\/a>\n                <\/div>\n    <\/div>\n\n<\/section><!-- widget-container -->\t\t\t\t<\/div>\n\t\t\t\t<\/div>\n\t\t\t\t<div class=\"elementor-element elementor-element-1706da4 elementor-widget elementor-widget-aux_modern_heading\" data-id=\"1706da4\" data-element_type=\"widget\" data-e-type=\"widget\" data-widget_type=\"aux_modern_heading.default\">\n\t\t\t\t<div class=\"elementor-widget-container\">\n\t\t\t\t\t<section class=\"aux-widget-modern-heading\">\n            <div class=\"aux-widget-inner\"><a href=\"https:\/\/seayou.com\/blueline-19\/\" class=\"aux-modern-heading-primary-link\"><h2 class=\"aux-modern-heading-primary\"><br>Boot Blueline 19\n<\/h2><\/a><div class=\"aux-modern-heading-divider\"><\/div><\/div>\n        <\/section>\t\t\t\t<\/div>\n\t\t\t\t<\/div>\n\t\t\t\t<div class=\"elementor-element elementor-element-3c7aaf6 elementor-widget elementor-widget-aux_icon_list\" data-id=\"3c7aaf6\" data-element_type=\"widget\" data-e-type=\"widget\" data-widget_type=\"aux_icon_list.default\">\n\t\t\t\t<div class=\"elementor-widget-container\">\n\t\t\t\t\t<section class=\"widget-container aux-widget-icon-list aux-parent-auc14900e6\"><div class=\"widget-inner\"><div class=\"aux-widget-icon-list-inner\"><ul class=\"aux-icon-list-items aux-direction-horizontal\"><li class=\"aux-icon-list-item aux-list-item-has-icon aux-icon-list-item-5a9682e elementor-repeater-item-5a9682e\"><i aria-hidden=\"true\" class=\"aux-icon-list-icon auxicon2 auxicon2-code-working\"><\/i><span class=\"aux-icon-list-text\">5.5m<\/span><\/li><li class=\"aux-icon-list-item aux-list-item-has-icon aux-icon-list-item-9431073 elementor-repeater-item-9431073\"><i aria-hidden=\"true\" class=\"aux-icon-list-icon auxicon auxicon-man-people-streamline-user\"><\/i><span class=\"aux-icon-list-text\">List Item<\/span><\/li><li class=\"aux-icon-list-item aux-list-item-has-icon aux-icon-list-item-d0952d0 elementor-repeater-item-d0952d0\"><i aria-hidden=\"true\" class=\"aux-icon-list-icon auxicon auxicon-dashboard-speed-streamline\"><\/i><span class=\"aux-icon-list-text\">100 PS<\/span><\/li><li class=\"aux-icon-list-item aux-list-item-has-icon aux-icon-list-item-54cba48 elementor-repeater-item-54cba48\"><i aria-hidden=\"true\" class=\"aux-icon-list-icon far fa-money-bill-alt\"><\/i><span class=\"aux-icon-list-text\">ab 160\u20ac pro Tag + Treibstoff<\/span><\/li><li class=\"aux-icon-list-item aux-list-item-has-icon aux-icon-list-item-576d873 elementor-repeater-item-576d873\"><span class=\"aux-icon-list-text\">Bootsf\u00fchrerschein erforderlich<\/span><\/li><\/ul><\/div><\/div><\/section><!-- widget-container -->\t\t\t\t<\/div>\n\t\t\t\t<\/div>\n\t\t\t\t<div class=\"elementor-element elementor-element-e2c3fa8 elementor-align-center elementor-mobile-align-center elementor-widget elementor-widget-button\" data-id=\"e2c3fa8\" data-element_type=\"widget\" data-e-type=\"widget\" data-widget_type=\"button.default\">\n\t\t\t\t<div class=\"elementor-widget-container\">\n\t\t\t\t\t\t\t\t\t<div class=\"elementor-button-wrapper\">\n\t\t\t\t\t<a class=\"elementor-button elementor-button-link elementor-size-xs\" href=\"https:\/\/seayou.com\/blueline-19\/\">\n\t\t\t\t\t\t<span class=\"elementor-button-content-wrapper\">\n\t\t\t\t\t\t\t\t\t<span class=\"elementor-button-text\">Bootsdetails<\/span>\n\t\t\t\t\t<\/span>\n\t\t\t\t\t<\/a>\n\t\t\t\t<\/div>\n\t\t\t\t\t\t\t\t<\/div>\n\t\t\t\t<\/div>\n\t\t\t\t\t<\/div>\n\t\t<\/div>\n\t\t\t\t\t<\/div>\n\t\t<\/section>\n\t\t\t\t\t<\/div>\n\t\t<\/div>\n\t\t\t\t\t<\/div>\n\t\t<\/section>\n\t\t\t\t<section class=\"elementor-section elementor-top-section elementor-element elementor-element-f40514f elementor-section-boxed elementor-section-height-default elementor-section-height-default\" data-id=\"f40514f\" data-element_type=\"section\" data-e-type=\"section\">\n\t\t\t\t\t\t<div class=\"elementor-container elementor-column-gap-default\">\n\t\t\t\t\t<div class=\"aux-parallax-section elementor-column elementor-col-100 elementor-top-column elementor-element elementor-element-027a98f\" data-id=\"027a98f\" data-element_type=\"column\" data-e-type=\"column\">\n\t\t\t<div class=\"elementor-widget-wrap elementor-element-populated\">\n\t\t\t\t\t\t<div class=\"elementor-element elementor-element-460aa51 elementor-widget elementor-widget-text-editor\" data-id=\"460aa51\" data-element_type=\"widget\" data-e-type=\"widget\" data-widget_type=\"text-editor.default\">\n\t\t\t\t<div class=\"elementor-widget-container\">\n\t\t\t\t\t\t\t\t\t<p><span style=\"color: #000000;\">Sind Sie bereit f\u00fcr ein unvergessliches Erlebnis? Mieten Sie ein Boot, um die Vielzahl an Inseln und die atemberaubende, unber\u00fchrte Natur zu erkunden. Die F\u00e4hrverbindungen sind nicht mit vielen Inseln, Buchten und St\u00e4dten verbunden, daher ist es ziemlich schwierig, an einem Tag verschiedene Orte zu besichtigen. Bitte w\u00e4hlen Sie das geeignete Boot entsprechend Ihrer Gruppengr\u00f6\u00dfe und Ihrer Erfahrung im Bootfahren aus. Unternehmen Sie gemeinsam mit Ihren Freunden und\/oder Ihrer Familie eine Erkundungstour zu den Inseln, die <strong>ausschlie\u00dflich mit privaten Booten erreichbar<\/strong> sind. Erkunden Sie Hvar, Vis die Blaue Lagune oder die <a href=\"https:\/\/seayou.com\/blue-cave-tour-from-split\/\">Blaue Grotte auf der Insel Bi\u0161evo. <\/a> <\/span><\/p>\n<p><span style=\"color: #000000;\">Wenn Sie \u00fcber einen <strong>Bootsf\u00fchrerschein<\/strong> verf\u00fcgen, ist dies die perfekte M\u00f6glichkeit, um die versteckten Buchten und H\u00f6hlen an der Adria zu entdecken. <\/span><\/p>\n<p><span style=\"color: #000000;\">Der Standort unserer Boote befindet sich in Milna auf der Insel Bra\u010d. Milna hat seit jeher eine bedeutende Rolle als nautisches Ziel eingenommen, weshalb die Italiener die kleine Stadt \u201eValle di mille navi\u201c nannten \u2013 eine Bucht mit Tausenden von Booten. Milna gilt als der gr\u00f6\u00dfte, am besten gesch\u00fctzte und sch\u00f6nste Hafen von Bra\u010d und befindet sich nur 30 Minuten von Split entfernt. <\/span><\/p>\n<p><span style=\"color: #000000;\">Dieser kleine Hafen ist der ideale Ort, um Ihr Abenteuer auf See zu beginnen. Nur eine 30-min\u00fctige Bootsfahrt entfernt liegt die Insel Hvar, auf der Sie das atemberaubende historische Erbe besichtigen und im kristallklaren Meer entlang der K\u00fcste schwimmen k\u00f6nnen. Eine kurze Fahrt zur Insel \u0160olta in der N\u00e4he von Milna ist ideal, um die kleinen, abgelegenen Buchten und die atemberaubenden Klippen auf der S\u00fcdseite der Insel zu bestaunen<\/span><\/p>\n<p><span style=\"color: #000000;\">Auf der Insel <strong>Bra\u010d<\/strong> werden <strong>Bootsvermietungen<\/strong> in Milna, Supetar, Sutivan, Postira, Bol sowie in <strong>Split, Trogir, \u0160olta, Hvar <\/strong> und der umliegenden Gegend angeboten. Bitte kontaktieren Sie uns, um Informationen zur Verf\u00fcgbarkeit und zu speziellen Angeboten zu erhalten.<\/span><\/p>\n\t\t\t\t\t\t\t\t<\/div>\n\t\t\t\t<\/div>\n\t\t\t\t\t<\/div>\n\t\t<\/div>\n\t\t\t\t\t<\/div>\n\t\t<\/section>\n\t\t\t\t<section class=\"elementor-section elementor-top-section elementor-element elementor-element-95bba17 elementor-section-boxed elementor-section-height-default elementor-section-height-default\" data-id=\"95bba17\" data-element_type=\"section\" data-e-type=\"section\">\n\t\t\t\t\t\t<div class=\"elementor-container elementor-column-gap-default\">\n\t\t\t\t\t<div class=\"aux-parallax-section elementor-column elementor-col-100 elementor-top-column elementor-element elementor-element-e9e0de5\" data-id=\"e9e0de5\" data-element_type=\"column\" data-e-type=\"column\">\n\t\t\t<div class=\"elementor-widget-wrap elementor-element-populated\">\n\t\t\t\t\t\t<div class=\"elementor-element elementor-element-35a3e73 elementor-widget elementor-widget-heading\" data-id=\"35a3e73\" data-element_type=\"widget\" data-e-type=\"widget\" data-widget_type=\"heading.default\">\n\t\t\t\t<div class=\"elementor-widget-container\">\n\t\t\t\t\t<h2 class=\"elementor-heading-title elementor-size-default\">Bootsverleih in Milna, Insel Bra\u010d<\/h2>\t\t\t\t<\/div>\n\t\t\t\t<\/div>\n\t\t\t\t\t<\/div>\n\t\t<\/div>\n\t\t\t\t\t<\/div>\n\t\t<\/section>\n\t\t\t\t<section class=\"elementor-section elementor-top-section elementor-element elementor-element-80d213a elementor-section-boxed elementor-section-height-default elementor-section-height-default\" data-id=\"80d213a\" data-element_type=\"section\" data-e-type=\"section\">\n\t\t\t\t\t\t<div class=\"elementor-container elementor-column-gap-default\">\n\t\t\t\t\t<div class=\"aux-parallax-section elementor-column elementor-col-100 elementor-top-column elementor-element elementor-element-8b64d57\" data-id=\"8b64d57\" data-element_type=\"column\" data-e-type=\"column\">\n\t\t\t<div class=\"elementor-widget-wrap elementor-element-populated\">\n\t\t\t\t\t\t<div class=\"elementor-element elementor-element-6f7be3f elementor-widget elementor-widget-text-editor\" data-id=\"6f7be3f\" data-element_type=\"widget\" data-e-type=\"widget\" data-widget_type=\"text-editor.default\">\n\t\t\t\t<div class=\"elementor-widget-container\">\n\t\t\t\t\t\t\t\t\t<p><span style=\"font-weight: 400;\">Ein gemietetes Boot stellt die optimale M\u00f6glichkeit dar, den \u00fcberf\u00fcllten Str\u00e4nden zu entkommen und an einem ruhigen Ort Schwimmen, Schnorcheln oder einfach nur unter der Sonne entspannen zu k\u00f6nnen. <\/span><b>Mieten Sie ein Boot<\/b><span style=\"font-weight: 400;\"> f\u00fcr einen Tag oder l\u00e4nger und genie\u00dfen Sie die beruhigende Atmosph\u00e4re der <\/span><b>versteckten Buchten<\/b><span style=\"font-weight: 400;\"> der Insel Brac, fernab vom Trubel des Alltags.<\/span><\/p>\n<p><span style=\"font-weight: 400;\"><span style=\"color: #000000;\">Wenn Sie \u00fcber ein<\/span><\/span><span style=\"color: #000000;\"><b>Bootsf\u00fchrerschein verf\u00fcgen,<\/b> <span style=\"font-weight: 400;\">bieten wir Ihnen die M\u00f6glichkeit, f\u00fcr einen Tag das Steuer eines<\/span> <b>Privatbootes<\/b> <span style=\"font-weight: 400;\">zu \u00fcbernehmen und das authentische Inselleben zu erleben<\/span> <span style=\"font-weight: 400;\">.&nbsp;&nbsp;<\/span><\/span><\/p>\n<p style=\"text-align: center;\"><span style=\"color: #000000;\"><span style=\"font-weight: 400;\">Je nach Gruppengr\u00f6\u00dfe und individuellen Bed\u00fcrfnissen<\/span> <b>werden unterschiedliche Arten von Motorbooten<\/b> <span style=\"font-weight: 400;\">angeboten, angefangen von kleineren Booten bis hin zu luxuri\u00f6seren Modellen. Unsere Serviceabteilung <\/span>k\u00fcmmert sich gewissenhaft um die <b>regelm\u00e4\u00dfige Wartung aller Boote<\/b>. <span style=\"font-weight: 400;\">Sie setzt sich mit gro\u00dfer Hingabe daf\u00fcr ein, sicherzustellen, dass alles reibungslos abl\u00e4uft, wenn die Boote auf dem Meer sind.<\/span><\/span><\/p>\n<p style=\"text-align: center;\"><span style=\"color: #000000;\"><span style=\"font-weight: 400;\"><strong>Unser Bootsverleihservice befindet sich in <a href=\"https:\/\/goo.gl\/maps\/ZyREVXF29jh34k9u9\" target=\"_blank\" rel=\"noopener\">Milna<\/a><\/strong>, dem gr\u00f6\u00dften Hafen auf der Insel Bra\u010d. Wir bieten Ihnen die M\u00f6glichkeit, Boote zu mieten und organisierte Bootstouren auf der wundersch\u00f6nen Insel Brac sowie in der Umgebung von Split oder der Insel Hvar zu unternehmen. Bitte z\u00f6gern Sie nicht, unsere Agenten zu kontaktieren, um Informationen \u00fcber die Vermietung von Booten zu erhalten, wenn Sie sich in Sutivan, Supetar, Postira, Pu\u010di\u0161\u0107a, Bol, Sumartin, Trogir, \u0160olta oder Hvar befinden.&nbsp;<\/span><\/span><\/p>\n<p style=\"text-align: center;\"><span style=\"color: #000000;\">Kontaktieren Sie uns jederzeit, um eine unkomplizierte und bequeme Bootsvermietung zu arrangieren und Ihren Urlaub zu einem unvergesslichen Erlebnis zu machen. W\u00e4hlen Sie aus einer Vielzahl von Booten und mieten Sie das Boot, das am besten zu Ihren Bed\u00fcrfnissen passt.&nbsp;<\/span><\/p>\n<p style=\"text-align: center;\"><span style=\"color: #000000;\"><span style=\"font-weight: 400;\">Um den Tag optimal zu nutzen,<\/span> <b>empfehlen wir Ihnen, das Boot bereits am fr\u00fchen Morgen in&nbsp; <a href=\"https:\/\/goo.gl\/maps\/ZyREVXF29jh34k9u9\" target=\"_blank\" rel=\"noopener\">Milna<\/a> abzuholen.<\/b><span style=\"font-weight: 400;\">. Die fr\u00fchen Morgenstunden sind auch die ideale Zeit um eine friedliche Bootsfahrt auf dem <\/span><b>ruhigen und glatten Meer zu genie\u00dfen.<\/b><span style=\"font-weight: 400;\">. F\u00fcr all jene, die eine entspannte Bootsfahrt auf den ruhigen Gew\u00e4ssern bevorzugen, ist die Gegend in der N\u00e4he von Milna auf der Insel Bra\u010d die ideale Wahl. Mit ihren zahlreichen stillen Buchten bietet Milna den idealen Ort, um einen wirklich erholsamen Tag zu verbringen. Um Ihren Aufenthalt auf See angenehmer zu gestalten, empfiehlt es sich, s\u00e4mtliche Utensilien einzupacken, die Sie f\u00fcr einen entspannten Tag an Bord ben\u00f6tigen k\u00f6nnten. <\/span><\/span><\/p>\n<p style=\"text-align: center;\"><span style=\"color: #000000;\">Bitte kontaktieren Sie uns, um Informationen zur Verf\u00fcgbarkeit und zu speziellen Angeboten zu erhalten. Kostenlose Stornierung f\u00fcr das Jahr 2024. Kontaktieren Sie unsere Agenten rund um die Uhr <\/span><a href=\"https:\/\/seayou.com\/contact-us\/\">f\u00fcr ein Angebot.<\/a><\/p>\t\t\t\t\t\t\t\t<\/div>\n\t\t\t\t<\/div>\n\t\t\t\t\t<\/div>\n\t\t<\/div>\n\t\t\t\t\t<\/div>\n\t\t<\/section>\n\t\t\t\t<\/div>\n\t\t","protected":false},"excerpt":{"rendered":"<p>Bootsverleih in Milna RIB Boot Shark BF 23 Sport 6.8m List Item 150 PS ab 300 Euro pro Tag Bootsf\u00fchrerschein erforderlich Bootsdetails Boot Blueline 19 5.5m List Item 100 PS ab 160\u20ac pro Tag + Treibstoff Bootsf\u00fchrerschein erforderlich Bootsdetails Sind Sie bereit f\u00fcr ein unvergessliches Erlebnis? Mieten Sie ein Boot, um die Vielzahl an Inseln [&hellip;]<\/p>\n","protected":false},"author":1,"featured_media":0,"parent":0,"menu_order":0,"comment_status":"closed","ping_status":"closed","template":"","meta":{"_joinchat":[],"footnotes":""},"class_list":["post-13122","page","type-page","status-publish","hentry"],"_links":{"self":[{"href":"https:\/\/seayou.com\/de\/wp-json\/wp\/v2\/pages\/13122","targetHints":{"allow":["GET"]}}],"collection":[{"href":"https:\/\/seayou.com\/de\/wp-json\/wp\/v2\/pages"}],"about":[{"href":"https:\/\/seayou.com\/de\/wp-json\/wp\/v2\/types\/page"}],"author":[{"embeddable":true,"href":"https:\/\/seayou.com\/de\/wp-json\/wp\/v2\/users\/1"}],"replies":[{"embeddable":true,"href":"https:\/\/seayou.com\/de\/wp-json\/wp\/v2\/comments?post=13122"}],"version-history":[{"count":0,"href":"https:\/\/seayou.com\/de\/wp-json\/wp\/v2\/pages\/13122\/revisions"}],"wp:attachment":[{"href":"https:\/\/seayou.com\/de\/wp-json\/wp\/v2\/media?parent=13122"}],"curies":[{"name":"wp","href":"https:\/\/api.w.org\/{rel}","templated":true}]}}