{"id":12724,"date":"2020-05-24T13:57:02","date_gmt":"2020-05-24T12:57:02","guid":{"rendered":"https:\/\/seayou.com\/blueline-19\/"},"modified":"2024-06-17T19:01:02","modified_gmt":"2024-06-17T18:01:02","slug":"blueline-19","status":"publish","type":"page","link":"https:\/\/seayou.com\/de\/blueline-19\/","title":{"rendered":"Blueline 19"},"content":{"rendered":"\t\t<div data-elementor-type=\"wp-page\" data-elementor-id=\"12724\" class=\"elementor elementor-12724 elementor-1324\" data-elementor-post-type=\"page\">\n\t\t\t\t\t\t<section class=\"elementor-section elementor-top-section elementor-element elementor-element-4637a87 elementor-section-full_width elementor-section-stretched elementor-section-height-default elementor-section-height-default\" data-id=\"4637a87\" data-element_type=\"section\" data-e-type=\"section\" data-settings=\"{&quot;stretch_section&quot;:&quot;section-stretched&quot;}\">\n\t\t\t\t\t\t<div class=\"elementor-container elementor-column-gap-default\">\n\t\t\t\t\t<div class=\"aux-parallax-section elementor-column elementor-col-100 elementor-top-column elementor-element elementor-element-2f4d651\" data-id=\"2f4d651\" data-element_type=\"column\" data-e-type=\"column\">\n\t\t\t<div class=\"elementor-widget-wrap elementor-element-populated\">\n\t\t\t\t\t\t<div class=\"elementor-element elementor-element-77636fe elementor-widget elementor-widget-heading\" data-id=\"77636fe\" data-element_type=\"widget\" data-e-type=\"widget\" data-widget_type=\"heading.default\">\n\t\t\t\t<div class=\"elementor-widget-container\">\n\t\t\t\t\t<h1 class=\"elementor-heading-title elementor-size-default\">Bootsverleih Bra\u010d<\/h1>\t\t\t\t<\/div>\n\t\t\t\t<\/div>\n\t\t\t\t\t<\/div>\n\t\t<\/div>\n\t\t\t\t\t<\/div>\n\t\t<\/section>\n\t\t\t\t<section class=\"elementor-section elementor-top-section elementor-element elementor-element-7c454e2 elementor-section-full_width elementor-section-content-middle elementor-section-stretched elementor-section-height-default elementor-section-height-default\" data-id=\"7c454e2\" data-element_type=\"section\" data-e-type=\"section\" data-settings=\"{&quot;stretch_section&quot;:&quot;section-stretched&quot;}\">\n\t\t\t\t\t\t<div class=\"elementor-container elementor-column-gap-no\">\n\t\t\t\t\t<div class=\"aux-parallax-section elementor-column elementor-col-100 elementor-top-column elementor-element elementor-element-ca73239\" data-id=\"ca73239\" data-element_type=\"column\" data-e-type=\"column\">\n\t\t\t<div class=\"elementor-widget-wrap elementor-element-populated\">\n\t\t\t\t\t\t<section class=\"elementor-section elementor-inner-section elementor-element elementor-element-62a6387 elementor-section-boxed elementor-section-height-default elementor-section-height-default\" data-id=\"62a6387\" data-element_type=\"section\" data-e-type=\"section\">\n\t\t\t\t\t\t<div class=\"elementor-container elementor-column-gap-no\">\n\t\t\t\t\t<div class=\"aux-parallax-section elementor-column elementor-col-50 elementor-inner-column elementor-element elementor-element-c8f6736\" data-id=\"c8f6736\" data-element_type=\"column\" data-e-type=\"column\">\n\t\t\t<div class=\"elementor-widget-wrap elementor-element-populated\">\n\t\t\t\t\t\t<div class=\"elementor-element elementor-element-2df251a elementor-widget__width-initial elementor-widget elementor-widget-image\" data-id=\"2df251a\" data-element_type=\"widget\" data-e-type=\"widget\" data-widget_type=\"image.default\">\n\t\t\t\t<div class=\"elementor-widget-container\">\n\t\t\t\t\t\t\t\t\t\t\t\t\t\t\t\t<a href=\"https:\/\/seayou.com\/wp-content\/uploads\/2021\/06\/Boat-rental-Brac-island.jpg\" data-elementor-open-lightbox=\"yes\" data-e-action-hash=\"#elementor-action%3Aaction%3Dlightbox%26settings%3DeyJpZCI6NDQ3MiwidXJsIjpmYWxzZX0%3D\">\n\t\t\t\t\t\t\t<img decoding=\"async\" src=\"https:\/\/seayou.com\/wp-content\/uploads\/2021\/06\/Boat-rental-Brac-island.jpg\" title=\"\" alt=\"\" loading=\"lazy\">\t\t\t\t\t\t\t\t<\/a>\n\t\t\t\t\t\t\t\t\t\t\t\t\t\t\t<\/div>\n\t\t\t\t<\/div>\n\t\t\t\t\t<\/div>\n\t\t<\/div>\n\t\t\t\t<div class=\"aux-parallax-section elementor-column elementor-col-50 elementor-inner-column elementor-element elementor-element-489b287\" data-id=\"489b287\" data-element_type=\"column\" data-e-type=\"column\">\n\t\t\t<div class=\"elementor-widget-wrap elementor-element-populated\">\n\t\t\t\t\t\t<div class=\"elementor-element elementor-element-fcdfbea elementor-widget__width-initial elementor-widget elementor-widget-aux_modern_heading\" data-id=\"fcdfbea\" data-element_type=\"widget\" data-e-type=\"widget\" data-widget_type=\"aux_modern_heading.default\">\n\t\t\t\t<div class=\"elementor-widget-container\">\n\t\t\t\t\t<section class=\"aux-widget-modern-heading\">\n            <div class=\"aux-widget-inner\"><h2 class=\"aux-modern-heading-primary\">Blueline 19<\/h2><div class=\"aux-modern-heading-divider\"><\/div><\/div>\n        <\/section>\t\t\t\t<\/div>\n\t\t\t\t<\/div>\n\t\t\t\t<div class=\"elementor-element elementor-element-c181dac elementor-widget elementor-widget-aux_icon_list\" data-id=\"c181dac\" data-element_type=\"widget\" data-e-type=\"widget\" data-widget_type=\"aux_icon_list.default\">\n\t\t\t\t<div class=\"elementor-widget-container\">\n\t\t\t\t\t<section class=\"widget-container aux-widget-icon-list aux-parent-au2328644a\"><div class=\"widget-inner\"><div class=\"aux-widget-icon-list-inner\"><ul class=\"aux-icon-list-items aux-direction-horizontal\"><li class=\"aux-icon-list-item aux-list-item-has-icon aux-icon-list-item-39db7fb elementor-repeater-item-39db7fb\"><i aria-hidden=\"true\" class=\"aux-icon-list-icon auxicon2 auxicon2-code-working\"><\/i><span class=\"aux-icon-list-text\">5.5m<\/span><\/li><li class=\"aux-icon-list-item aux-list-item-has-icon aux-icon-list-item-0f8feb1 elementor-repeater-item-0f8feb1\"><i aria-hidden=\"true\" class=\"aux-icon-list-icon auxicon auxicon-man-people-streamline-user\"><\/i><span class=\"aux-icon-list-text\">6<\/span><\/li><li class=\"aux-icon-list-item aux-list-item-has-icon aux-icon-list-item-e15b89e elementor-repeater-item-e15b89e\"><i aria-hidden=\"true\" class=\"aux-icon-list-icon auxicon auxicon-dashboard-speed-streamline\"><\/i><span class=\"aux-icon-list-text\">100 HP<\/span><\/li><li class=\"aux-icon-list-item aux-list-item-has-icon aux-icon-list-item-6db2d40 elementor-repeater-item-6db2d40\"><i aria-hidden=\"true\" class=\"aux-icon-list-icon far fa-calendar-alt\"><\/i><span class=\"aux-icon-list-text\">2019<\/span><\/li><\/ul><\/div><\/div><\/section><!-- widget-container -->\t\t\t\t<\/div>\n\t\t\t\t<\/div>\n\t\t\t\t<div class=\"elementor-element elementor-element-f4e08ed elementor-widget elementor-widget-text-editor\" data-id=\"f4e08ed\" data-element_type=\"widget\" data-e-type=\"widget\" data-widget_type=\"text-editor.default\">\n\t\t\t\t<div class=\"elementor-widget-container\">\n\t\t\t\t\t\t\t\t\t<p style=\"text-align: center;\"><span style=\"color: #ff9900;\"><strong>PRICE:<\/strong><\/span><\/p>\n<p style=\"text-align: center;\"><span style=\"color: #000000;\">High Season (01 June \u2013 31 August)\u00a0 &#8211; <\/span><span style=\"color: #ff9900;\"><strong>220\u20ac \/day<\/strong><\/span><\/p>\n<p style=\"text-align: center;\"><span style=\"color: #00a5c9;\"><span style=\"color: #000000;\">Low season &#8211;<\/span> <\/span><span style=\"color: #ff9900;\"><strong>200\u20ac \/day<\/strong><\/span><\/p>\n\t\t\t\t\t\t\t\t<\/div>\n\t\t\t\t<\/div>\n\t\t\t\t<div class=\"elementor-element elementor-element-10af924 elementor-align-center elementor-widget__width-initial elementor-widget elementor-widget-button\" data-id=\"10af924\" data-element_type=\"widget\" data-e-type=\"widget\" data-widget_type=\"button.default\">\n\t\t\t\t<div class=\"elementor-widget-container\">\n\t\t\t\t\t\t\t\t\t<div class=\"elementor-button-wrapper\">\n\t\t\t\t\t<a class=\"elementor-button elementor-size-sm\" role=\"button\">\n\t\t\t\t\t\t<span class=\"elementor-button-content-wrapper\">\n\t\t\t\t\t\t\t\t\t<span class=\"elementor-button-text\"><div class=\"load-turitop\" data-service=\"P8\" data-embed=\"button\">Book Now<\/div><\/span>\n\t\t\t\t\t<\/span>\n\t\t\t\t\t<\/a>\n\t\t\t\t<\/div>\n\t\t\t\t\t\t\t\t<\/div>\n\t\t\t\t<\/div>\n\t\t\t\t\t<\/div>\n\t\t<\/div>\n\t\t\t\t\t<\/div>\n\t\t<\/section>\n\t\t\t\t<div class=\"elementor-element elementor-element-4e3b15b elementor-widget elementor-widget-text-editor\" data-id=\"4e3b15b\" data-element_type=\"widget\" data-e-type=\"widget\" data-widget_type=\"text-editor.default\">\n\t\t\t\t<div class=\"elementor-widget-container\">\n\t\t\t\t\t\t\t\t\t<p style=\"text-align: center;\">Unser <b>kleines, jedoch schnelles und benutzerfreundliches Bluline 19 Boot<\/b> ist mit einem <b>110 PS starken Honda-Motor<\/b> ausgestattet und bietet ausreichend Platz f\u00fcr bis zu <b>6 Personen<\/b> an Bord. Dadurch wird es zum idealen Gef\u00e4hrten, um die atemberaubenden Str\u00e4nde der Insel Bra\u010d zu erkunden und auch die umliegenden Inseln wie \u0160olta oder Hvar zu entdecken.<\/p>\n<p style=\"text-align: center;\">Um eine angenehme Fahrt und einen sch\u00f6nen Tag auf See zu gew\u00e4hrleisten, ist das Boot mit <b>bequemen Polstern<\/b>, einem <b>Sonnenschutzdach<\/b> und einer <b>Badeleiter<\/b> ausgestattet. Entspannen Sie sich auf dem <b>Sonnendeck<\/b> um eine wundersch\u00f6ne Urlaubsbr\u00e4une zu erlangen, w\u00e4hrend Sie sich bei den sanften Kl\u00e4ngen der Meereswellen erholen. Bitte beachten Sie, dass f\u00fcr das Chartern ohne Besatzung ein <b>g\u00fcltiger Bootsf\u00fchrerschein<\/b> erforderlich ist.<\/p>\n<p style=\"text-align: center;\">Die private Bootsvermietung auf Bra\u010d ist eine ausgezeichnete Wahl, um abgelegene Buchten zu erkunden, die sonst nur schwer zu erreichen sind. Auf diese Weise haben Sie die M\u00f6glichkeit, den Trubel zu umgehen und die Ruhe sowie die Sch\u00f6nheit der Natur zu genie\u00dfen. Schwimmen Sie von Ihrem Boot aus in einer der idyllischen Buchten der Insel Bra\u010d oder entdecken Sie die Insel <b>\u0160olta <\/b> und ihre unber\u00fchrte Natur. Der Ort Milna auf der Insel Bra\u010d erfreut sich an einer Vielzahl von wundersch\u00f6nen Buchten, die sich ideal zum Entspannen eignen. Wenn Sie nach mehr Spannung suchen, sollten Sie sich Supetar ansehen &#8211; die gr\u00f6\u00dfte Siedlung auf Bra\u010d und eine lebhafte Stadt voller positiver Energie.<\/p>\n<p style=\"text-align: center;\"><b>Die S\u00fcdseite der Insel<\/b> <b>\u0160olta<\/b>, nicht weit von Milna entfernt, bietet die ideale Gelegenheit, den Tag unter der Sonne zu verbringen, sich zu entspannen und im <b>kristallklaren Meer<\/b> zu schwimmen, umgeben von den <b>atemberaubenden Klippen.<\/b><\/p>\n<p>Die Inseln Bra\u010d und \u0160olta bieten eine Ruhe, die man in dieser Region Kroatiens selten findet. Beide Inseln stellen gleicherma\u00dfen gro\u00dfartige Optionen f\u00fcr einen perfekten Familienurlaub dar. Mieten Sie ein Boot, um die Geheimnisse der Inseln zu entdecken und unvergessliche Urlaubserinnerungen zu schaffen. <\/p>\n<p style=\"text-align: center;\"><b>Hvar <\/b> ist ein <b>beliebtes Reiseziel<\/b> in Kroatien f\u00fcr Geschichtsinteressierte und all jene, die gerne <b>Sehensw\u00fcrdigkeiten<\/b> besichtigen m\u00f6chten. Mieten Sie ein Boot und begeben Sie sich auf eine interessante Tour zum &#8222;kroatischen Saint Tropez&#8220; in der N\u00e4he der Insel Bra\u010d! Bewundern Sie die pr\u00e4chtige <b>venezianische Architektur<\/b>, erklimmen Sie die <b>spanische Festung<\/b> oder lassen Sie sich einfach von der pulsierenden Energie Hvars mitrei\u00dfen, w\u00e4hrend Sie gem\u00fctlich durch die belebten Stra\u00dfen schlendern.<\/p>\n<p style=\"text-align: center;\">W\u00e4hlen Sie ein Restaurant direkt am Meer und g\u00f6nnen Sie sich die k\u00f6stlichen dalmatinischen Spezialit\u00e4ten, die frisch f\u00fcr Sie zubereitet werden. Nehmen Sie Platz auf der lebhaften Promenade und lassen Sie Ihren Blick auf die malerischen Inseln schweifen, w\u00e4hrend Sie gen\u00fcsslich ein oder zwei Kugeln des verlockenden Lavendeleises kosten.<\/p>\n\t\t\t\t\t\t\t\t<\/div>\n\t\t\t\t<\/div>\n\t\t\t\t<div class=\"elementor-element elementor-element-f5c0a22 elementor-widget elementor-widget-aux_modern_button\" data-id=\"f5c0a22\" data-element_type=\"widget\" data-e-type=\"widget\" data-widget_type=\"aux_modern_button.default\">\n\t\t\t\t<div class=\"elementor-widget-container\">\n\t\t\t\t\t    <div class=\"aux-modern-button-wrapper aux-modern-button-align-center\" >\n                    <a class=\"aux-modern-button aux-info aux-modern-button-lg aux-modern-button-round aux-modern-button-default aux-icon-\" href=\"https:\/\/seayou.com\/contact-us\/\">\n                <div class=\"aux-overlay\"><\/div>\n                                    <div class=\"aux-icon \">\n                                            <\/div>\n                                <div class=\"aux-text\">\n<span class=\"aux-text-before\">Anfrage senden<\/span>                <\/div>\n            <\/a>\n            \n    <\/div>\n\n    \t\t\t\t<\/div>\n\t\t\t\t<\/div>\n\t\t\t\t\t<\/div>\n\t\t<\/div>\n\t\t\t\t\t<\/div>\n\t\t<\/section>\n\t\t\t\t<\/div>\n\t\t","protected":false},"excerpt":{"rendered":"<p>Bootsverleih Bra\u010d Blueline 19 5.5m 6 100 HP 2019 PRICE: High Season (01 June \u2013 31 August)\u00a0 &#8211; 220\u20ac \/day Low season &#8211; 200\u20ac \/day Unser kleines, jedoch schnelles und benutzerfreundliches Bluline 19 Boot ist mit einem 110 PS starken Honda-Motor ausgestattet und bietet ausreichend Platz f\u00fcr bis zu 6 Personen an Bord. Dadurch wird [&hellip;]<\/p>\n","protected":false},"author":1,"featured_media":0,"parent":0,"menu_order":0,"comment_status":"closed","ping_status":"closed","template":"","meta":{"_joinchat":[],"footnotes":""},"class_list":["post-12724","page","type-page","status-publish","hentry"],"_links":{"self":[{"href":"https:\/\/seayou.com\/de\/wp-json\/wp\/v2\/pages\/12724","targetHints":{"allow":["GET"]}}],"collection":[{"href":"https:\/\/seayou.com\/de\/wp-json\/wp\/v2\/pages"}],"about":[{"href":"https:\/\/seayou.com\/de\/wp-json\/wp\/v2\/types\/page"}],"author":[{"embeddable":true,"href":"https:\/\/seayou.com\/de\/wp-json\/wp\/v2\/users\/1"}],"replies":[{"embeddable":true,"href":"https:\/\/seayou.com\/de\/wp-json\/wp\/v2\/comments?post=12724"}],"version-history":[{"count":0,"href":"https:\/\/seayou.com\/de\/wp-json\/wp\/v2\/pages\/12724\/revisions"}],"wp:attachment":[{"href":"https:\/\/seayou.com\/de\/wp-json\/wp\/v2\/media?parent=12724"}],"curies":[{"name":"wp","href":"https:\/\/api.w.org\/{rel}","templated":true}]}}