{"id":12571,"date":"2022-09-13T11:55:00","date_gmt":"2022-09-13T10:55:00","guid":{"rendered":"https:\/\/seayou.com\/allgemeine-geschaeftsbedingungen\/"},"modified":"2025-04-07T12:17:25","modified_gmt":"2025-04-07T11:17:25","slug":"allgemeine-geschaeftsbedingungen","status":"publish","type":"page","link":"https:\/\/seayou.com\/de\/allgemeine-geschaeftsbedingungen\/","title":{"rendered":"Allgemeine Gesch\u00e4ftsbedingungen"},"content":{"rendered":"\t\t<div data-elementor-type=\"wp-page\" data-elementor-id=\"12571\" class=\"elementor elementor-12571 elementor-6588\" data-elementor-post-type=\"page\">\n\t\t\t\t\t\t<section class=\"elementor-section elementor-top-section elementor-element elementor-element-4a2bee0f elementor-section-boxed elementor-section-height-default elementor-section-height-default\" data-id=\"4a2bee0f\" data-element_type=\"section\" data-e-type=\"section\">\n\t\t\t\t\t\t<div class=\"elementor-container elementor-column-gap-default\">\n\t\t\t\t\t<div class=\"aux-parallax-section elementor-column elementor-col-100 elementor-top-column elementor-element elementor-element-71242bb\" data-id=\"71242bb\" data-element_type=\"column\" data-e-type=\"column\">\n\t\t\t<div class=\"elementor-widget-wrap elementor-element-populated\">\n\t\t\t\t\t\t<div class=\"elementor-element elementor-element-6b98cb1 elementor-widget elementor-widget-aux_breadcrumbs\" data-id=\"6b98cb1\" data-element_type=\"widget\" data-e-type=\"widget\" data-widget_type=\"aux_breadcrumbs.default\">\n\t\t\t\t<div class=\"elementor-widget-container\">\n\t\t\t\t\t<div class=\"aux-elementor-breadcrumbs\"><p class=\"aux-breadcrumbs\"><span class=\"aux-breadcrumb-sep breadcrumb-icon Array\"><\/span><span><a href=\"https:\/\/seayou.com\/de\/\" title=\"Home\">Home<\/a><\/span><\/div>\t\t\t\t<\/div>\n\t\t\t\t<\/div>\n\t\t\t\t<div class=\"elementor-element elementor-element-7938eff8 elementor-widget elementor-widget-text-editor\" data-id=\"7938eff8\" data-element_type=\"widget\" data-e-type=\"widget\" data-widget_type=\"text-editor.default\">\n\t\t\t\t<div class=\"elementor-widget-container\">\n\t\t\t\t\t\t\t\t\t<h1 style=\"text-align: center;\">AGB<\/h1><h2><strong>GENERELL<\/strong><\/h2><p>Durch den Zugriff auf die Website und das Aufgeben einer Bestellung bei Plavi bob d.o.o., Riva 6, 21405 Milna, best\u00e4tigen Sie, dass Sie mit den unten aufgef\u00fchrten Allgemeinen Gesch\u00e4ftsbedingungen einverstanden und daran gebunden sind. Diese Bedingungen gelten f\u00fcr die gesamte Webseite sowie f\u00fcr jegliche E-Mail oder andere Art der Kommunikation zwischen Ihnen und der Agentur.<\/p><h2><strong>LIEFERBEDINGUNGEN<\/strong><\/h2><p>Die Lieferbedingungen im Tourismus beziehen sich auf die Bereitstellung der Bed\u00fcrfnisse von Touristen. All diese Ma\u00dfnahmen haben das Ziel, das Erlebnis des Touristen unvergesslich zu gestalten und weitere Besuche zu f\u00f6rdern.<\/p><p>Die Firma Plavi bob d.o.o. mit Sitz in\u00a0Riva 6, 21405 Milna, handelnd als Agentur, verpflichtet sich, alle vom Kunden auf der Website www.seayou.com erworbenen Reisedienstleistungen gem\u00e4\u00df den Allgemeinen Gesch\u00e4ftsbedingungen anzubieten. Der Kunde ist verpflichtet, alle Informationen bereitzustellen, die f\u00fcr den Reservierungsprozess erforderlich sind.<\/p><h2><strong>RESERVIERUNG &amp; ZAHLUNG<\/strong><\/h2><p>Um eine ONLINE-Reservierung\/Buchung \u00fcber das Buchungssystem der Agentur zu best\u00e4tigen, ist eine Buchungsanzahlung oder die Zahlung des Gesamtbetrags erforderlich. Nach Zahlungseingang erhalten Sie eine Best\u00e4tigungs-E-Mail mit Reisedetails und einem mobilen Voucher.<\/p><p>Die Zahlung \u00fcber das Buchungssystem der Agentur-Webseite erfolgt per Kreditkarte oder PayPal.<\/p><h2><strong>PREISGESTALTUNG UND INHALT<\/strong><\/h2><p>Die auf der Website angezeigten Preise sind die offiziellen Preise f\u00fcr die angebotenen Dienstleistungen. Die Agentur beh\u00e4lt sich das Recht vor, Preisanpassungen vorzunehmen, falls es zu drastischen Ver\u00e4nderungen aufgrund von Treibstoffkosten oder anderen Dienstleistungen kommt.<\/p><p>\u00a0<\/p><p><strong>STORNIERUNGSBEDINGUNGEN<\/strong><\/p><p><strong>Kundenstornierung<\/strong><\/p><p>ALLE Stornierungen m\u00fcssen schriftlich per E-Mail erfolgen.<\/p><p>Flexible Stornierungsbedingungen: Bei Stornierungen, die bis zu 24 Stunden vor dem Datum der gebuchten Tour, des Transfers oder der Bootsvermietung stattfinden, wird die Anzahlung vollst\u00e4ndig zur\u00fcckerstattet.<\/p><p>Die geleistete Buchungsanzahlung von 20% des Gesamtbetrags wird nicht erstattet, wenn die Tour, der Transfer oder die Bootsvermietung nicht wahrgenommen werden oder weniger als 24 Stunden vor Beginn storniert werden.<\/p><p><strong>Agentur-Stornierung<\/strong><\/p><p>Die Agentur beh\u00e4lt sich das Recht vor, die Route zu \u00e4ndern oder die Reise aufgrund schlechter Wetterbedingungen abzusagen.<\/p><p>Im Falle extremerseay Wetterbedingungen, die unerwartet w\u00e4hrend einer <strong>bereits laufenden Tour<\/strong> auftreten, beh\u00e4lt sich die Agentur das Recht vor, die Route aus Sicherheitsgr\u00fcnden ohne vorherige Ank\u00fcndigung zu \u00e4ndern.<\/p><p>Im Falle von wesentlichen \u00c4nderungen oder Stornierungen eines bestimmten Teils der <strong>Tour, die noch nicht begonnen hat<\/strong>, wird die Agentur den Kunden rechtzeitig vor Beginn der Tour informieren und folgende Optionen anbieten:<\/p><ol><li>a) Der Kunde hat die M\u00f6glichkeit, die alternative Tour anzunehmen.<\/li><li>b) Der Kunde kann ohne Stornogeb\u00fchren stornieren.<\/li><li>c) Der Kunde kann die urspr\u00fcnglich gebuchte Tour auf den n\u00e4chsten verf\u00fcgbaren Termin verschieben.<\/li><\/ol><p>Die Zeitplanung der Touren ist vorl\u00e4ufig und kann entsprechend der aktuellen Situation und den Bedingungen auf See angepasst werden.<\/p><p><strong>Mindestanzahl der Teilnehmer<\/strong><\/p><p>Die Agentur beh\u00e4lt sich das Recht vor, die Tour abzusagen oder umzuplanen, wenn die Mindestteilnehmerzahl f\u00fcr eine Gruppentour nicht erreicht wird.<\/p><h2>\u00a0<\/h2><h2><strong>INFORMATIONSSICHERHEIT<\/strong><\/h2><p>Um eine Buchung abzuschlie\u00dfen, bitten wir unsere Kunden um pers\u00f6nliche Informationen (Name, Telefonnummer und E-Mail-Adresse). Diese Informationen werden niemals an Dritte weitergegeben und ausschlie\u00dflich von der Marketingabteilung der Plavi bob d.o.o., Riva 6, 21405 Milna verwendet.<\/p><p>Lesen Sie mehr: <a href=\"https:\/\/seayou.com\/privacy-policy\/\">DATENSCHUTZRICHTLINIE <\/a><\/p><h2><strong>\u00c4NDERUNGEN<\/strong><\/h2><p>Plavi bob d.o.o., Riva 6, 21405 Milna\u00a0beh\u00e4lt sich das Recht vor, diese Nutzungsbedingungen f\u00fcr ihre Website jederzeit und ohne vorherige Ank\u00fcndigung zu \u00fcberarbeiten. Durch die Nutzung dieser Website erkl\u00e4ren Sie sich damit einverstanden, an die jeweils aktuelle Version dieser Nutzungsbedingungen gebunden zu sein.<\/p><h2><strong>BESCHWERDEN UND R\u00dcCKERSTATTUNG<\/strong><\/h2><p>Falls Sie aus irgendeinem Grund mit unseren Dienstleistungen nicht vollst\u00e4ndig zufrieden sind, bitten wir Sie, sich innerhalb von 7 Tagen nach Abschluss der Tour mit unseren Mitarbeitern in Verbindung zu setzen.<\/p><p>Eine Erstattung wird in Erw\u00e4gung gezogen, sofern die Tourdienstleistungen unvollst\u00e4ndig oder unterhalb des Standards erbracht wurden. Der Kunde hat das Recht, eine R\u00fcckerstattung in voller H\u00f6he des tats\u00e4chlichen Wertes der nicht erbrachten Dienstleistung zu erhalten.<\/p><p class=\"Normal\">\u00a0<\/p>\t\t\t\t\t\t\t\t<\/div>\n\t\t\t\t<\/div>\n\t\t\t\t\t<\/div>\n\t\t<\/div>\n\t\t\t\t\t<\/div>\n\t\t<\/section>\n\t\t\t\t<\/div>\n\t\t","protected":false},"excerpt":{"rendered":"<p>Home AGB GENERELL Durch den Zugriff auf die Website und das Aufgeben einer Bestellung bei Plavi bob d.o.o., Riva 6, 21405 Milna, best\u00e4tigen Sie, dass Sie mit den unten aufgef\u00fchrten Allgemeinen Gesch\u00e4ftsbedingungen einverstanden und daran gebunden sind. Diese Bedingungen gelten f\u00fcr die gesamte Webseite sowie f\u00fcr jegliche E-Mail oder andere Art der Kommunikation zwischen Ihnen [&hellip;]<\/p>\n","protected":false},"author":3,"featured_media":0,"parent":0,"menu_order":0,"comment_status":"closed","ping_status":"closed","template":"","meta":{"_joinchat":[],"footnotes":""},"class_list":["post-12571","page","type-page","status-publish","hentry"],"_links":{"self":[{"href":"https:\/\/seayou.com\/de\/wp-json\/wp\/v2\/pages\/12571","targetHints":{"allow":["GET"]}}],"collection":[{"href":"https:\/\/seayou.com\/de\/wp-json\/wp\/v2\/pages"}],"about":[{"href":"https:\/\/seayou.com\/de\/wp-json\/wp\/v2\/types\/page"}],"author":[{"embeddable":true,"href":"https:\/\/seayou.com\/de\/wp-json\/wp\/v2\/users\/3"}],"replies":[{"embeddable":true,"href":"https:\/\/seayou.com\/de\/wp-json\/wp\/v2\/comments?post=12571"}],"version-history":[{"count":3,"href":"https:\/\/seayou.com\/de\/wp-json\/wp\/v2\/pages\/12571\/revisions"}],"predecessor-version":[{"id":16170,"href":"https:\/\/seayou.com\/de\/wp-json\/wp\/v2\/pages\/12571\/revisions\/16170"}],"wp:attachment":[{"href":"https:\/\/seayou.com\/de\/wp-json\/wp\/v2\/media?parent=12571"}],"curies":[{"name":"wp","href":"https:\/\/api.w.org\/{rel}","templated":true}]}}